{"id":10297,"date":"2025-08-11T16:37:18","date_gmt":"2025-08-11T14:37:18","guid":{"rendered":"https:\/\/clorian.com\/?page_id=10297"},"modified":"2025-08-14T11:39:45","modified_gmt":"2025-08-14T09:39:45","slug":"declaracio-daccesibilitat","status":"publish","type":"page","link":"https:\/\/clorian.com\/ca\/declaracio-daccesibilitat\/","title":{"rendered":"Declaraci\u00f3 d&#8217;accesibilitat"},"content":{"rendered":"<p>\r\n<section class=\"sh-section sh-section-c84bf8bd8ea24e3f9e10cf7b04537d82 fw-main-row header_title sh-section-visibility-everywhere\">\r\n\t\r\n\t\r\n\t<div class=\"sh-section-container container-fluid\">\r\n\t\t<div class=\"fw-row\">\n\t\r\n<div class=\"sh-column sh-column-dee342c786194847debb144e842e16c2 fw-col-xs-12 container_inner\" >\r\n\r\n\t\r\n\t<div class=\"sh-column-wrapper\">\r\n\t\t\r\n<div id=\"text-block-db4c4475275e3bb8d1f2d547de7b4fae\" class=\"sh-text-block\">\r\n\t<p><div id=\"breadcrumbs\" class=\"breadcrumb-trail breadcrumbs\"><span class=\"item-home\"><a class=\"bread-link bread-home\" href=\"https:\/\/clorian.com\/ca\/\" title=\"Inici\">Inici<\/a><\/span><span class=\"separator\"> &gt; <\/span><span class=\"item-current\"><span class=\"bread-current\">Declaraci\u00f3 d&#8217;accesibilitat<\/span><\/span><\/div><\/p><\/div>\r\n\t<\/div>\r\n\r\n\r\n\t\t\r\n\r\n<\/div>\r\n<\/div>\n\n\t<\/div>\r\n<\/section>\r\n\r\n<section class=\"sh-section sh-section-95c11961bb3db6600e693a3fa017c564 fw-main-row legal_text sh-section-visibility-everywhere\">\r\n\t\r\n\t\r\n\t<div class=\"sh-section-container container\">\r\n\t\t<div class=\"fw-row\">\n\t\r\n<div class=\"sh-column sh-column-bce866ea43e3be4344a67f1c56b0d56a fw-col-xs-12\" >\r\n\r\n\t\r\n\t<div class=\"sh-column-wrapper\">\r\n\t\t\r\n<div id=\"text-block-531719c3763b1ed79fd6a820ef4d3d5b\" class=\"sh-text-block\">\r\n\t<h1>Declaraci\u00f3 d\u2019accessibilitat<\/h1><p>Aquesta declaraci\u00f3 d\u2019accessibilitat s\u2019aplica als llocs web sota la plataforma Clorian.<\/p><p>Cada un d\u2019aquests llocs web pot tenir la seva pr\u00f2pia declaraci\u00f3 d\u2019accessibilitat.<\/p><h2>Situaci\u00f3 de compliment<\/h2><p>Aquest lloc web \u00e9s <strong>parcialment conforme<\/strong> amb les Directrius d\u2019Accessibilitat per al Contingut Web (WCAG) 2.1 nivell AA, a causa de la manca de conformitat dels aspectes que s\u2019indiquen a continuaci\u00f3.<\/p><h2>Contingut no accessible<\/h2><p>El contingut que es recull a continuaci\u00f3 no \u00e9s accessible per les raons seg\u00fcents:<\/p><ul><li><strong>Manca de conformitat amb el Reial decret 1112\/2018:<\/strong> Algunes p\u00e0gines poden contenir:<ul><li>Controls interactius sense etiquetes adequades per a tecnologies d\u2019assist\u00e8ncia.<\/li><li>Documents PDF o contingut multim\u00e8dia sense alternatives accessibles, com pot ser alguns dels v\u00eddeos incrustats.<\/li><li>Contrastos de color insuficients en elements secundaris.<\/li><\/ul><\/li><li><strong>C\u00e0rrega desproporcionada:<\/strong> No aplica.<\/li><li><strong>El contingut no entra dins l\u2019\u00e0mbit de la legislaci\u00f3 aplicable:<\/strong> Alguns continguts de tercers, no finan\u00e7ats ni desenvolupats per la nostra organitzaci\u00f3, podrien no complir plenament amb els requisits d\u2019accessibilitat.<\/li><\/ul><h2>Preparaci\u00f3 d\u2019aquesta declaraci\u00f3 d\u2019accessibilitat<\/h2><p>Aquesta declaraci\u00f3 va ser preparada el <strong>15 d\u2019abril de 2025<\/strong>.<\/p><p>El m\u00e8tode utilitzat per preparar la declaraci\u00f3 ha estat una <strong>autoavaluaci\u00f3 interna<\/strong> amb el suport d\u2019eines autom\u00e0tiques i revisi\u00f3 manual sobre una mostra representativa dels diferents llocs web.<\/p><h2>Observacions i dades de contacte<\/h2><p>Pot realitzar comunicacions sobre requisits d\u2019accessibilitat (article 10.2.a del RD 1112\/2018) com:<\/p><ul><li>Informar sobre qualsevol possible incompliment per part d\u2019aquest lloc web.<\/li><li>Transmetre altres dificultats d\u2019acc\u00e9s al contingut.<\/li><li>Formular qualsevol altra consulta o suggeriment de millora relativa a l\u2019accessibilitat del lloc web.<\/li><\/ul><p>A trav\u00e9s del canal de contacte seg\u00fcent: <a href=\"mailto:accesibilidad@clorian.com\">accesibilidad@clorian.com<\/a><\/p><h2>Contingut opcional<\/h2><p>Estem compromesos amb la millora cont\u00ednua de l\u2019accessibilitat i treballem activament per resoldre les \u00e0rees identificades com a no conformes. El nostre objectiu \u00e9s assolir un nivell complet d\u2019accessibilitat AA en les properes iteracions del lloc.<\/p><p><strong>\u00daltima revisi\u00f3 de la declaraci\u00f3:<\/strong> 15 d\u2019abril de 2025.<\/p><\/div>\r\n\t<\/div>\r\n\r\n\r\n\t\t\r\n\r\n<\/div>\r\n<\/div>\n\n\t<\/div>\r\n<\/section>\r\n<\/p>\n","protected":false},"excerpt":{"rendered":"<p>Inici &gt; Declaraci\u00f3 d&#8217;accesibilitat Declaraci\u00f3 d\u2019accessibilitatAquesta declaraci\u00f3 d\u2019accessibilitat s\u2019aplica als llocs web sota la plataforma Clorian.Cada un d\u2019aquests llocs web pot tenir la seva pr\u00f2pia declaraci\u00f3 d\u2019accessibilitat.Situaci\u00f3 de complimentAquest lloc web \u00e9s parcialment conforme amb les Directrius d\u2019Accessibilitat per al Contingut Web (WCAG) 2.1 nivell&#8230;<\/p>\n","protected":false},"author":1,"featured_media":0,"parent":0,"menu_order":0,"comment_status":"closed","ping_status":"closed","template":"","meta":{"footnotes":""},"class_list":["post-10297","page","type-page","status-publish","hentry"],"_links":{"self":[{"href":"https:\/\/clorian.com\/ca\/wp-json\/wp\/v2\/pages\/10297","targetHints":{"allow":["GET"]}}],"collection":[{"href":"https:\/\/clorian.com\/ca\/wp-json\/wp\/v2\/pages"}],"about":[{"href":"https:\/\/clorian.com\/ca\/wp-json\/wp\/v2\/types\/page"}],"author":[{"embeddable":true,"href":"https:\/\/clorian.com\/ca\/wp-json\/wp\/v2\/users\/1"}],"replies":[{"embeddable":true,"href":"https:\/\/clorian.com\/ca\/wp-json\/wp\/v2\/comments?post=10297"}],"version-history":[{"count":2,"href":"https:\/\/clorian.com\/ca\/wp-json\/wp\/v2\/pages\/10297\/revisions"}],"predecessor-version":[{"id":10451,"href":"https:\/\/clorian.com\/ca\/wp-json\/wp\/v2\/pages\/10297\/revisions\/10451"}],"wp:attachment":[{"href":"https:\/\/clorian.com\/ca\/wp-json\/wp\/v2\/media?parent=10297"}],"curies":[{"name":"wp","href":"https:\/\/api.w.org\/{rel}","templated":true}]}}