{"id":2611,"date":"2020-07-20T16:55:54","date_gmt":"2020-07-20T14:55:54","guid":{"rendered":"http:\/\/clorian.kinsta.cloud\/servicios\/"},"modified":"2023-02-21T09:51:19","modified_gmt":"2023-02-21T07:51:19","slug":"serveis","status":"publish","type":"page","link":"https:\/\/clorian.com\/ca\/serveis\/","title":{"rendered":"Serveis"},"content":{"rendered":"<p>\r\n<section class=\"sh-section sh-section-e25ecb9cf35d69ee6121e1c041b80e24 fw-main-row header_title sh-section-visibility-everywhere\">\r\n\t\r\n\t\r\n\t<div class=\"sh-section-container container-fluid\">\r\n\t\t<div class=\"fw-row\">\n\t\r\n<div class=\"sh-column sh-column-6bc0d30296a57ec16435e66497cefb27 fw-col-xs-12 container_inner\" >\r\n\r\n\t\r\n\t<div class=\"sh-column-wrapper\">\r\n\t\t\r\n<div id=\"text-block-2f86a48c69b9308549b6cab703d91a92\" class=\"sh-text-block\">\r\n\t<p>Clorian \u00e9s una companyia de serveis de ticketing l\u00edder en la venda d'entrades. Oferim un servei integral, eficient i amb les \u00faltimes novetats tecnol\u00f2giques. <\/p><\/div>\r\n\t<\/div>\r\n\r\n\r\n\t\t\r\n\r\n<\/div>\r\n<\/div>\n\n\t<\/div>\r\n<\/section>\r\n\r\n<section class=\"sh-section sh-section-56567af6f466fc590944cc59b51a61ef fw-main-row header_title sh-section-visibility-everywhere\">\r\n\t\r\n\t\r\n\t<div class=\"sh-section-container container-fluid\">\r\n\t\t<div class=\"fw-row\">\n\t\r\n<div class=\"sh-column sh-column-e126675be6610f937a5c2e9214d378fb fw-col-xs-12 container_inner\" >\r\n\r\n\t\r\n\t<div class=\"sh-column-wrapper\">\r\n\t\t\r\n<div id=\"text-block-5a8000f514b4da3261d211c4bffe3d4b\" class=\"sh-text-block\">\r\n\t<p><div id=\"breadcrumbs\" class=\"breadcrumb-trail breadcrumbs\"><span class=\"item-home\"><a class=\"bread-link bread-home\" href=\"https:\/\/clorian.com\/ca\/\" title=\"Inici\">Inici<\/a><\/span><span class=\"separator\"> &gt; <\/span><span class=\"item-current\"><span class=\"bread-current\">Serveis<\/span><\/span><\/div><\/p><p>&nbsp;<\/p><\/div>\r\n\t<\/div>\r\n\r\n\r\n\t\t\r\n\r\n<\/div>\r\n<\/div>\n\n\t<\/div>\r\n<\/section>\r\n\r\n<section class=\"sh-section sh-section-82b53068c124d8cbd670e5ffcda9d14b fw-main-row servicios sh-section-visibility-everywhere\">\r\n\t\r\n\t\r\n\t<div class=\"sh-section-container container\">\r\n\t\t<div class=\"fw-row\">\n\t\r\n<div class=\"sh-column sh-column-91ffecb094497462c0c0718861866278 fw-col-xs-12 fw-col-sm-4\" >\r\n\r\n\t\r\n\t<div class=\"sh-column-wrapper\">\r\n\t\t\n<div id=\"single-image-b159c170285f8ffc5b4052acbfcf60a6\" class=\"sh-single-image  \" data-tag=\"\"0\"\" data-extratag=\"\">\n\t<div class=\"sh-element-margin\">\n\t\t\n\t\t\n\t\t\t<div class=\"sh-single-image-container\">\n\t\t\t\t\t\t\t\t\t\n\t\t\t\t\t\t\t\t\t\t\t\t\t<img decoding=\"async\" class=\"sh-image-url\" src=\"https:\/\/clorian.com\/wp-content\/uploads\/2021\/02\/auto-servicio.png\" alt=\"auto-servicio\" \/>\n\t\t\t\t\t\t\t\t\t\t\t\t\t\n\t\t\t\t\t\t\t\t\t\n\t\t\t\t\t\t\t<\/div>\n\n\t\t\n\t<\/div>\n<\/div>\t<\/div>\r\n\r\n\r\n\t\t\r\n\r\n<\/div>\r\n\r\n<div class=\"sh-column sh-column-6ba63bb75d457bb1a242a665c58b0c9c fw-col-xs-12 fw-col-sm-8\" >\r\n\r\n\t\r\n\t<div class=\"sh-column-wrapper\">\r\n\t\t\r\n<div id=\"text-block-08f4ac88d8c24cef77373fac9861c5f2\" class=\"sh-text-block\">\r\n\t<h2>Servei de Ticketing<\/h2><\/div>\r\n\r\n<div id=\"text-block-fe4f99afc04f42094cb642a42da377ba\" class=\"sh-text-block subtitle\">\r\n\t<p>El nostre servei de ticketing contempla, entre d'altres, els seg\u00fcents aspectes:<\/p><\/div>\r\n\r\n<div id=\"text-block-0a7e3bbd0fe46bab4fb10134a3415d23\" class=\"sh-text-block\">\r\n\t<ul><li>Responsable de projecte que dona servei de suport funcional i de negoci per definir noves estrat\u00e8gies de comercialitzaci\u00f3, disseny de productes i millora de processos de venda.<\/li><li>P\u00e0gina web i altres eines de comunicaci\u00f3 amb el look & feel de la teva marca.<\/li><li>Un backoffice d'administraci\u00f3 on tindr\u00e0s acc\u00e9s a tota la configuraci\u00f3 i podr\u00e0s gestionar el teu recinte de manera aut\u00f2noma.<\/li><li>Integraci\u00f3 amb la nostra xarxa de distribu\u00efdors i amb els principals prove\u00efdors per mitj\u00e0 de la nostra API.<\/li><li>Acc\u00e9s total a les dades amb el nostre m\u00f2dul de Reporting.<\/li><li>Sistema de control d'acc\u00e9s.<\/li><li>Processos de facturaci\u00f3 autom\u00e0tica.<\/li><li>Suport t\u00e8cnic davant de possibles incid\u00e8ncies en l'\u00fas de la plataforma.<\/li><li>M\u00f2dul propi d'afiliaci\u00f3<\/li><\/ul><\/div>\r\n\t<\/div>\r\n\r\n\r\n\t\t\r\n\r\n<\/div>\r\n<\/div>\n\n\t<\/div>\r\n<\/section>\r\n\r\n<section class=\"sh-section sh-section-f9998eef692fb064e2ea87fb86b50369 fw-main-row servicios sh-section-visibility-everywhere\">\r\n\t\r\n\t\r\n\t<div class=\"sh-section-container container\">\r\n\t\t<div class=\"fw-row\">\n\t\r\n<div class=\"sh-column sh-column-44c62f70941268f5249ad57206031ea6 fw-col-xs-12 fw-col-sm-8 hidden_icon_desktop\" >\r\n\r\n\t\r\n\t<div class=\"sh-column-wrapper\">\r\n\t\t\n<div id=\"single-image-4207f9d83bb8a1ce24e037a19ddde0ee\" class=\"sh-single-image  \" data-tag=\"\"0\"\" data-extratag=\"\">\n\t<div class=\"sh-element-margin\">\n\t\t\n\t\t\n\t\t\t<div class=\"sh-single-image-container\">\n\t\t\t\t\t\t\t\t\t\n\t\t\t\t\t\t\t\t\t\t\t\t\t<img decoding=\"async\" class=\"sh-image-url\" src=\"https:\/\/clorian.com\/wp-content\/uploads\/2021\/02\/atencion.png\" alt=\"atencion\" \/>\n\t\t\t\t\t\t\t\t\t\t\t\t\t\n\t\t\t\t\t\t\t\t\t\n\t\t\t\t\t\t\t<\/div>\n\n\t\t\n\t<\/div>\n<\/div>\r\n<div id=\"text-block-2d0901c8c0c631adad648507bd8a1e37\" class=\"sh-text-block\">\r\n\t<h2>Servei d'Atenci\u00f3 al Client<\/h2><\/div>\r\n\r\n<div id=\"text-block-07bc73ec97a52f88c1f5de00f8d2456a\" class=\"sh-text-block subtitle\">\r\n\t<p>Clorian disposa d'un centre de Customer Service propi des del qual donem servei personalitzat als nostres clients. <\/p><\/div>\r\n\r\n<div id=\"text-block-3d1e1d18c521e9419b7f097fb14d7a04\" class=\"sh-text-block\">\r\n\t<ul><li>Oferim informaci\u00f3 general al comprador sobre la visita.<\/li><li>Proporcionem suport en la gesti\u00f3 de les reserves de compradors individuals, grups o escoles. <\/li><li>Centraleta digital amb b\u00fastia de veu i altres serveis.<\/li><li>Procediments operatius i reporting mensual. <\/li><li>Oferim un ventall ampli d'idiomes: castell\u00e0, angl\u00e8s, franc\u00e8s, itali\u00e0, catal\u00e0, gallec i portugu\u00e8s.<\/li><li>El servei est\u00e0 disponible els 7 dies de la setmana.<\/li><\/ul><\/div>\r\n\t<\/div>\r\n\r\n\r\n\t\t\r\n\r\n<\/div>\r\n\r\n<div class=\"sh-column sh-column-327b0d182f4512838d32a2063294b6cb fw-col-xs-12 fw-col-sm-4 hidden_mobile\" >\r\n\r\n\t\r\n\t<div class=\"sh-column-wrapper\">\r\n\t\t\n<div id=\"single-image-b0d388cef82eb1da705263d94f62f4ac\" class=\"sh-single-image  \" data-tag=\"\"0\"\" data-extratag=\"\">\n\t<div class=\"sh-element-margin\">\n\t\t\n\t\t\n\t\t\t<div class=\"sh-single-image-container\">\n\t\t\t\t\t\t\t\t\t\n\t\t\t\t\t\t\t\t\t\t\t\t\t<img decoding=\"async\" class=\"sh-image-url\" src=\"https:\/\/clorian.com\/wp-content\/uploads\/2021\/02\/atencion.png\" alt=\"atencion\" \/>\n\t\t\t\t\t\t\t\t\t\t\t\t\t\n\t\t\t\t\t\t\t\t\t\n\t\t\t\t\t\t\t<\/div>\n\n\t\t\n\t<\/div>\n<\/div>\t<\/div>\r\n\r\n\r\n\t\t\r\n\r\n<\/div>\r\n<\/div>\n\n\t<\/div>\r\n<\/section>\r\n\r\n<section class=\"sh-section sh-section-ba25d87e0a8135b8a081280801f2b9fc fw-main-row servicios sh-section-visibility-everywhere\">\r\n\t\r\n\t\r\n\t<div class=\"sh-section-container container\">\r\n\t\t<div class=\"fw-row\">\n\t\r\n<div class=\"sh-column sh-column-fc7f108c97edecf2be9837146fdf1363 fw-col-xs-12 hidden_icon_desktop\" >\r\n\r\n\t\r\n\t<div class=\"sh-column-wrapper\">\r\n\t\t\n<div id=\"single-image-c17d1b9f73a2888d16393828baabb732\" class=\"sh-single-image  \" data-tag=\"\"0\"\" data-extratag=\"\">\n\t<div class=\"sh-element-margin\">\n\t\t\n\t\t\n\t\t\t<div class=\"sh-single-image-container\">\n\t\t\t\t\t\t\t\t\t\n\t\t\t\t\t\t\t\t\t\t\t\t\t<img decoding=\"async\" class=\"sh-image-url\" src=\"https:\/\/clorian.com\/wp-content\/uploads\/2021\/02\/provision.png\" alt=\"provision\" \/>\n\t\t\t\t\t\t\t\t\t\t\t\t\t\n\t\t\t\t\t\t\t\t\t\n\t\t\t\t\t\t\t<\/div>\n\n\t\t\n\t<\/div>\n<\/div>\r\n<div id=\"text-block-9e02f023be222418f7f3f0228dda2b50\" class=\"sh-text-block\">\r\n\t<h2 style=\"text-align: center;\">Provisi\u00f3 de hardware<\/h2><\/div>\r\n\r\n<div id=\"text-block-b7b7d18cfee34b3701757a2fe9e6736a\" class=\"sh-text-block subtitle\">\r\n\t<p style=\"text-align: center;\">Prove\u00efm del hardware necessari pels diferents punts de venda f\u00edsics o m\u00f2bils, i pels punts de validaci\u00f3 i control d'acc\u00e9s.<\/p><p style=\"text-align: center;\">Ens podem integrar en diferents sistemes de torns pel control d'acc\u00e9s. <\/p><\/div>\r\n\t<\/div>\r\n\r\n\r\n\t\t\r\n\r\n<\/div>\r\n<\/div>\n\n<div class=\"fw-row\">\n\t\r\n<div class=\"sh-column sh-column-88c84aba8fefd9c6f9448ffa5eda0dc3 fw-col-xs-12 hidden_mobile\" >\r\n\r\n\t\r\n\t<div class=\"sh-column-wrapper\">\r\n\t\t\n<div id=\"single-image-7ba59685ee611af77f51ba64e15e612f\" class=\"sh-single-image  \" data-tag=\"\"0\"\" data-extratag=\"\">\n\t<div class=\"sh-element-margin\">\n\t\t\n\t\t\n\t\t\t<div class=\"sh-single-image-container\">\n\t\t\t\t\t\t\t\t\t\n\t\t\t\t\t\t\t\t\t\t\t\t\t<img decoding=\"async\" class=\"sh-image-url\" src=\"https:\/\/clorian.com\/wp-content\/uploads\/2021\/02\/provision.png\" alt=\"provision\" \/>\n\t\t\t\t\t\t\t\t\t\t\t\t\t\n\t\t\t\t\t\t\t\t\t\n\t\t\t\t\t\t\t<\/div>\n\n\t\t\n\t<\/div>\n<\/div>\t<\/div>\r\n\r\n\r\n\t\t\r\n\r\n<\/div>\r\n<\/div>\n\n\t<\/div>\r\n<\/section>\r\n\r\n<section class=\"sh-section sh-section-378ff7ac8db76a3855627d1a18a3667b fw-main-row servicios sh-section-visibility-everywhere\">\r\n\t\r\n\t\r\n\t<div class=\"sh-section-container container\">\r\n\t\t<div class=\"fw-row\">\n\t\r\n<div class=\"sh-column sh-column-9c63431de2df1397a934bccf61f7fa79 fw-col-xs-12 fw-col-sm-4\" >\r\n\r\n\t\r\n\t<div class=\"sh-column-wrapper\">\r\n\t\t\n<div id=\"single-image-a6256698c6afa024e5293f7e4fe8b5cc\" class=\"sh-single-image  \" data-tag=\"\"0\"\" data-extratag=\"\">\n\t<div class=\"sh-element-margin\">\n\t\t\n\t\t\n\t\t\t<div class=\"sh-single-image-container\">\n\t\t\t\t\t\t\t\t\t\n\t\t\t\t\t\t\t\t\t\t\t\t\t<img decoding=\"async\" class=\"sh-image-url\" src=\"https:\/\/clorian.com\/wp-content\/uploads\/2021\/02\/consultoria.png\" alt=\"consultoria\" \/>\n\t\t\t\t\t\t\t\t\t\t\t\t\t\n\t\t\t\t\t\t\t\t\t\n\t\t\t\t\t\t\t<\/div>\n\n\t\t\n\t<\/div>\n<\/div>\t<\/div>\r\n\r\n\r\n\t\t\r\n\r\n<\/div>\r\n\r\n<div class=\"sh-column sh-column-42c4c9a7aa89424440d6de958372fb9f fw-col-xs-12 fw-col-sm-8\" >\r\n\r\n\t\r\n\t<div class=\"sh-column-wrapper\">\r\n\t\t\r\n<div id=\"text-block-3f02cca01f5ed4f80f893bf452873124\" class=\"sh-text-block\">\r\n\t<h2>Serveis de Consultoria<\/h2><\/div>\r\n\r\n<div id=\"text-block-184e51a06dac5705644fb4b354f5b92f\" class=\"sh-text-block\">\r\n\t<ul><li>Realitzem projectes de consultoria i assessorament relacionats amb el servei de ticketing i el tractament de les dades.<\/li><li>Suport d'integraci\u00f3 amb GTM i d'anal\u00edtica web.<\/li><li>Integracions amb sistemes de CRM (tipus SalesForce). <\/li><li>Serveis de comptabilitat i facturaci\u00f3. Oferim tamb\u00e9 les integracions amb sistemes comptables.<\/li><li>Suport, integracions i sistemes de fidelitzaci\u00f3.<\/li><\/ul><\/div>\r\n\t<\/div>\r\n\r\n\r\n\t\t\r\n\r\n<\/div>\r\n<\/div>\n\n\t<\/div>\r\n<\/section>\r\n\r\n<section class=\"sh-section sh-section-318e1a2a1469845910a54ebe96a8a945 fw-main-row contact-block sh-section-visibility-everywhere\">\r\n\t\t\t<div class=\"sh-section-overlay-318e1a2a1469845910a54ebe96a8a945 sh-section-overlay-front\"><\/div>\r\n\t\r\n\t\r\n\t<div class=\"sh-section-container container-fluid section-justify-height\">\r\n\t\t<div class=\"fw-row\">\n\t\r\n<div class=\"sh-column sh-column-a861f0642aa6be2450d984e864a08974 fw-col-xs-12\" >\r\n\r\n\t\r\n\t<div class=\"sh-column-wrapper\">\r\n\t\t\r\n<div id=\"text-block-58d82c1106ceec996c6d8883e723114e\" class=\"sh-text-block\">\r\n\t<h2 style=\"text-align: center;\">Preparat per a millorar el teu ticketing?<\/h2><\/div>\r\n\t<\/div>\r\n\r\n\r\n\t\t\r\n\r\n<\/div>\r\n<\/div>\n\n<div class=\"fw-row\">\n\t\r\n<div class=\"sh-column sh-column-3e9ed7460be14b70ce0b01d875013fed fw-col-xs-12\" >\r\n\r\n\t\r\n\t<div class=\"sh-column-wrapper\">\r\n\t\t\r\n<div id=\"button-62ea1ff845c69c2a62ca894522631ff8\" class=\"sh-button-container  sh-button-style-1\">\r\n\t<div class=\"sh-element-margin\">\r\n\t\t<a href=\"\/ca\/contacte\" target=\"_self\" class=\"sh-button sh-button-medium \">\r\n\r\n\t\t\t\r\n\t\t\t\t\t\t\t<span class=\"sh-button-text\">\r\n\t\t\t\t\tHo comencem a planificar?\t\t\t\t<\/span>\r\n\t\t\t\r\n\t\t\t\r\n\t\t<\/a>\r\n\t\t\t<\/div>\r\n<\/div>\r\n\t<\/div>\r\n\r\n\r\n\t\t\r\n\r\n<\/div>\r\n<\/div>\n\n\t<\/div>\r\n<\/section>\r\n<\/p>\n","protected":false},"excerpt":{"rendered":"<p>Clorian \u00e9s una companyia de serveis de ticketing l\u00edder en la venda d&#8217;entrades. Oferim un servei integral, eficient i amb les \u00faltimes novetats tecnol\u00f2giques. Inici &gt; Serveis&nbsp; Servei de Ticketing El nostre servei de ticketing contempla, entre d&#8217;altres, els seg\u00fcents aspectes: Responsable de projecte que&#8230;<\/p>\n","protected":false},"author":1,"featured_media":0,"parent":0,"menu_order":0,"comment_status":"closed","ping_status":"closed","template":"","meta":{"footnotes":""},"class_list":["post-2611","page","type-page","status-publish","hentry"],"_links":{"self":[{"href":"https:\/\/clorian.com\/ca\/wp-json\/wp\/v2\/pages\/2611","targetHints":{"allow":["GET"]}}],"collection":[{"href":"https:\/\/clorian.com\/ca\/wp-json\/wp\/v2\/pages"}],"about":[{"href":"https:\/\/clorian.com\/ca\/wp-json\/wp\/v2\/types\/page"}],"author":[{"embeddable":true,"href":"https:\/\/clorian.com\/ca\/wp-json\/wp\/v2\/users\/1"}],"replies":[{"embeddable":true,"href":"https:\/\/clorian.com\/ca\/wp-json\/wp\/v2\/comments?post=2611"}],"version-history":[{"count":6,"href":"https:\/\/clorian.com\/ca\/wp-json\/wp\/v2\/pages\/2611\/revisions"}],"predecessor-version":[{"id":4953,"href":"https:\/\/clorian.com\/ca\/wp-json\/wp\/v2\/pages\/2611\/revisions\/4953"}],"wp:attachment":[{"href":"https:\/\/clorian.com\/ca\/wp-json\/wp\/v2\/media?parent=2611"}],"curies":[{"name":"wp","href":"https:\/\/api.w.org\/{rel}","templated":true}]}}