{"id":2698,"date":"2020-06-14T08:45:09","date_gmt":"2020-06-14T08:45:09","guid":{"rendered":"http:\/\/clorian.kinsta.cloud\/politica-cookies\/"},"modified":"2025-08-14T11:46:53","modified_gmt":"2025-08-14T09:46:53","slug":"politica-cookies","status":"publish","type":"page","link":"https:\/\/clorian.com\/ca\/politica-cookies\/","title":{"rendered":"Pol\u00edtica de cookies"},"content":{"rendered":"<p>\r\n<section class=\"sh-section sh-section-b62f659550801f2b3ac6ebe2fbab16ac fw-main-row header_title sh-section-visibility-everywhere\">\r\n\t\r\n\t\r\n\t<div class=\"sh-section-container container-fluid\">\r\n\t\t<div class=\"fw-row\">\n\t\r\n<div class=\"sh-column sh-column-b371059a3ca0f5900fff74b894312c3d fw-col-xs-12 container_inner\" >\r\n\r\n\t\r\n\t<div class=\"sh-column-wrapper\">\r\n\t\t\r\n<div id=\"text-block-c6b22414d73863da6629f2434d325f22\" class=\"sh-text-block\">\r\n\t<p><div id=\"breadcrumbs\" class=\"breadcrumb-trail breadcrumbs\"><span class=\"item-home\"><a class=\"bread-link bread-home\" href=\"https:\/\/clorian.com\/ca\/\" title=\"Inici\">Inici<\/a><\/span><span class=\"separator\"> &gt; <\/span><span class=\"item-current\"><span class=\"bread-current\">Pol\u00edtica de cookies<\/span><\/span><\/div><\/p><p>&nbsp;<\/p><\/div>\r\n\t<\/div>\r\n\r\n\r\n\t\t\r\n\r\n<\/div>\r\n<\/div>\n\n\t<\/div>\r\n<\/section>\r\n\r\n<section class=\"sh-section sh-section-c95c4a37d57cdf0c41e3253f6e56df50 fw-main-row legal_text sh-section-visibility-everywhere\">\r\n\t\r\n\t\r\n\t<div class=\"sh-section-container container\">\r\n\t\t<div class=\"fw-row\">\n\t\r\n<div class=\"sh-column sh-column-4c25460f03e3281373a6b726c798b3f7 fw-col-xs-12\" >\r\n\r\n\t\r\n\t<div class=\"sh-column-wrapper\">\r\n\t\t\r\n<div id=\"text-block-0558de8379728aed5b68015be80f6654\" class=\"sh-text-block\">\r\n\t<h3><strong><u>1 - QU\u00c8 SON LES COOKIES?<\/u><\/strong><\/h3><p>Les cookies s\u00f3n petits arxius de dades que es reben en el terminal des del lloc web visitat i s'usen per a registrar unes certes interaccions de la navegaci\u00f3 en un lloc web emmagatzemant dades que podran ser actualitzats i recuperats. Aquests arxius s'emmagatzemen en l'ordinador de l'usuari i cont\u00e9 dades an\u00f2nimes que no s\u00f3n perjudicials per al seu equip. S'utilitzen per a recordar les prefer\u00e8ncies de l'usuari, com l'idioma seleccionat, dades d'acc\u00e9s o personalitzaci\u00f3 de la p\u00e0gina.<\/p><p>Les cookies tamb\u00e9 poden ser utilitzades per a registrar informaci\u00f3 an\u00f2nima sobre com un visitant utilitza un lloc. Per exemple, des de quina p\u00e0gina web ha accedit, o si ha utilitzat un \"b\u00e0ner\" publicitari per a arribar.<\/p><h3><strong><u>2 - \u00bfPER QU\u00c8 UTILITZEM LES<\/u><\/strong><strong><u>\u00a0COOKIES?<\/u><\/strong><\/h3><p><strong><em>TIQUETEO SPAIN, SL<\/em><\/strong> utilitza cookies estrictament necess\u00e0ries i essencials perqu\u00e8 utilitzi els nostres llocs web i li permetin moure's lliurement, utilitzar \u00e0rees segures, opcions personalitzades, etc. A m\u00e9s, <strong><em>TIQUETEO SPAIN, SL<\/em> <\/strong>utilitza cookies que recullen dades relatives a l'an\u00e0lisi d'\u00fas de la web. Aquestes s'utilitzen per a ajudar a millorar el servei al client, mesurant l'\u00fas i el rendiment de la p\u00e0gina, per a optimitzar-la i personalitzar-la.<\/p><p>Els nostres llocs tamb\u00e9 poden tenir enlla\u00e7os de xarxes socials (com Facebook o Twitter). <em><strong>TIQUETEO SPAIN, SL<\/strong> <\/em>no controla les cookies utilitzades per aquestes webs externes. Per a m\u00e9s informaci\u00f3 sobre les cookies de les xarxes socials o altres Webs alienes, aconsellem revisar les seves pr\u00f2pies pol\u00edtiques de cookies.<\/p><p>Aquest lloc web utilitza \"cookies\" de la manera seg\u00fcent:<\/p><ul><li>Cookie de Google ANALYTICS: Google ANALYTICS \u00e9s un servei gratu\u00eft que ofereix Google Inc. i que recull informaci\u00f3 sobre les p\u00e0gines de la web consultada, a quina hora, quin navegador Web, etc. Posteriorment, aquesta informaci\u00f3 s'envia als servidors de Google Inc. als Estats Units.<\/li><li>Cookies d'aplicaci\u00f3 \"Add-*this\": Add-*this \u00e9s un servei gratu\u00eft que li permet compartir p\u00e0gines d'aquest lloc web per diferents mitjans (correu electr\u00f2nic, xarxes socials, etc.). Add-this recull informaci\u00f3 estad\u00edstica de la seva navegaci\u00f3 per a proporcionar publicitat adaptada als seus h\u00e0bits de navegaci\u00f3 en aquest lloc web o en qualsevol altre lloc.<\/li><\/ul><h3><strong><u>3 - \u00bfQUIN \u00daS LI DONEM A LES DIFERENTS TIPUS DE COOKIES?<\/u><\/strong><\/h3><p><strong>Segons la seva finalitat:<\/strong><\/p><ul><li><strong>Cookies t\u00e8cniques:<\/strong> Les cookies t\u00e8cniques s\u00f3n aquelles imprescindibles i estrictament necess\u00e0ries per al correcte funcionament d'un portal web i la utilitzaci\u00f3 de les diferents opcions i serveis que ofereix. Per exemple, les que serveixen per al manteniment de la sessi\u00f3, la gesti\u00f3 del temps de resposta, rendiment o validaci\u00f3 d'opcions, utilitzar elements de seguretat, compartir contingut amb xarxes socials, etc.<\/li><li><strong>Cookies de personalizaci\u00f3n:<\/strong> Estas cookies permiten al usuario especificar o personalizar algunas caracter\u00edsticas de las opciones generales de la p\u00e1gina web, por ejemplo, definir el idioma, configuraci\u00f3n regional o tipo de navegador.<\/li><li><strong>Cookies anal\u00edtiques:<\/strong> Les cookies anal\u00edtiques s\u00f3n les utilitzades pel nostre portal web, per a elaborar perfils navegaci\u00f3 i poder con\u00e8ixer les prefer\u00e8ncies dels usuaris del mateix amb la finalitat de millorar l'oferta de productes i serveis. Per exemple, mitjan\u00e7ant una cookie anal\u00edtica es controlarien les \u00e0rees geogr\u00e0fiques de major inter\u00e8s d'un usuari, quin \u00e9s el producte de m\u00e9s acceptaci\u00f3, etc.<\/li><li><strong>Cookies publicit\u00e0ries\/de publicitat:<\/strong> Les cookies publicit\u00e0ries permeten la gesti\u00f3 dels espais publicitaris sobre la base de criteris concrets. Per exemple, la freq\u00fc\u00e8ncia d'acc\u00e9s, el contingut editat, etc. Les cookies de publicitat permeten a trav\u00e9s de la gesti\u00f3 de la publicitat emmagatzemar informaci\u00f3 del comportament a trav\u00e9s de l'observaci\u00f3 d'h\u00e0bits, estudiant els accessos i formant un perfil de prefer\u00e8ncies de l'usuari, per a oferir publicitat relacionada amb els interessos del seu perfil.<\/li><\/ul><p><strong>Segons termini:<\/strong><\/p><ul><li><strong>Cookies de sessi\u00f3:<\/strong> Les cookies de sessi\u00f3 s\u00f3n aquelles que duren el temps que l'usuari est\u00e0 navegant per la p\u00e0gina web i s'esborren al terme.<\/li><li><strong>Cookies persistents:<\/strong> Aquestes cookies queden emmagatzemades en el terminal de l'usuari, per un temps m\u00e9s llarg, facilitant aix\u00ed el control de les prefer\u00e8ncies triades sense haver de repetir uns certs par\u00e0metres cada vegada que es visiti el lloc web.<\/li><\/ul><p><strong><u>COOKIES PR\u00d2PIES EN \u00daS:<\/u><\/strong><\/p><p><strong>S'han perm\u00e8s algunes de les seg\u00fcent cookies al visitar aquesta p\u00e0gina:\u00a0<\/strong><\/p><table><tbody><tr><td width=\"109\"><strong>\u00a0<\/strong><\/p><p><strong>DOMINI<\/strong><\/td><td width=\"199\">&nbsp;<\/p><p><strong>COOKIE<\/strong><\/td><td width=\"77\">&nbsp;<\/p><p><strong>EMPRESA<\/strong><\/td><td width=\"99\">&nbsp;<\/p><p><strong>FUNCI\u00d3<\/strong><\/td><td width=\"87\">&nbsp;<\/p><p><strong>CADUCITAT<\/strong><\/td><\/tr><tr><td rowspan=\"3\" width=\"109\"><strong>jclorian<\/strong><\/td><td width=\"199\">_ga<\/p><p>&nbsp;<\/td><td width=\"77\">Google<\/td><td width=\"99\">Analytics<\/td><td width=\"87\">2 anys<\/td><\/tr><tr><td width=\"199\">_gat<\/td><td width=\"77\"><\/td><td width=\"99\">Analytics<\/td><td width=\"87\">2 anys<\/td><\/tr><tr><td width=\"199\">_gid<\/td><td width=\"77\"><\/td><td width=\"99\">Analytics<\/td><td width=\"87\">Sessi\u00f3<\/td><\/tr><tr><td width=\"109\"><strong>\u00a0<\/strong><\/td><td width=\"199\">_utma<\/td><td width=\"77\"><\/td><td width=\"99\">Analytics<\/td><td width=\"87\">Persistent<\/td><\/tr><tr><td width=\"109\"><strong>\u00a0<\/strong><\/td><td width=\"199\">_utmb<\/td><td width=\"77\"><\/td><td width=\"99\">Analytics<\/td><td width=\"87\">Persistent<\/td><\/tr><tr><td width=\"109\"><strong>\u00a0<\/strong><\/td><td width=\"199\">_utmc<\/td><td width=\"77\"><\/td><td width=\"99\">Analytics<\/td><td width=\"87\">Persistent<\/td><\/tr><tr><td width=\"109\"><strong>\u00a0<\/strong><\/td><td width=\"199\">_utmt<\/td><td width=\"77\"><\/td><td width=\"99\">Analytics<\/td><td width=\"87\">Persistent<\/td><\/tr><tr><td width=\"109\"><strong>\u00a0<\/strong><\/td><td width=\"199\">utmv<\/td><td width=\"77\"><\/td><td width=\"99\">Analytics<\/td><td width=\"87\">Persistent<\/td><\/tr><\/tbody><\/table><p>&nbsp;<\/p><p><strong><u>COOKIES EXTERNES EN \u00daS:<\/u><\/strong><\/p><table><tbody><tr><td width=\"109\"><strong>\u00a0<\/strong><\/p><p><strong>DOMINI<\/strong><\/td><td width=\"199\">&nbsp;<\/p><p><strong>COOKIE<\/strong><\/td><td width=\"77\">&nbsp;<\/p><p><strong>EMPRESA<\/strong><\/td><td width=\"99\">&nbsp;<\/p><p><strong>FUNCI\u00d3<\/strong><\/td><td width=\"87\">&nbsp;<\/p><p><strong>CADUCITAT<\/strong><\/td><\/tr><tr><td rowspan=\"2\" width=\"109\"><strong>doubleclick<\/strong><\/td><td width=\"199\">IDE<\/p><p>&nbsp;<\/td><td width=\"77\">Google<\/td><td width=\"99\">Publicit\u00e0ria<\/td><td width=\"87\">2 anys<\/td><\/tr><tr><td width=\"199\">DSID<\/td><td width=\"77\"><\/td><td width=\"99\">Publicit\u00e0ria<\/td><td width=\"87\">2 anys<\/td><\/tr><tr><td width=\"109\">GOOGLE<\/td><td width=\"199\">1P_JAR<\/td><td width=\"77\"><\/td><td width=\"99\">Publicit\u00e0ria<\/td><td width=\"87\">7 dies<\/td><\/tr><tr><td width=\"109\"><\/td><td width=\"199\">APISID<\/td><td width=\"77\"><\/td><td width=\"99\">T\u00e8cnica<\/td><td width=\"87\">2 anys<\/td><\/tr><tr><td width=\"109\"><\/td><td width=\"199\">CONSENT<\/td><td width=\"77\"><\/td><td width=\"99\">T\u00e8cnica<\/td><td width=\"87\">Permanent<\/td><\/tr><tr><td width=\"109\"><\/td><td width=\"199\">SAPISID<\/td><td width=\"77\"><\/td><td width=\"99\">T\u00e8cnica<\/td><td width=\"87\">2 anys<\/td><\/tr><tr><td width=\"109\"><\/td><td width=\"199\">SID<\/td><td width=\"77\"><\/td><td width=\"99\">T\u00e8cnica<\/td><td width=\"87\">2 anys<\/td><\/tr><\/tbody><\/table><p>&nbsp;<\/p><h3><strong><u>4 - PER QU\u00c8 NECESSITEM EL SEU CONSENTIMEN EXPL\u00cdCIT PER A UTILITZAR-LES?<\/u><\/strong><\/h3><ul><li><strong><u>Sent\u00e8ncia de la Gran Sala del Tribunal de Just\u00edcia de la Uni\u00f3 Europea, d'1 de octubre de 2019<\/u><\/strong><\/li><\/ul><p>La sent\u00e8ncia de la Gran Sala del Tribunal de Just\u00edcia de la Uni\u00f3 Europea, del dia 1 d'octubre de 2019, ha d'interpretar-se en el sentit que el consentiment no es presta de manera v\u00e0lida quan l'emmagatzematge d'informaci\u00f3, o l'acc\u00e9s a la informaci\u00f3 ja emmagatzemada en l'equip terminal de l'usuari d'un lloc web d'internet, a trav\u00e9s de cookies s'autoritza mitjan\u00e7ant una casella marcada per defecte de la qual l'usuari ha de retirar la marca en cas que vulgui rebutjar el seu \u00fas. En aquest sentit, l'autoritzaci\u00f3 ha de basar-se en una acceptaci\u00f3 expl\u00edcita o b\u00e9 un rebuig igual per part de l'usuari.<\/p><p>Aquesta interpretaci\u00f3 no pot variar en funci\u00f3 de si la informaci\u00f3 emmagatzemada o consultada en el terminal de l'usuari d'un lloc d'internet consti o no de dades de car\u00e0cter personal.<\/p><p>La Gran Sala del Tribunal de Just\u00edcia de la Uni\u00f3 Europea tamb\u00e9 disposa en aquesta sent\u00e8ncia que la informaci\u00f3 que el prove\u00efdor de serveis ha de facilitar a l'usuari d'un lloc web d'internet ha d'incloure el temps en qu\u00e8 els cookies romandran actives i la possibilitat que tercers puguin accedir a la informaci\u00f3 que aquestes emmagatzemen. Aquest requisit l'estableix la versi\u00f3 modificada per la Directiva 2009\/136, que modifica l'article 5, apartat 3, de la Directiva 2002\/58\/UE.<\/p><p>En relaci\u00f3 a la possibilitat que l'usuari pugui rebutjar l'\u00fas de les cookies, cal tenir en compte que si rebutja o esborra les cookies de navegaci\u00f3 per la Web, no podrem mantenir les seves prefer\u00e8ncies, algunes caracter\u00edstiques dels p\u00e0gines no estaran operatives, no podrem oferir-li serveis personalitzats i cada vegada que vagi a navegar per la nostra web haurem de sol\u00b7licitar-li de nou la seva autoritzaci\u00f3 per a l'\u00fas de cookies.<\/p><p>Si aix\u00ed i tot, decideix modificar la configuraci\u00f3 del seu acc\u00e9s a la p\u00e0gina web, ha de saber que \u00e9s possible eliminar les cookies o impedir que es registri aquesta informaci\u00f3 en el seu equip en qualsevol moment mitjan\u00e7ant la modificaci\u00f3 dels par\u00e0metres de configuraci\u00f3 del seu navegador:<\/p><ul><li><a href=\"https:\/\/support.microsoft.com\/es-es\/help\/17442\/windows-internet-explorer-delete-manage-cookies\">Configuraci\u00f3 de cookies de Internet Explorer.<\/a><\/li><li><a href=\"https:\/\/support.mozilla.org\/es\/kb\/habilitar-y-deshabilitar-cookies-sitios-web-rastrear-preferencias\">Configuraci\u00f3 de cookies de Firefox.<\/a><\/li><li><a href=\"https:\/\/support.google.com\/chrome\/answer\/95647?co=GENIE.Platform%3DDesktop&amp;hl=es-419\">Configuraci\u00f3 de cookies de Google Chrome.<\/a><\/li><li><a href=\"https:\/\/support.apple.com\/es-es\/guide\/safari\/sfri11471\/mac\">Configuraci\u00f3 de cookies de Safari.<\/a><\/li><\/ul><p>Aquests navegadors estan sotmesos a canvis o modificacions, per la qual cosa no podem garantir que s'ajustin completament a la versi\u00f3 del seu navegador. Tamb\u00e9 pot ser que utilitzi un altre navegador no contemplat en aquests enlla\u00e7os com Konqueror, Arora, Flock, etc. Per a evitar aquests desajustaments, pot accedir directament des de les opcions del seu navegador que es troba generalment en el men\u00fa d'Opcions, en la secci\u00f3 de \"Privacitat\". (Si us plau, consulti l'ajuda del seu navegador per a m\u00e9s informaci\u00f3.)<\/p><h3><strong><u>5 - ON PUC OBTENIR M\u00c9S INFORMACI\u00d3?<\/u><\/strong><\/h3><p>Pots trobar m\u00e9s informaci\u00f3 sobre cookies en:<\/p><p><a href=\"https:\/\/www.allaboutcookies.org\/\">\u00a0www.allaboutcookies.org<\/a> o <a href=\"https:\/\/www.youronlinechoices.com\/\">www.youronlinechoices.eu<\/a>.<\/p><\/div>\r\n\t<\/div>\r\n\r\n\r\n\t\t\r\n\r\n<\/div>\r\n<\/div>\n\n\t<\/div>\r\n<\/section>\r\n<\/p>\n","protected":false},"excerpt":{"rendered":"<p>Inici &gt; Pol\u00edtica de cookies&nbsp; 1 &#8211; QU\u00c8 SON LES COOKIES?Les cookies s\u00f3n petits arxius de dades que es reben en el terminal des del lloc web visitat i s&#8217;usen per a registrar unes certes interaccions de la navegaci\u00f3 en un lloc web emmagatzemant dades&#8230;<\/p>\n","protected":false},"author":1,"featured_media":0,"parent":0,"menu_order":0,"comment_status":"closed","ping_status":"closed","template":"","meta":{"footnotes":""},"class_list":["post-2698","page","type-page","status-publish","hentry"],"_links":{"self":[{"href":"https:\/\/clorian.com\/ca\/wp-json\/wp\/v2\/pages\/2698","targetHints":{"allow":["GET"]}}],"collection":[{"href":"https:\/\/clorian.com\/ca\/wp-json\/wp\/v2\/pages"}],"about":[{"href":"https:\/\/clorian.com\/ca\/wp-json\/wp\/v2\/types\/page"}],"author":[{"embeddable":true,"href":"https:\/\/clorian.com\/ca\/wp-json\/wp\/v2\/users\/1"}],"replies":[{"embeddable":true,"href":"https:\/\/clorian.com\/ca\/wp-json\/wp\/v2\/comments?post=2698"}],"version-history":[{"count":4,"href":"https:\/\/clorian.com\/ca\/wp-json\/wp\/v2\/pages\/2698\/revisions"}],"predecessor-version":[{"id":10459,"href":"https:\/\/clorian.com\/ca\/wp-json\/wp\/v2\/pages\/2698\/revisions\/10459"}],"wp:attachment":[{"href":"https:\/\/clorian.com\/ca\/wp-json\/wp\/v2\/media?parent=2698"}],"curies":[{"name":"wp","href":"https:\/\/api.w.org\/{rel}","templated":true}]}}