{"id":2702,"date":"2020-04-28T14:33:16","date_gmt":"2020-04-28T14:33:16","guid":{"rendered":"http:\/\/clorian.kinsta.cloud\/politica-privacidad\/"},"modified":"2025-08-14T11:44:40","modified_gmt":"2025-08-14T09:44:40","slug":"politica-privacidad","status":"publish","type":"page","link":"https:\/\/clorian.com\/ca\/politica-privacidad\/","title":{"rendered":"Pol\u00edtica de privacidad"},"content":{"rendered":"<p>\r\n<section class=\"sh-section sh-section-c84bf8bd8ea24e3f9e10cf7b04537d82 fw-main-row header_title sh-section-visibility-everywhere\">\r\n\t\r\n\t\r\n\t<div class=\"sh-section-container container-fluid\">\r\n\t\t<div class=\"fw-row\">\n\t\r\n<div class=\"sh-column sh-column-dee342c786194847debb144e842e16c2 fw-col-xs-12 container_inner\" >\r\n\r\n\t\r\n\t<div class=\"sh-column-wrapper\">\r\n\t\t\r\n<div id=\"text-block-db4c4475275e3bb8d1f2d547de7b4fae\" class=\"sh-text-block\">\r\n\t<p><div id=\"breadcrumbs\" class=\"breadcrumb-trail breadcrumbs\"><span class=\"item-home\"><a class=\"bread-link bread-home\" href=\"https:\/\/clorian.com\/ca\/\" title=\"Inici\">Inici<\/a><\/span><span class=\"separator\"> &gt; <\/span><span class=\"item-current\"><span class=\"bread-current\">Pol\u00edtica de privacidad<\/span><\/span><\/div><\/p><\/div>\r\n\t<\/div>\r\n\r\n\r\n\t\t\r\n\r\n<\/div>\r\n<\/div>\n\n\t<\/div>\r\n<\/section>\r\n\r\n<section class=\"sh-section sh-section-95c11961bb3db6600e693a3fa017c564 fw-main-row legal_text sh-section-visibility-everywhere\">\r\n\t\r\n\t\r\n\t<div class=\"sh-section-container container\">\r\n\t\t<div class=\"fw-row\">\n\t\r\n<div class=\"sh-column sh-column-bce866ea43e3be4344a67f1c56b0d56a fw-col-xs-12\" >\r\n\r\n\t\r\n\t<div class=\"sh-column-wrapper\">\r\n\t\t\r\n<div id=\"text-block-531719c3763b1ed79fd6a820ef4d3d5b\" class=\"sh-text-block\">\r\n\t<h3>1. POL\u00cdTICA D'ENLLA\u00c7OS I EXEMPCIONS DE RESPONSABILITAT<\/h3><p>TIQUETEO SPAIN SL no es fa responsable del contingut de les p\u00e0gines web a les quals pugui accedir l'usuari a trav\u00e9s dels enlla\u00e7os establerts en els seus llocs web i declara que en cap cas examinar\u00e0 ni exercitar\u00e0 cap mena de control sobre el contingut d'altres p\u00e0gines de la xarxa.<\/p><p>Asimismo, tampoco garantiza la disponibilidad t\u00e9cnica, exactitud, veracidad, validez o legalidad de p\u00e1ginas ajenas a su propiedad a las que se pueda acceder a trav\u00e9s de los enlaces.<\/p><p>TIQUETEO SPAIN SL declara que ha adoptat totes les mesures necess\u00e0ries per a evitar qualsevol mal que pugui derivar-se de la navegaci\u00f3 per les seves p\u00e0gines web. En conseq\u00fc\u00e8ncia, TIQUETEO SPAIN SL no es fa responsable, en cap cas, dels eventuals danys que pugui sofrir l'usuari a causa de la navegaci\u00f3 per Internet.<\/p><p>TIQUETEO SPAIN SL no es responsabilitza dels danys o perjudicis de qualsevol tipus produ\u00efts en l'Usuari que portin causa de fallades o desconnexions en les xarxes de telecomunicacions que produeixin la suspensi\u00f3, cancel\u00b7laci\u00f3, instal\u00b7laci\u00f3 o interrupci\u00f3 del servei de la web durant la prestaci\u00f3 del mateix o amb car\u00e0cter previ.<\/p><p>L'acc\u00e9s a la web: www.clorian.com no implica l'obligaci\u00f3 per part de l'empresa de controlar l'abs\u00e8ncia de virus o qualsevol altre element inform\u00e0tic nociu. Correspon a l'Usuari, en tot cas, la disponibilitat d'eines adequades per a la detecci\u00f3 i desinfecci\u00f3 de programes inform\u00e0tics nocius.<\/p><p>TIQUETEO SPAIN SL no es responsabilitza dels danys produ\u00efts en els equips inform\u00e0tics, documents i\/o fitxers dels Usuaris o de tercers durant la prestaci\u00f3 del servei en el Portal.<\/p><h3>2. PUBLICITAT<\/h3><p>La web: www.clorian.com podr\u00e0 allotjar continguts publicitaris o patrocinats. Els anunciants o patrocinadors s\u00f3n els \u00fanics responsables d'assegurar-se que el material rem\u00e8s per a la seva inclusi\u00f3 en la web compleix amb les lleis que en cada cas puguin ser aplicable.<\/p><p>TIQUETEO SPAIN SL no ser\u00e0 responsable de qualsevol error, inexactitud o irregularitat que puguin contenir els continguts publicitaris o dels patrocinadors.<\/p><h3>3. MODIFICACIONS<\/h3><p>TIQUETEO SPAIN SL es reserva el dret a realitzar les modificacions que consideri oportunes, sense av\u00eds previ, en el contingut dels seus llocs web, tant quant als continguts dels llocs web com per les seves condicions d'\u00fas o per les condicions generals de contractaci\u00f3. Aquestes modificacions podran realitzar-se, a trav\u00e9s dels seus llocs web, de qualsevol forma admissible en dret i seran d'obligat compliment durant el temps que estiguin publicades en la web i fins que no siguin modificades per altres posteriors.<\/p><h3>4. RESERVA DE COOKIES<\/h3><p>TIQUETEO SPAIN SL es reserva el dret d'utilitzar cookies en la navegaci\u00f3 de l'usuari pels seus llocs web per a facilitar la personalitzaci\u00f3 i comoditat de la navegaci\u00f3. Seguint la pol\u00edtica de protecci\u00f3 de dades de l'empresa, TIQUETEO SPAIN SL informa que les cookies s'associen a l'usuari an\u00f2nim ja el seu ordinador i no proporcionen per si mateixes ni el nom ni els cognoms de l'usuari.<\/p><p>L'usuari t\u00e9 la possibilitat de configurar el seu navegador de manera que sigui informat de la recepci\u00f3 de cookies, podent, si aix\u00ed ho desitja, impedir que s'instal\u00b7lin en el seu disc dur. No obstant aix\u00f2, per a accedir als llocs web de TIQUETEO SPAIN SL no \u00e9s preceptiva la instal\u00b7laci\u00f3 de cookies.<\/p><p>L'usuari es compromet a abstenir-se de reproduir, copiar, distribuir, posar a disposici\u00f3 o de qualsevol altra forma comunicar p\u00fablicament, transformar o modificar els Continguts, tret que es compti amb l'autoritzaci\u00f3 del titular dels corresponents drets o aix\u00f2 resulti legalment perm\u00e8s.<\/p><h3>5. PROTECCI\u00d3 DE DADES PERSONAL<\/h3><p>De conformitat amb el que s'estableix per la Llei org\u00e0nica i el Reglament General-UE-2016\/679 del Parlament i Consell d'Europa de Protecci\u00f3 de Dades de Car\u00e0cter Personal, aprovat el 27 d'abril de 2016, TIQUETEO SPAIN SL informa els usuaris dels seus websites que estem obligats a guardar secret professional sobre les dades personals recaptades per l'empresa mitjan\u00e7ant els formularis situats en les seves p\u00e0gines, aquesta obligaci\u00f3 continu\u00e9s fins i tot despr\u00e9s d'haver finalitzat la nostra relaci\u00f3 comercial o contractual, i en cap cas podrem fer p\u00fablics les dades personals dels visitants i clients a la web sense el seu consentiment. Els menors de 14 anys no poden prestar el seu consentiment perqu\u00e8 un comer\u00e7 reculli i tracti les seves dades personals; nom\u00e9s els seus representants legals (pares o tutors) s\u00f3n els qui poden fer-ho en el seu nom. Aquells comer\u00e7os que necessitin tractar dades de menors de 14 anys, han de disposar dels mitjans per a obtenir el consentiment dels seus pares o tutors, per exemple, mitjan\u00e7ant un missatge de correu electr\u00f2nic dirigit a algun d'ells que contingui un enlla\u00e7 a un formulari electr\u00f2nic. No es pot demanar als menors de 14 anys dades sobre l'\u00e0mbit familiar, sent l'\u00fanica excepci\u00f3 les dades d'identificaci\u00f3 i contacte dels pares o tutors.<\/p><p>Aquestes dades, seran introdu\u00efts en un fitxer automatitzat sota la responsabilitat de l'administrador de la web de, TIQUETEO SPAIN SL amb la finalitat de poder facilitar, agilitzar i complir els compromisos establerts entre totes dues parts. Aix\u00ed mateix, TIQUETEO SPAIN SL informa de la possibilitat d'exercir els drets d'acc\u00e9s, que permet a l'usuari web, con\u00e8ixer que dades personals t\u00e9 l'administrador d'aquesta p\u00e0gina i en tal cas contest\u00e9s en un termini de 30 dies, sempre que conservi les dades, rectificaci\u00f3, que permet corregir errors, modificar les dades que siguin inexactes o incomplets i garantir la certesa de la informaci\u00f3, oposici\u00f3 que podr\u00e0 sol\u00b7licitar i aconseguir que no dugui a terme el tractament de dades, supressi\u00f3 que permet que se suprimeixin les dades inadequades o excessives, limitaci\u00f3, pel qual pot sol\u00b7licitar que es limiti el tractament de les seves dades quan hagi exercit el seu dret a la rectificaci\u00f3 de les seves dades personals, i portabilitat, perqu\u00e8 l'usuari pugui obtenir una c\u00f2pia de les dades personals que hagi facilitat en la web a fi de poder transmetre'ls a altres serveis, aquests drets es podran exercir per qualsevol mitj\u00e0 que deixi const\u00e0ncia del seu enviament i de la seva recepci\u00f3 a l'adre\u00e7a: VENE\u00c7UELA 103 3\u00ba 1\u00aa Codi Postal: 08019. Localitat: BARCELONA. Prov\u00edncia: Barcelona. Correu electr\u00f2nic: fcano@clorian.com, aportant fotoc\u00f2pia del DNI o documentaci\u00f3 alternativa que acrediti la seva identitat.<\/p><p>Mentre no ens comuniqui el contrari, entendrem que les seves dades no han estat modificats, que vost\u00e8 es compromet a notificar-nos qualsevol variaci\u00f3 i que tenim el consentiment per a utilitzar-los a fi de poder fidelizar la relaci\u00f3 entre les parts.<\/p><p>L'enviament de les seves dades mitjan\u00e7ant el\/els formularis de la nostra web estar\u00e0 supeditat obligat\u00f2riament al fet que hagi llegit\/acceptat la Pol\u00edtica de Privacitat, mitjan\u00e7ant una casella de selecci\u00f3 obligat\u00f2ria al peu del formulari.<\/p><p>D'acord amb el que s'estableix en la Llei 34\/2002, de Serveis de la Societat de la Informaci\u00f3 i el Comer\u00e7 Electr\u00f2nic en el seu article 21, demanem el seu consentiment per a poder realitzar comunicacions publicit\u00e0ries que considerem puguin ser del seu inter\u00e8s, per correu electr\u00f2nic o per qualsevol altre mitj\u00e0 de comunicaci\u00f3 electr\u00f2nica equivalent, aquest consentiment l'acceptar\u00e0 o negar\u00e0 amb una casella de selecci\u00f3 obligat\u00f2ria al peu del formulari.<\/p><h3>6. PROPIETAT INTEL\u00b7LECTUAL<\/h3><p>Els drets de propietat intel\u00b7lectual i industrial derivats de tots els textos, imatges, aix\u00ed com dels mitjans i formes de presentaci\u00f3 i muntatge de les seves p\u00e0gines pertanyen, per si mateixos o com a cession\u00e0ria, a TIQUETEO SPAIN SL. Seran, per tant, obres protegides amb propietat intel\u00b7lectual per l'ordenament jur\u00eddic espanyol i se'ls podr\u00e0 aplicar tant la normativa espanyola i comunit\u00e0ria en aquest camp, com els tractats internacionals relatius a la mat\u00e8ria i subscrits per Espanya.<\/p><p>Tots els drets reservats. En compliment de la Llei de la Propietat Intel\u00b7lectual es prohibeix expressament la reproducci\u00f3, distribuci\u00f3, comunicaci\u00f3 p\u00fablica i utilitzaci\u00f3 de la totalitat o part dels continguts de les seves p\u00e0gines web sense el consentiment expl\u00edcit de TIQUETEO SPAIN SL.<\/p><p>Aix\u00ed mateix, TIQUETEO SPAIN SL es reserva la facultat de presentar les accions civils o penals que consideri oportunes per la utilitzaci\u00f3 indeguda de les seves p\u00e0gines web i continguts o per l'incompliment d'aquestes condicions.<\/p><h3>7. SEGELLS DE CONFIAN\u00c7A<\/h3><p>Els segells de confian\u00e7a s\u00f3n distintius que es proporcionen a les botigues en l\u00ednia per a demostrar la seva qualitat i seguretat en la venda en l\u00ednia.<\/p><p>Per a aconseguir el segell, aquestes s\u00f3n auditades o avaluades per a comprovar que compleixen els criteris de seguretat en la compra i compliment legal en mat\u00e8ria de privacitat i protecci\u00f3 de dades dels consumidors.<\/p><p>Les botigues que disposen d'un segell de confian\u00e7a estan adherides a un codi de conducta i solen oferir als consumidors procediments alternatius de resoluci\u00f3 de conflictes senzills, r\u00e0pids i c\u00f2modes.<\/p><h3>8. CERTIFICATS DE COMPLIMENT LSSI-CE I PROTECCI\u00d3 DE DADES<\/h3><p>www.clorian.com compleix amb la normativa de Protecci\u00f3 de Dades vigent i amb la LSSI-CE, i ha estat assessorada en aquestes normatives per GRUP QUALIA, per la qual cosa se li atorguen sengles certificats en format d'imatge digital perqu\u00e8 pugui exposar-los en el seu lloc web.<\/p><h3>9. ACCIONS LEGAL, LEGISLACI\u00d3 APLICABLE I JURISDICCI\u00d3<\/h3><p>La relaci\u00f3 entre l'usuari i TIQUETEO SPAIN SL es regir\u00e0 per la normativa espanyola vigent i seran competents per a decidir sobre qualsevol controv\u00e8rsia que pugui sorgir entre l'usuari i TIQUETEO SPAIN SL, els jutjats o tribunals de la localitat de BARCELONA.<\/p><\/div>\r\n\t<\/div>\r\n\r\n\r\n\t\t\r\n\r\n<\/div>\r\n<\/div>\n\n\t<\/div>\r\n<\/section>\r\n<\/p>\n","protected":false},"excerpt":{"rendered":"<p>Inici &gt; Pol\u00edtica de privacidad 1. POL\u00cdTICA D&#8217;ENLLA\u00c7OS I EXEMPCIONS DE RESPONSABILITATTIQUETEO SPAIN SL no es fa responsable del contingut de les p\u00e0gines web a les quals pugui accedir l&#8217;usuari a trav\u00e9s dels enlla\u00e7os establerts en els seus llocs web i declara que en cap&#8230;<\/p>\n","protected":false},"author":1,"featured_media":0,"parent":0,"menu_order":0,"comment_status":"closed","ping_status":"open","template":"","meta":{"footnotes":""},"class_list":["post-2702","page","type-page","status-publish","hentry"],"_links":{"self":[{"href":"https:\/\/clorian.com\/ca\/wp-json\/wp\/v2\/pages\/2702","targetHints":{"allow":["GET"]}}],"collection":[{"href":"https:\/\/clorian.com\/ca\/wp-json\/wp\/v2\/pages"}],"about":[{"href":"https:\/\/clorian.com\/ca\/wp-json\/wp\/v2\/types\/page"}],"author":[{"embeddable":true,"href":"https:\/\/clorian.com\/ca\/wp-json\/wp\/v2\/users\/1"}],"replies":[{"embeddable":true,"href":"https:\/\/clorian.com\/ca\/wp-json\/wp\/v2\/comments?post=2702"}],"version-history":[{"count":4,"href":"https:\/\/clorian.com\/ca\/wp-json\/wp\/v2\/pages\/2702\/revisions"}],"predecessor-version":[{"id":10455,"href":"https:\/\/clorian.com\/ca\/wp-json\/wp\/v2\/pages\/2702\/revisions\/10455"}],"wp:attachment":[{"href":"https:\/\/clorian.com\/ca\/wp-json\/wp\/v2\/media?parent=2702"}],"curies":[{"name":"wp","href":"https:\/\/api.w.org\/{rel}","templated":true}]}}