{"id":2806,"date":"2021-03-29T16:12:55","date_gmt":"2021-03-29T14:12:55","guid":{"rendered":"https:\/\/clorian.com\/?page_id=2806"},"modified":"2024-01-31T12:46:41","modified_gmt":"2024-01-31T10:46:41","slug":"contacte","status":"publish","type":"page","link":"https:\/\/clorian.com\/ca\/contacte\/","title":{"rendered":"Contacte"},"content":{"rendered":"<p>\r\n<section class=\"sh-section sh-section-c72ca6bf98c25d4011f42cd3b1ae8ab9 fw-main-row header_title sh-section-visibility-everywhere\">\r\n\t\r\n\t\r\n\t<div class=\"sh-section-container container-fluid\">\r\n\t\t<div class=\"fw-row\">\n\t\r\n<div class=\"sh-column sh-column-855b6862f6618d7ffe2191c97478c7f9 fw-col-xs-12 container_inner\" >\r\n\r\n\t\r\n\t<div class=\"sh-column-wrapper\">\r\n\t\t\r\n<div id=\"text-block-8e90f43d3472486a5ab4ac510bf3f61e\" class=\"sh-text-block\">\r\n\t<p>\u00bfA on estem?<\/p><\/div>\r\n\t<\/div>\r\n\r\n\r\n\t\t\r\n\r\n<\/div>\r\n<\/div>\n\n\t<\/div>\r\n<\/section>\r\n\r\n<section class=\"sh-section sh-section-b894b5dd3c30eddef46ce71ce3864990 fw-main-row sh-section-visibility-everywhere\">\r\n\t\r\n\t\r\n\t<div class=\"sh-section-container container\">\r\n\t\t<div class=\"fw-row\">\n\t\r\n<div class=\"sh-column sh-column-f35ef05c21ca68791238e6b067d62f6e fw-col-xs-12\" >\r\n\r\n\t\r\n\t<div class=\"sh-column-wrapper\">\r\n\t\t\r\n<div id=\"text-block-bad288926f93e6a3a361b08459c3bb12\" class=\"sh-text-block\">\r\n\t<p><div id=\"breadcrumbs\" class=\"breadcrumb-trail breadcrumbs\"><span class=\"item-home\"><a class=\"bread-link bread-home\" href=\"https:\/\/clorian.com\/ca\/\" title=\"Inici\">Inici<\/a><\/span><span class=\"separator\"> &gt; <\/span><span class=\"item-current\"><span class=\"bread-current\">Contacte<\/span><\/span><\/div><\/p><\/div>\r\n\t<\/div>\r\n\r\n\r\n\t\t\r\n\r\n<\/div>\r\n<\/div>\n\n\t<\/div>\r\n<\/section>\r\n\r\n<section class=\"sh-section sh-section-a91c7602e9ba2fa06a8977fb2544092b fw-main-row sh-section-visibility-everywhere\">\r\n\t\r\n\t\r\n\t<div class=\"sh-section-container container section-justify-height\">\r\n\t\t<div class=\"fw-row\">\n\t\r\n<div class=\"sh-column sh-column-1a11d73bac717df2b226e69084962ac5 fw-col-xs-12 fw-col-sm-6\" >\r\n\r\n\t\r\n\t<div class=\"sh-column-wrapper\">\r\n\t\t\r\n<div id=\"text-block-87eb339a15226296507cfff1feb61c6c\" class=\"sh-text-block bullet-item bullet-item-h3\">\r\n\t<h3>Espanya - Oficines centrals a Barcelona i delegaci\u00f3 a Madrid.<\/h3><p>Carrer de Vene\u00e7uela 103 - 3\u00aa 1, 08019 - Barcelona<\/p><p><span style=\"color: #4a4b8c;\"><strong>Contacta amb el nostre equip a Espanya: <\/strong><\/span><\/p><p><a href=\"mailto:comercial@clorian.com\" target=\"_blank\" rel=\"noopener\">comercial@clorian.com<\/a><\/p><p>Tel. 34 932 506 723<\/p><p><span style=\"color: #4a4b8c;\"><strong>Si ets una ag\u00e8ncia, contacta aqu\u00ed: <\/strong><\/span><\/p><p><a href=\"mailto:sellers@clorian.com\" target=\"_blank\" rel=\"noopener\">sellers@clorian.com<\/a><\/p><\/div>\r\n\t<\/div>\r\n\r\n\r\n\t\t\r\n\r\n<\/div>\r\n\r\n<div class=\"sh-column sh-column-9adafadee3b7f1f34c6930cc6221c464 fw-col-xs-12 fw-col-sm-6\" >\r\n\r\n\t\r\n\t<div class=\"sh-column-wrapper\">\r\n\t\t<div class=\"sh-output-html\">\r\n\t<iframe src=\"https:\/\/www.google.com\/maps\/embed?pb=!1m18!1m12!1m3!1d4231.672250320181!2d2.2070616072458877!3d41.41221860168931!2m3!1f0!2f0!3f0!3m2!1i1024!2i768!4f13.1!3m3!1m2!1s0x12a4a34f21f8b347%3A0xb44ebcf29a2aa89a!2sCarrer%20de%20Vene%C3%A7uela%2C%20103%2C%201%2C%20Sant%20Mart%C3%AD%2C%2008019%20Barcelona!5e0!3m2!1ses!2ses!4v1704882834268!5m2!1ses!2ses\" width=\"100%\" height=\"450\" style=\"border:0;\" allowfullscreen=\"\" loading=\"lazy\" referrerpolicy=\"no-referrer-when-downgrade\"><\/iframe><\/div>\r\n\t<\/div>\r\n\r\n\r\n\t\t\r\n\r\n<\/div>\r\n<\/div>\n\n\t<\/div>\r\n<\/section>\r\n\r\n<section class=\"sh-section sh-section-e29b0e9e9716252dc025058e07150c32 fw-main-row sh-section-visibility-everywhere\">\r\n\t\r\n\t\r\n\t<div class=\"sh-section-container container section-justify-height\">\r\n\t\t<div class=\"fw-row\">\n\t\r\n<div class=\"sh-column sh-column-7fc67d8413b618fbb350113a6ab69bf1 fw-col-xs-12\" >\r\n\r\n\t\r\n\t<div class=\"sh-column-wrapper\">\r\n\t\t\r\n<div class=\"sh-heading  \" id=\"heading-937c3e497a85f94b2b9b48b29acf2944\">\r\n\t<div class=\"sh-element-margin\">\r\n\r\n\t\t\r\n\t\t\t<h3 class=\"sh-heading-content size-default text-left\">\r\n\t\t\t\tDelegacions internacionals\t\t\t<\/h3>\r\n\r\n\t\t\r\n\t<\/div>\r\n<\/div>\r\n\t<\/div>\r\n\r\n\r\n\t\t\r\n\r\n<\/div>\r\n<\/div>\n\n<div class=\"fw-row\">\n\t\r\n<div class=\"sh-column sh-column-2459946a77d33a15360605de74714fab fw-col-xs-12 fw-col-sm-6\" >\r\n\r\n\t\r\n\t<div class=\"sh-column-wrapper\">\r\n\t\t\r\n<div id=\"text-block-bbf38e1c330a9ccd9f3388bcb9f1efeb\" class=\"sh-text-block bullet-item text-block-dv\">\r\n\t<p><span style=\"color: #4a4b8c;\"><strong>Fran\u00e7a - Par\u00eds<\/strong><\/span><\/p><p>131 Boulevard Pereire 75017 - Paris<\/p><p><span style=\"color: #4a4b8c;\"><strong>Contacta amb el nostre equip a Fran\u00e7a:<\/strong><\/span><\/p><p><a href=\"mailto:france@clorian.com\" target=\"_blank\" rel=\"noopener\">france@clorian.com<\/a><\/p><p><span style=\"color: #4a4b8c;\"><strong>Si ets una ag\u00e8ncia, contacta aqu\u00ed: <\/strong><\/span><\/p><p><a href=\"mailto:sellers@clorian.com\" target=\"_blank\" rel=\"noopener\">sellers@clorian.com<\/a><\/p><\/div>\r\n\t<\/div>\r\n\r\n\r\n\t\t\r\n\r\n<\/div>\r\n\r\n<div class=\"sh-column sh-column-89782b3855e3f1f263d25ccb4a4b46ea fw-col-xs-12 fw-col-sm-6\" >\r\n\r\n\t\r\n\t<div class=\"sh-column-wrapper\">\r\n\t\t\r\n<div id=\"text-block-e7a82d31dd7d53bc9c183021e1b93480\" class=\"sh-text-block bullet-item\">\r\n\t<p><span style=\"color: #4a4b8c;\"><strong>Italia - N\u00e0pols<\/strong><\/span><\/p><p>Piazza Nicola Amore, 6 Scala F secondo piano 80138 - Napoli<\/p><p><span style=\"color: #4a4b8c;\"><strong>Contacta amb el nostre equip a It\u00e0lia:<\/strong><\/span><\/p><p><a href=\"mailto:italia@clorian.com\" target=\"_blank\" rel=\"noopener\">italia@clorian.com<\/a><\/p><\/div>\r\n\t<\/div>\r\n\r\n\r\n\t\t\r\n\r\n<\/div>\r\n<\/div>\n\n<div class=\"fw-row\">\n\t\r\n<div class=\"sh-column sh-column-fb7560c50ed6be1abfeede7016f26bd1 fw-col-xs-12 fw-col-sm-6\" >\r\n\r\n\t\r\n\t<div class=\"sh-column-wrapper\">\r\n\t\t\r\n<div id=\"text-block-33db7e024f1132acb149bb7840ac0746\" class=\"sh-text-block bullet-item\">\r\n\t<p><span style=\"color: #4a4b8c;\"><strong>Portugal - Lisboa<\/strong><\/span><\/p><p><span style=\"color: #4a4b8c;\"><strong>Contacta amb el nostre equip a Portugal:<\/strong><\/span><\/p><p><a href=\"mailto:portugal@clorian.com\" target=\"_blank\" rel=\"noopener\">portugal@clorian.com<\/a><\/p><p><span style=\"color: #4a4b8c;\"><strong>Si ets una ag\u00e8ncia, contacta aqu\u00ed:\u00a0<\/strong><\/span><\/p><p><a href=\"mailto:seller@clorian.com\" target=\"_blank\" rel=\"noopener\">seller@clorian.com<\/a><\/p><\/div>\r\n\t<\/div>\r\n\r\n\r\n\t\t\r\n\r\n<\/div>\r\n\r\n<div class=\"sh-column sh-column-9731eb3072d58d556b052b5a4f9e7d23 fw-col-xs-12 fw-col-sm-6\" >\r\n\r\n\t\r\n\t<div class=\"sh-column-wrapper\">\r\n\t\t\r\n<div id=\"text-block-dac187ee611c944ba2d9cfa5c51aa2d2\" class=\"sh-text-block bullet-item\">\r\n\t<p><span style=\"color: #4a4b8c;\"><strong>M\u00e8xic<\/strong><\/span><\/p><p><span style=\"color: #4a4b8c;\"><strong>Contacta amb el nostre equip a M\u00e8xic:<\/strong><\/span><\/p><p><a href=\"mailto:comercial@clorian.mx\" target=\"_blank\" rel=\"noopener\">comercial@clorian.mx<\/a><\/p><p><span style=\"color: #4a4b8c;\"><strong>Si ets una ag\u00e8ncia, contacta aqu\u00ed: <\/strong><\/span><\/p><p><a href=\"mailto:sellers@clorian.com\" target=\"_blank\" rel=\"noopener\">sellers@clorian.com<\/a><\/p><\/div>\r\n\t<\/div>\r\n\r\n\r\n\t\t\r\n\r\n<\/div>\r\n<\/div>\n\n\t<\/div>\r\n<\/section>\r\n\r\n<section class=\"sh-section sh-section-e20bd280e437b1614238ecb963580ef6 fw-main-row header_title sh-section-visibility-everywhere\" id=\"form-contact-text\">\r\n\t\r\n\t\r\n\t<div class=\"sh-section-container container-fluid\">\r\n\t\t<div class=\"fw-row\">\n\t\r\n<div class=\"sh-column sh-column-94cbaae2d6a967cb65ae4303b5b6af53 fw-col-xs-12 container_inner\" >\r\n\r\n\t\r\n\t<div class=\"sh-column-wrapper\">\r\n\t\t\r\n<div id=\"text-block-68d63d7e00de658a694d284e0ddee3ed\" class=\"sh-text-block\">\r\n\t<p>Deixa\u2019ns un missatge i et contactarem!<\/p><\/div>\r\n\t<\/div>\r\n\r\n\r\n\t\t\r\n\r\n<\/div>\r\n<\/div>\n\n\t<\/div>\r\n<\/section>\r\n\r\n<section class=\"sh-section sh-section-ea14e9da454a4952eb555d6cbbb25cb5 fw-main-row sh-section-visibility-everywhere\">\r\n\t\r\n\t\r\n\t<div class=\"sh-section-container container\">\r\n\t\t<div class=\"fw-row\">\n\t\r\n<div class=\"sh-column sh-column-5db430bf07977a71dc27dc638d5f8a09 fw-col-xs-12\" >\r\n\r\n\t\r\n\t<div class=\"sh-column-wrapper\">\r\n\t\t\r\n<div id=\"text-block-361fa4269c4890cf736ae528220a10ca\" class=\"sh-text-block\">\r\n\t<p>\n<div class=\"wpcf7 no-js\" id=\"wpcf7-f2827-o1\" lang=\"es-ES\" dir=\"ltr\" data-wpcf7-id=\"2827\">\n<div class=\"screen-reader-response\"><p role=\"status\" aria-live=\"polite\" aria-atomic=\"true\"><\/p> <ul><\/ul><\/div>\n<form action=\"\/ca\/wp-json\/wp\/v2\/pages\/2806#wpcf7-f2827-o1\" method=\"post\" class=\"wpcf7-form init\" aria-label=\"Formulario de contacto\" novalidate=\"novalidate\" data-status=\"init\">\n<fieldset class=\"hidden-fields-container\"><input type=\"hidden\" name=\"_wpcf7\" value=\"2827\" \/><input type=\"hidden\" name=\"_wpcf7_version\" value=\"6.1.1\" \/><input type=\"hidden\" name=\"_wpcf7_locale\" value=\"es_ES\" \/><input type=\"hidden\" name=\"_wpcf7_unit_tag\" value=\"wpcf7-f2827-o1\" \/><input type=\"hidden\" name=\"_wpcf7_container_post\" value=\"0\" \/><input type=\"hidden\" name=\"_wpcf7_posted_data_hash\" value=\"\" \/><input type=\"hidden\" name=\"_wpcf7_recaptcha_response\" value=\"\" \/>\n<\/fieldset>\n<div class=\"sh-cf7-body\"><p><label class=\"fw-col-xs-12 fw-col-sm-6 form-builder-item\">Nom i cognoms *<br \/>\n<span class=\"wpcf7-form-control-wrap\" data-name=\"your-name\"><input size=\"40\" maxlength=\"400\" class=\"wpcf7-form-control wpcf7-text wpcf7-validates-as-required\" aria-required=\"true\" aria-invalid=\"false\" value=\"\" type=\"text\" name=\"your-name\" \/><\/span> <\/label>\n<\/p>\n<p><label class=\"fw-col-xs-12 fw-col-sm-6 form-builder-item\">E-mail *<br \/>\n<span class=\"wpcf7-form-control-wrap\" data-name=\"your-email\"><input size=\"40\" maxlength=\"400\" class=\"wpcf7-form-control wpcf7-email wpcf7-validates-as-required wpcf7-text wpcf7-validates-as-email\" aria-required=\"true\" aria-invalid=\"false\" value=\"\" type=\"email\" name=\"your-email\" \/><\/span> <\/label>\n<\/p>\n<p><label class=\"fw-col-xs-12 fw-col-sm-4 form-builder-item\">Tel\u00e8fon *<br \/>\n<span class=\"wpcf7-form-control-wrap\" data-name=\"your-telephone\"><input size=\"40\" maxlength=\"400\" class=\"wpcf7-form-control wpcf7-tel wpcf7-validates-as-required wpcf7-text wpcf7-validates-as-tel\" aria-required=\"true\" aria-invalid=\"false\" value=\"\" type=\"tel\" name=\"your-telephone\" \/><\/span> <\/label>\n<\/p>\n<p><label class=\"fw-col-xs-12 fw-col-sm-4 form-builder-item\">Empresa<br \/>\n<span class=\"wpcf7-form-control-wrap\" data-name=\"your-company\"><input size=\"40\" maxlength=\"400\" class=\"wpcf7-form-control wpcf7-text\" aria-invalid=\"false\" value=\"\" type=\"text\" name=\"your-company\" \/><\/span> <\/label><br \/>\n<label class=\"fw-col-xs-12 fw-col-sm-4 form-builder-item\">C\u00e0rrec<br \/>\n<span class=\"wpcf7-form-control-wrap\" data-name=\"your-post\"><input size=\"40\" maxlength=\"400\" class=\"wpcf7-form-control wpcf7-text\" aria-invalid=\"false\" value=\"\" type=\"text\" name=\"your-post\" \/><\/span><\/label>\n<\/p>\n<p><label class=\"fw-col-xs-12 form-builder-item\">Explica'ns el que vulguis *<br \/>\n<span class=\"wpcf7-form-control-wrap\" data-name=\"your-message\"><textarea cols=\"40\" rows=\"10\" maxlength=\"2000\" class=\"wpcf7-form-control wpcf7-textarea wpcf7-validates-as-required\" aria-required=\"true\" aria-invalid=\"false\" name=\"your-message\"><\/textarea><\/span> <\/label>\n<\/p>\n<p><label><span class=\"wpcf7-form-control-wrap\" data-name=\"acceptance-103\"><span class=\"wpcf7-form-control wpcf7-acceptance\"><span class=\"wpcf7-list-item\"><label><input type=\"checkbox\" name=\"acceptance-103\" value=\"1\" aria-invalid=\"false\" \/><span class=\"wpcf7-list-item-label\">Accepto les <a href=\"https:\/\/clorian.com\/ca\/politica-privacidad\/\" target=\"_blank\">condicions de privacitat<\/a><\/span><\/label><\/span><\/span><\/span><\/label>\n<\/p>\n<p><input class=\"wpcf7-form-control wpcf7-submit has-spinner\" type=\"submit\" value=\"Enviar\" \/>\n<\/p><\/div><div class=\"wpcf7-response-output\" aria-hidden=\"true\"><\/div>\n<\/form>\n<\/div>\n<\/p><\/div>\r\n\t<\/div>\r\n\r\n\r\n\t\t\r\n\r\n<\/div>\r\n<\/div>\n\n\t<\/div>\r\n<\/section>\r\n<\/p>\n","protected":false},"excerpt":{"rendered":"<p>\u00bfA on estem? Inici &gt; Contacte Espanya &#8211; Oficines centrals a Barcelona i delegaci\u00f3 a Madrid.Carrer de Vene\u00e7uela 103 &#8211; 3\u00aa 1, 08019 &#8211; BarcelonaContacta amb el nostre equip a Espanya: comercial@clorian.comTel. 34 932 506 723Si ets una ag\u00e8ncia, contacta aqu\u00ed: sellers@clorian.com Delegacions internacionals Fran\u00e7a&#8230;<\/p>\n","protected":false},"author":1,"featured_media":0,"parent":0,"menu_order":0,"comment_status":"closed","ping_status":"closed","template":"","meta":{"footnotes":""},"class_list":["post-2806","page","type-page","status-publish","hentry"],"_links":{"self":[{"href":"https:\/\/clorian.com\/ca\/wp-json\/wp\/v2\/pages\/2806","targetHints":{"allow":["GET"]}}],"collection":[{"href":"https:\/\/clorian.com\/ca\/wp-json\/wp\/v2\/pages"}],"about":[{"href":"https:\/\/clorian.com\/ca\/wp-json\/wp\/v2\/types\/page"}],"author":[{"embeddable":true,"href":"https:\/\/clorian.com\/ca\/wp-json\/wp\/v2\/users\/1"}],"replies":[{"embeddable":true,"href":"https:\/\/clorian.com\/ca\/wp-json\/wp\/v2\/comments?post=2806"}],"version-history":[{"count":18,"href":"https:\/\/clorian.com\/ca\/wp-json\/wp\/v2\/pages\/2806\/revisions"}],"predecessor-version":[{"id":6809,"href":"https:\/\/clorian.com\/ca\/wp-json\/wp\/v2\/pages\/2806\/revisions\/6809"}],"wp:attachment":[{"href":"https:\/\/clorian.com\/ca\/wp-json\/wp\/v2\/media?parent=2806"}],"curies":[{"name":"wp","href":"https:\/\/api.w.org\/{rel}","templated":true}]}}