{"id":10300,"date":"2025-08-11T16:39:22","date_gmt":"2025-08-11T14:39:22","guid":{"rendered":"https:\/\/clorian.com\/?page_id=10300"},"modified":"2025-08-14T11:42:49","modified_gmt":"2025-08-14T09:42:49","slug":"declaration-daccessibilite","status":"publish","type":"page","link":"https:\/\/clorian.com\/fr\/declaration-daccessibilite\/","title":{"rendered":"D\u00e9claration d&#8217;accessibilit\u00e9"},"content":{"rendered":"<p>\r\n<section class=\"sh-section sh-section-c84bf8bd8ea24e3f9e10cf7b04537d82 fw-main-row header_title sh-section-visibility-everywhere\">\r\n\t\r\n\t\r\n\t<div class=\"sh-section-container container-fluid\">\r\n\t\t<div class=\"fw-row\">\n\t\r\n<div class=\"sh-column sh-column-dee342c786194847debb144e842e16c2 fw-col-xs-12 container_inner\" >\r\n\r\n\t\r\n\t<div class=\"sh-column-wrapper\">\r\n\t\t\r\n<div id=\"text-block-db4c4475275e3bb8d1f2d547de7b4fae\" class=\"sh-text-block\">\r\n\t<p><div id=\"breadcrumbs\" class=\"breadcrumb-trail breadcrumbs\"><span class=\"item-home\"><a class=\"bread-link bread-home\" href=\"https:\/\/clorian.com\/fr\/\" title=\"Menu principal\">Menu principal<\/a><\/span><span class=\"separator\"> &gt; <\/span><span class=\"item-current\"><span class=\"bread-current\">D\u00e9claration d&#8217;accessibilit\u00e9<\/span><\/span><\/div><\/p><\/div>\r\n\t<\/div>\r\n\r\n\r\n\t\t\r\n\r\n<\/div>\r\n<\/div>\n\n\t<\/div>\r\n<\/section>\r\n\r\n<section class=\"sh-section sh-section-95c11961bb3db6600e693a3fa017c564 fw-main-row legal_text sh-section-visibility-everywhere\">\r\n\t\r\n\t\r\n\t<div class=\"sh-section-container container\">\r\n\t\t<div class=\"fw-row\">\n\t\r\n<div class=\"sh-column sh-column-bce866ea43e3be4344a67f1c56b0d56a fw-col-xs-12\" >\r\n\r\n\t\r\n\t<div class=\"sh-column-wrapper\">\r\n\t\t\r\n<div id=\"text-block-531719c3763b1ed79fd6a820ef4d3d5b\" class=\"sh-text-block\">\r\n\t<h1>D\u00e9claration d\u2019accessibilit\u00e9<\/h1><p>La pr\u00e9sente d\u00e9claration d\u2019accessibilit\u00e9 s\u2019applique aux sites web de la plateforme Clorian.<\/p><p>Chacun de ces sites web peut avoir sa propre d\u00e9claration d\u2019accessibilit\u00e9.<\/p><h2>\u00c9tat de conformit\u00e9<\/h2><p>Ce site web est <strong>partiellement conforme<\/strong> aux R\u00e8gles pour l\u2019accessibilit\u00e9 des contenus Web (WCAG) 2.1 niveau AA, en raison du non-respect des aspects indiqu\u00e9s ci-dessous.<\/p><h2>Contenu non accessible<\/h2><p>Le contenu indiqu\u00e9 ci-apr\u00e8s n\u2019est pas accessible pour les raisons suivantes :<\/p><ul><li><strong>Non-conformit\u00e9 au D\u00e9cret Royal 1112\/2018 :<\/strong> Certaines pages peuvent contenir :<ul><li>Des contr\u00f4les interactifs sans \u00e9tiquettes adapt\u00e9es aux technologies d\u2019assistance.<\/li><li>Des documents PDF ou contenus multim\u00e9dias sans alternatives accessibles, comme certains des vid\u00e9os int\u00e9gr\u00e9es.<\/li><li>Des contrastes de couleur insuffisants dans des \u00e9l\u00e9ments secondaires.<\/li><\/ul><\/li><li><strong>Charge disproportionn\u00e9e :<\/strong> Non applicable.<\/li><li><strong>Le contenu n\u2019entre pas dans le champ de la l\u00e9gislation applicable :<\/strong> Certains contenus tiers, non financ\u00e9s ni d\u00e9velopp\u00e9s par notre organisation, peuvent ne pas respecter pleinement les exigences en mati\u00e8re d\u2019accessibilit\u00e9.<\/li><\/ul><h2>Pr\u00e9paration de la pr\u00e9sente d\u00e9claration d\u2019accessibilit\u00e9<\/h2><p>La pr\u00e9sente d\u00e9claration a \u00e9t\u00e9 pr\u00e9par\u00e9e le <strong>15 avril 2025<\/strong>.<\/p><p>La m\u00e9thode utilis\u00e9e pour pr\u00e9parer cette d\u00e9claration a \u00e9t\u00e9 une <strong>auto-\u00e9valuation interne<\/strong>, appuy\u00e9e par des outils automatiques et un examen manuel sur un \u00e9chantillon repr\u00e9sentatif des diff\u00e9rents sites web.<\/p><h2>Observations et coordonn\u00e9es<\/h2><p>Vous pouvez transmettre des communications relatives aux exigences d\u2019accessibilit\u00e9 (article 10.2.a du D\u00e9cret Royal 1112\/2018) telles que :<\/p><ul><li>Signaler toute \u00e9ventuelle non-conformit\u00e9 de ce site web.<\/li><li>Faire part d\u2019autres difficult\u00e9s d\u2019acc\u00e8s au contenu.<\/li><li>Formuler toute autre question ou suggestion d\u2019am\u00e9lioration concernant l\u2019accessibilit\u00e9 du site web.<\/li><\/ul><p>Par le canal de contact suivant : <a href=\"mailto:accesibilidad@clorian.com\">accesibilidad@clorian.com<\/a><\/p><h2>Contenu optionnel<\/h2><p>Nous nous engageons \u00e0 am\u00e9liorer continuellement l\u2019accessibilit\u00e9 et travaillons activement \u00e0 r\u00e9soudre les zones identifi\u00e9es comme non conformes. Notre objectif est d\u2019atteindre un niveau complet d\u2019accessibilit\u00e9 AA lors des prochaines it\u00e9rations du site.<\/p><p><strong>Derni\u00e8re r\u00e9vision de la d\u00e9claration :<\/strong> 15 avril 2025.<\/p><\/div>\r\n\t<\/div>\r\n\r\n\r\n\t\t\r\n\r\n<\/div>\r\n<\/div>\n\n\t<\/div>\r\n<\/section>\r\n<\/p>\n","protected":false},"excerpt":{"rendered":"<p>Menu principal &gt; D\u00e9claration d&#8217;accessibilit\u00e9 D\u00e9claration d\u2019accessibilit\u00e9La pr\u00e9sente d\u00e9claration d\u2019accessibilit\u00e9 s\u2019applique aux sites web de la plateforme Clorian.Chacun de ces sites web peut avoir sa propre d\u00e9claration d\u2019accessibilit\u00e9.\u00c9tat de conformit\u00e9Ce site web est partiellement conforme aux R\u00e8gles pour l\u2019accessibilit\u00e9 des contenus Web (WCAG) 2.1 niveau&#8230;<\/p>\n","protected":false},"author":1,"featured_media":0,"parent":0,"menu_order":0,"comment_status":"closed","ping_status":"closed","template":"","meta":{"footnotes":""},"class_list":["post-10300","page","type-page","status-publish","hentry"],"_links":{"self":[{"href":"https:\/\/clorian.com\/fr\/wp-json\/wp\/v2\/pages\/10300","targetHints":{"allow":["GET"]}}],"collection":[{"href":"https:\/\/clorian.com\/fr\/wp-json\/wp\/v2\/pages"}],"about":[{"href":"https:\/\/clorian.com\/fr\/wp-json\/wp\/v2\/types\/page"}],"author":[{"embeddable":true,"href":"https:\/\/clorian.com\/fr\/wp-json\/wp\/v2\/users\/1"}],"replies":[{"embeddable":true,"href":"https:\/\/clorian.com\/fr\/wp-json\/wp\/v2\/comments?post=10300"}],"version-history":[{"count":2,"href":"https:\/\/clorian.com\/fr\/wp-json\/wp\/v2\/pages\/10300\/revisions"}],"predecessor-version":[{"id":10453,"href":"https:\/\/clorian.com\/fr\/wp-json\/wp\/v2\/pages\/10300\/revisions\/10453"}],"wp:attachment":[{"href":"https:\/\/clorian.com\/fr\/wp-json\/wp\/v2\/media?parent=10300"}],"curies":[{"name":"wp","href":"https:\/\/api.w.org\/{rel}","templated":true}]}}