{"id":4869,"date":"2020-06-14T08:44:05","date_gmt":"2020-06-14T08:44:05","guid":{"rendered":"https:\/\/clorian.com\/aviso-legal\/"},"modified":"2023-10-24T11:22:59","modified_gmt":"2023-10-24T09:22:59","slug":"mentions-legales","status":"publish","type":"page","link":"https:\/\/clorian.com\/fr\/mentions-legales\/","title":{"rendered":"Mentions L\u00e9gales"},"content":{"rendered":"<p>\r\n<section class=\"sh-section sh-section-50778fbc16e7f97b9a581007b463e9d0 fw-main-row header_title sh-section-visibility-everywhere\">\r\n\t\r\n\t\r\n\t<div class=\"sh-section-container container-fluid\">\r\n\t\t<div class=\"fw-row\">\n\t\r\n<div class=\"sh-column sh-column-9c2ff0cf8a35da53dc357345d69b252d fw-col-xs-12 container_inner\" >\r\n\r\n\t\r\n\t<div class=\"sh-column-wrapper\">\r\n\t\t\r\n<div id=\"text-block-ef6d49c2795d46ced6114bcbb7fb7742\" class=\"sh-text-block\">\r\n\t<p><div id=\"breadcrumbs\" class=\"breadcrumb-trail breadcrumbs\"><span class=\"item-home\"><a class=\"bread-link bread-home\" href=\"https:\/\/clorian.com\/fr\/\" title=\"Menu principal\">Menu principal<\/a><\/span><span class=\"separator\"> &gt; <\/span><span class=\"item-current\"><span class=\"bread-current\">Mentions L\u00e9gales<\/span><\/span><\/div><\/p><p>&nbsp;<\/p><\/div>\r\n\t<\/div>\r\n\r\n\r\n\t\t\r\n\r\n<\/div>\r\n<\/div>\n\n\t<\/div>\r\n<\/section>\r\n\r\n<section class=\"sh-section sh-section-d838b6e02fed82f96833ee893331d4d8 fw-main-row legal_text sh-section-visibility-everywhere\">\r\n\t\r\n\t\r\n\t<div class=\"sh-section-container container\">\r\n\t\t<div class=\"fw-row\">\n\t\r\n<div class=\"sh-column sh-column-2c995a5495601fccb8f167ea7846a52f fw-col-xs-12\" >\r\n\r\n\t\r\n\t<div class=\"sh-column-wrapper\">\r\n\t\t\r\n<div id=\"text-block-584f09623c540d0d672ffa4a0bd96ba1\" class=\"sh-text-block\">\r\n\t<h3>1 - INFORMATION SOCIALE<\/h3><p>Conform\u00e9ment \u00e0 la loi 34\/2002 du 11 juillet sur les services de la soci\u00e9t\u00e9 de l'information et du commerce \u00e9lectronique, <strong>TIQUETEO SPAIN SL<\/strong> vous informe qu'il est le propri\u00e9taire des sites Web : <strong>www.clorian.com<\/strong>, conform\u00e9ment \u00e0 l'exigence de l'article 10 de la loi susmentionn\u00e9e, <strong>TIQUETEO SPAIN SL<\/strong>, notifie les informations suivantes : le propri\u00e9taire de cette page Web est<strong> TIQUETEO SPAIN SL<\/strong> avec NIF\/CIF : <strong>B66045345<\/strong>. Registre du commerce de <strong>BARCELONE<\/strong> Tome : <strong>43775<\/strong>. Page : <strong>2, S 8,<\/strong>. Feuille : <strong>B-437914<\/strong>, et si\u00e8ge social :<strong> Carrer de Vene\u00e7uela 103 - 3\u00aa 1,<\/strong> <strong>08019 - Barcelone<\/strong>. Localisation : <strong>BARCELONE<\/strong>. Province : <strong>Barcelone<\/strong>. L'adresse e-mail de contact de la soci\u00e9t\u00e9 est : <a href=\"mailto:info@clorian.com\"><u>info@clorian.com<\/u><\/a><\/p><h3>2 - UTILISATEUR ET R\u00c9GIME DE RESPONSABILIT\u00c9S<\/h3><p>La navigation par l'acc\u00e8s ou l'utilisation du site Web <strong>www.clorian.com<\/strong> et de tous les sous-domaines et r\u00e9pertoires qui y sont inclus, ainsi que des services ou contenus qui peuvent \u00eatre obtenus \u00e0 travers celui-ci et de tous les portails de domaine propres appartenant \u00e0 <strong>TIQUETEO SPAIN SL<\/strong>, accorde la condition d'Utilisateur, par laquelle ils acceptent, lors de la navigation sur la page <strong>TIQUETEO SPAIN SL<\/strong>, toutes les conditions d'utilisation qui sont \u00e9tablies ici sans nuire \u00e0 l'application des r\u00e9glementations l\u00e9gales obligatoires correspondantes, le cas \u00e9ch\u00e9ant.<\/p><p>Par cons\u00e9quent, si les consid\u00e9rations d\u00e9taill\u00e9es dans le pr\u00e9sent avis juridique ne vous conviennent pas, veuillez ne pas utiliser le portail, car toute utilisation que vous en ferez ou les services et contenus qui y sont inclus impliquera l'acceptation des termes juridiques contenus dans ce texte.<\/p><p>Le site Web de <strong>TIQUETEO SPAIN SL<\/strong> fournit une large gamme d'informations, de services et de donn\u00e9es. L'utilisateur assume sa responsabilit\u00e9 dans l'utilisation correcte des sites Web. Cette responsabilit\u00e9 s'\u00e9tendra \u00e0 : La v\u00e9racit\u00e9 et la l\u00e9galit\u00e9 des informations fournies par l'utilisateur dans les formulaires \u00e9mis par <strong>TIQUETEO SPAIN SL<\/strong> pour acc\u00e9der \u00e0 certains contenus ou services propos\u00e9s sur le site.<\/p><p>L'utilisation des informations, services et donn\u00e9es propos\u00e9s par <strong>TIQUETEO SPAIN SL<\/strong> n'ira pas \u00e0 l'encontre des dispositions de ces conditions, de la loi, de la morale, des bonnes m\u0153urs ou de l'ordre public ou qui, dans un autre cas, pourrait impliquer une atteinte aux droits de parties tiers ou le fonctionnement des sites Web. \u00c0 cette fin, l'Utilisateur s'abstiendra d'utiliser tout contenu \u00e0 des fins ou effets ill\u00e9gaux, interdits dans ce texte, pr\u00e9judiciables aux droits et int\u00e9r\u00eats de tiers, ou qui, de quelque mani\u00e8re que ce soit, pourraient endommager, d\u00e9sactiver, surcharger, d\u00e9t\u00e9riorer ou emp\u00eacher l'utilisation normale du contenu, d'autres Utilisateurs ou de tout internaute (mat\u00e9riel et logiciel).<\/p><p>Les utilisateurs seront responsables des dommages de toute nature que la soci\u00e9t\u00e9 propri\u00e9taire du site Web pourrait subir, directement ou indirectement, \u00e0 la suite de la violation de l'une des obligations d\u00e9coulant de l'utilisation du site Web et de la pr\u00e9sente politique de confidentialit\u00e9.<\/p><p>En particulier, et \u00e0 titre purement indicatif et non exhaustif, l'Utilisateur s'engage \u00e0 ne pas transmettre, diffuser ou mettre \u00e0 la disposition de tiers des informations, donn\u00e9es, contenus, messages, graphiques, dessins, fichiers son et\/ou image, photographies du web.<\/p><\/div>\r\n\t<\/div>\r\n\r\n\r\n\t\t\r\n\r\n<\/div>\r\n<\/div>\n\n\t<\/div>\r\n<\/section>\r\n<\/p>\n","protected":false},"excerpt":{"rendered":"<p>Menu principal &gt; Mentions L\u00e9gales&nbsp; 1 &#8211; INFORMATION SOCIALEConform\u00e9ment \u00e0 la loi 34\/2002 du 11 juillet sur les services de la soci\u00e9t\u00e9 de l&#8217;information et du commerce \u00e9lectronique, TIQUETEO SPAIN SL vous informe qu&#8217;il est le propri\u00e9taire des sites Web : www.clorian.com, conform\u00e9ment \u00e0 l&#8217;exigence&#8230;<\/p>\n","protected":false},"author":1,"featured_media":0,"parent":0,"menu_order":0,"comment_status":"closed","ping_status":"closed","template":"","meta":{"footnotes":""},"class_list":["post-4869","page","type-page","status-publish","hentry"],"_links":{"self":[{"href":"https:\/\/clorian.com\/fr\/wp-json\/wp\/v2\/pages\/4869","targetHints":{"allow":["GET"]}}],"collection":[{"href":"https:\/\/clorian.com\/fr\/wp-json\/wp\/v2\/pages"}],"about":[{"href":"https:\/\/clorian.com\/fr\/wp-json\/wp\/v2\/types\/page"}],"author":[{"embeddable":true,"href":"https:\/\/clorian.com\/fr\/wp-json\/wp\/v2\/users\/1"}],"replies":[{"embeddable":true,"href":"https:\/\/clorian.com\/fr\/wp-json\/wp\/v2\/comments?post=4869"}],"version-history":[{"count":4,"href":"https:\/\/clorian.com\/fr\/wp-json\/wp\/v2\/pages\/4869\/revisions"}],"predecessor-version":[{"id":5778,"href":"https:\/\/clorian.com\/fr\/wp-json\/wp\/v2\/pages\/4869\/revisions\/5778"}],"wp:attachment":[{"href":"https:\/\/clorian.com\/fr\/wp-json\/wp\/v2\/media?parent=4869"}],"curies":[{"name":"wp","href":"https:\/\/api.w.org\/{rel}","templated":true}]}}