{"id":4870,"date":"2020-04-28T14:33:16","date_gmt":"2020-04-28T14:33:16","guid":{"rendered":"https:\/\/clorian.com\/politica-privacidad\/"},"modified":"2025-08-14T11:45:09","modified_gmt":"2025-08-14T09:45:09","slug":"politique-confidentialite","status":"publish","type":"page","link":"https:\/\/clorian.com\/fr\/politique-confidentialite\/","title":{"rendered":"Politique de Confidentialit\u00e9"},"content":{"rendered":"<p>\r\n<section class=\"sh-section sh-section-c84bf8bd8ea24e3f9e10cf7b04537d82 fw-main-row header_title sh-section-visibility-everywhere\">\r\n\t\r\n\t\r\n\t<div class=\"sh-section-container container-fluid\">\r\n\t\t<div class=\"fw-row\">\n\t\r\n<div class=\"sh-column sh-column-dee342c786194847debb144e842e16c2 fw-col-xs-12 container_inner\" >\r\n\r\n\t\r\n\t<div class=\"sh-column-wrapper\">\r\n\t\t\r\n<div id=\"text-block-db4c4475275e3bb8d1f2d547de7b4fae\" class=\"sh-text-block\">\r\n\t<p><div id=\"breadcrumbs\" class=\"breadcrumb-trail breadcrumbs\"><span class=\"item-home\"><a class=\"bread-link bread-home\" href=\"https:\/\/clorian.com\/fr\/\" title=\"Menu principal\">Menu principal<\/a><\/span><span class=\"separator\"> &gt; <\/span><span class=\"item-current\"><span class=\"bread-current\">Politique de Confidentialit\u00e9<\/span><\/span><\/div><\/p><\/div>\r\n\t<\/div>\r\n\r\n\r\n\t\t\r\n\r\n<\/div>\r\n<\/div>\n\n\t<\/div>\r\n<\/section>\r\n\r\n<section class=\"sh-section sh-section-95c11961bb3db6600e693a3fa017c564 fw-main-row legal_text sh-section-visibility-everywhere\">\r\n\t\r\n\t\r\n\t<div class=\"sh-section-container container\">\r\n\t\t<div class=\"fw-row\">\n\t\r\n<div class=\"sh-column sh-column-bce866ea43e3be4344a67f1c56b0d56a fw-col-xs-12\" >\r\n\r\n\t\r\n\t<div class=\"sh-column-wrapper\">\r\n\t\t\r\n<div id=\"text-block-531719c3763b1ed79fd6a820ef4d3d5b\" class=\"sh-text-block\">\r\n\t<h3>1. POLITIQUE DE LIENS ET EXEMPTIONS DE RESPONSABILIT\u00c9<\/h3><p><strong>TIQUETEO SPAIN SL<\/strong> n'est pas responsable du contenu des pages Web auxquelles l'utilisateur peut acc\u00e9der via les liens \u00e9tablis sur ses sites Web et d\u00e9clare qu'en aucun cas il n'examinera ni n'exercera aucun type de contr\u00f4le sur le contenu des autres pages Web.<\/p><p>De m\u00eame, il ne garantit pas la disponibilit\u00e9 technique, l'exactitude, la v\u00e9racit\u00e9, la validit\u00e9 ou la l\u00e9galit\u00e9 des pages qui ne lui appartiennent pas et qui sont accessibles via les liens.<\/p><p><strong>TIQUETEO SPAIN SL<\/strong> d\u00e9clare avoir adopt\u00e9 toutes les mesures n\u00e9cessaires pour \u00e9viter tout dommage pouvant r\u00e9sulter de la navigation sur ses pages web. Par cons\u00e9quent, <strong>TIQUETEO SPAIN SL<\/strong> n'est en aucun cas responsable des dommages que l'utilisateur pourrait subir du fait de la navigation sur Internet.<\/p><p><strong>TIQUETEO SPAIN SL<\/strong> n'est pas responsable des dommages ou pertes de toute nature produits chez l'Utilisateur qui provoquent des pannes ou des d\u00e9connexions dans les r\u00e9seaux de t\u00e9l\u00e9communications qui produisent la suspension, l'annulation, l'installation ou l'interruption du service Web pendant la fourniture de celui-ci ou avec un caract\u00e8re pr\u00e9c\u00e9dent.<\/p><p>Acc\u00e8s au site web : <strong>www.clorian.com<\/strong> n'implique aucune obligation de la part de la soci\u00e9t\u00e9 de contr\u00f4ler l'absence de virus ou de tout autre \u00e9l\u00e9ment informatique nuisible. Dans tous les cas, l'Utilisateur est responsable de la disponibilit\u00e9 d'outils ad\u00e9quats pour la d\u00e9tection et la d\u00e9sinfection des programmes informatiques nuisibles.<\/p><p><strong>TIQUETEO SPAIN SL<\/strong> n'est pas responsable des dommages caus\u00e9s au mat\u00e9riel informatique, aux documents et\/ou aux fichiers des Utilisateurs ou de tiers lors de la fourniture du service sur le Portail.<\/p><h3>2. PUBLICIT\u00c9<\/h3><p>Le site web: <strong>www.clorian.com<\/strong> peut h\u00e9berger de la publicit\u00e9 ou du contenu sponsoris\u00e9. Les annonceurs ou les sponsors sont seuls responsables de s'assurer que le mat\u00e9riel soumis pour inclusion sur le Web est conforme aux lois applicables dans chaque cas.<\/p><p><strong>TIQUETEO SPAIN SL<\/strong> ne sera pas responsable de toute erreur, inexactitude ou irr\u00e9gularit\u00e9 pouvant \u00eatre contenue dans la publicit\u00e9 ou le contenu du sponsor.<\/p><h3>3. MODIFICATIONS<\/h3><p><strong>TIQUETEO SPAIN SL<\/strong> se r\u00e9serve le droit d'apporter, sans pr\u00e9avis, les modifications qu'elle jugera opportunes au contenu de ses sites, tant au niveau du contenu des sites que de leurs conditions d'utilisation ou des conditions g\u00e9n\u00e9rales contractuelles. Lesdites modifications peuvent \u00eatre apport\u00e9es, via leurs sites web, de toute mani\u00e8re admissible par la loi et seront obligatoires pendant la dur\u00e9e de leur publication sur le web et jusqu'\u00e0 ce qu'elles soient modifi\u00e9es par les suivantes.<\/p><h3>4. COOKIES<\/h3><p><strong>TIQUETEO SPAIN SL<\/strong> se r\u00e9serve le droit d'utiliser des cookies dans la navigation de l'utilisateur \u00e0 travers ses sites web pour faciliter la personnalisation et le confort de navigation. Conform\u00e9ment \u00e0 la politique de protection des donn\u00e9es de l'entreprise, <strong>TIQUETEO SPAIN SL<\/strong> informe que les cookies sont associ\u00e9s \u00e0 l'utilisateur anonyme et \u00e0 son ordinateur et ne fournissent pas le nom ou le pr\u00e9nom de l'utilisateur.<\/p><p>L'utilisateur a la possibilit\u00e9 de configurer son navigateur pour qu'il soit inform\u00e9 de la r\u00e9ception de cookies, pouvant, s'il le souhaite, emp\u00eacher leur installation sur son disque dur. Cependant, pour acc\u00e9der aux sites Web de <strong>TIQUETEO SPAIN SL<\/strong>, l'installation de cookies n'est pas obligatoire.<\/p><p>L'utilisateur s'engage \u00e0 s'abstenir de reproduire, copier, distribuer, mettre \u00e0 disposition ou de communiquer publiquement, transformer ou modifier le Contenu, sauf autorisation du titulaire des droits correspondants ou autorisation l\u00e9gale.<\/p><h3>5. PROTECTION DES DONN\u00c9ES PERSONNELLES<\/h3><p>Conform\u00e9ment aux dispositions de la loi organique et du r\u00e8glement g\u00e9n\u00e9ral-UE-2016\/679 du Parlement et du Conseil de l'Europe pour la protection des donn\u00e9es personnelles, approuv\u00e9 le 27 avril 2016, <strong>TIQUETEO SPAIN SL<\/strong> informe les utilisateurs de ses sites web que nous sommes tenus de garder le secret professionnel sur les donn\u00e9es personnelles collect\u00e9es par la soci\u00e9t\u00e9 \u00e0 travers les formulaires situ\u00e9s sur ses pages, cette obligation perdurera m\u00eame apr\u00e8s la fin de notre relation commerciale ou contractuelle, et en aucun cas nous ne pouvons rendre publiques les donn\u00e9es personnelles des visiteurs et clients sur le site web sans leur consentement. Les mineurs de moins de 14 ans ne peuvent pas donner leur consentement pour qu'une entreprise collecte et traite leurs donn\u00e9es personnelles ; seuls leurs repr\u00e9sentants l\u00e9gaux (parents ou tuteurs) peuvent le faire en leur nom. Les entreprises qui ont besoin de traiter les donn\u00e9es de mineurs de moins de 14 ans doivent disposer des moyens d'obtenir le consentement de leurs parents ou tuteurs, par exemple au moyen d'un message \u00e9lectronique adress\u00e9 \u00e0 l'un d'entre eux contenant un lien vers un formulaire. Les enfants de moins de 14 ans ne peuvent pas se voir demander des informations sur l'environnement familial, la seule exception \u00e9tant l'identification et les coordonn\u00e9es des parents ou tuteurs.<\/p><p>Ces donn\u00e9es seront introduites dans un fichier automatis\u00e9 sous la responsabilit\u00e9 de l'administrateur du site web de<strong> TIQUETEO SPAIN SL<\/strong> afin de faciliter, d'acc\u00e9l\u00e9rer et de remplir les engagements \u00e9tablis entre les deux parties. De m\u00eame,<strong> TIQUETEO SPAIN SL<\/strong> informe de la possibilit\u00e9 d'exercer les droits <strong>d'acc\u00e8s<\/strong>, ce qui permet \u00e0 l'internaute de conna\u00eetre les donn\u00e9es personnelles dont dispose l'administrateur de cette page et, dans ce cas, il r\u00e9pondra dans un d\u00e9lai de 30 jours, \u00e0 condition qu'il conserve les donn\u00e9es, la <strong>rectification<\/strong>, qui permet de corriger les erreurs, de modifier les donn\u00e9es inexactes ou incompl\u00e8tes et de garantir l'exactitude des informations, <strong>l'opposition<\/strong> que vous pouvez demander et obtenir que nous ne proc\u00e9dions pas au traitement des donn\u00e9es, la <strong>suppression<\/strong> qui permet de supprimer les donn\u00e9es insuffisantes ou excessives, la <strong>limitation<\/strong>, par laquelle vous pouvez demander que le traitement de vos donn\u00e9es soit limit\u00e9 lorsque vous avez exerc\u00e9 votre droit de rectification de vos donn\u00e9es personnelles, et la <strong>portabilit\u00e9<\/strong>, afin que l'utilisateur puisse obtenir une copie des donn\u00e9es personnelles qu'ils ont fournis sur le web afin de pouvoir les transmettre \u00e0 d'autres services, ces droits peuvent \u00eatre exerc\u00e9s par tout moyen permettant d'enregistrer leur envoi et leur r\u00e9ception \u00e0 l'adresse : <strong>C\/\u00c1laba 140-146, 5\u00ba 3\u00aa.<\/strong> Code postal : <strong>08018<\/strong>. Ville : <strong>BARCELONE<\/strong>. Province : <strong>Barcelone<\/strong>. Courriel : <u>info@clorian.com<\/u>, en fournissant une photocopie du DNI ou un autre document prouvant votre identit\u00e9.<\/p><p>Sauf information contraire de votre part, nous comprendrons que vos donn\u00e9es n'ont pas \u00e9t\u00e9 modifi\u00e9es, que vous vous engagez \u00e0 nous informer de toute variation et que nous avons votre consentement pour les utiliser afin de fid\u00e9liser la relation entre chaque partie.<\/p><p>L'envoi de vos donn\u00e9es via les formulaires de notre site web sera subordonn\u00e9 au fait que vous avez lu\/accept\u00e9 la politique de confidentialit\u00e9, via une case \u00e0 cocher obligatoire en bas du formulaire.<\/p><p>Conform\u00e9ment aux dispositions de la loi 34\/2002 sur les services de la soci\u00e9t\u00e9 de l'information et du commerce \u00e9lectronique dans son article 21, nous demandons votre consentement pour pouvoir effectuer des communications publicitaires que nous consid\u00e9rons susceptibles de vous int\u00e9resser, par courrier \u00e9lectronique ou par tout autre moyen de communication \u00e9lectronique \u00e9quivalent, ce consentement sera accept\u00e9 ou refus\u00e9 par une case \u00e0 cocher obligatoire en bas du formulaire.<\/p><h3>6. PROPRI\u00c9T\u00c9 INTELLECTUELLE<\/h3><p>Les droits de propri\u00e9t\u00e9 intellectuelle et industrielle d\u00e9riv\u00e9s de tous les textes, images, ainsi que les moyens et formes de pr\u00e9sentation et d'assemblage de ses pages appartiennent, par eux-m\u00eames ou en tant que cessionnaire, \u00e0 <strong>TIQUETEO SPAIN SL<\/strong>. Il s'agira donc d'\u0153uvres prot\u00e9g\u00e9es par la propri\u00e9t\u00e9 intellectuelle par le syst\u00e8me juridique espagnol et les r\u00e9glementations espagnoles et communautaires dans ce domaine pourront leur \u00eatre appliqu\u00e9es, ainsi que les trait\u00e9s internationaux relatifs \u00e0 la mati\u00e8re et sign\u00e9s par l'Espagne.<\/p><p>Tous droits r\u00e9serv\u00e9s. Conform\u00e9ment \u00e0 la Loi sur la Propri\u00e9t\u00e9 Intellectuelle, la reproduction, la distribution, la communication publique et l'utilisation de tout ou partie du contenu de ces pages web sont express\u00e9ment interdites sans le consentement explicite de <strong>TIQUETEO SPAIN SL<\/strong>.<\/p><p>De m\u00eame, <strong>TIQUETEO SPAIN SL<\/strong> se r\u00e9serve le droit de pr\u00e9senter des actions civiles ou p\u00e9nales qu'elle juge appropri\u00e9es pour l'utilisation abusive de ses pages web et de son contenu ou pour violation de ces conditions.<\/p><h3>7. SCEAU DE CONFIANCE<\/h3><p>Les sceaux de confiance sont des badges fournis aux magasins en ligne pour d\u00e9montrer leur qualit\u00e9 et leur s\u00e9curit\u00e9 dans les ventes en ligne.<\/p><p>Pour obtenir le sceau, ceux-ci sont audit\u00e9s ou \u00e9valu\u00e9s afin de v\u00e9rifier qu'ils r\u00e9pondent aux crit\u00e8res de s\u00e9curit\u00e9 lors de l'achat et de conformit\u00e9 l\u00e9gale en mati\u00e8re de confidentialit\u00e9 et de protection des donn\u00e9es des consommateurs.<\/p><p>Les boutiques qui ont un sceau de confiance adh\u00e8rent \u00e0 un code de conduite et proposent g\u00e9n\u00e9ralement aux consommateurs des proc\u00e9dures alternatives de r\u00e8glement des litiges simples, rapides et pratiques.<\/p><h3>8. ATTESTATIONS DE CONFORMIT\u00c9 LSSI-CE ET PROTECTION DES DONN\u00c9ES<\/h3><p><strong>www.clorian.com<\/strong> est conforme \u00e0 la r\u00e9glementation en vigueur sur la protection des donn\u00e9es et \u00e0 la <strong>LSSI-CE<\/strong>, et a \u00e9t\u00e9 conseill\u00e9 sur ces r\u00e9glementations par\u00a0<a href=\"http:\/\/www.grupoqualia.net\/es\/inicio\"><strong>GRUPO QUALIA<\/strong><\/a><strong>,<\/strong> pour cette raison, ils re\u00e7oivent deux certificats distincts au format d'image num\u00e9rique afin qu'ils puissent \u00eatre affich\u00e9s sur leur site web.<\/p><h3>9. ACTIONS JUDICIAIRES, DROIT APPLICABLE ET JURIDICTION<\/h3><p>La relation entre l'utilisateur et<strong> TIQUETEO SPAIN SL<\/strong> sera r\u00e9gie par la r\u00e9glementation espagnole en vigueur et les cours ou tribunaux de la ville de <strong>BARCELONE<\/strong> seront comp\u00e9tents pour trancher tout litige pouvant survenir entre l'utilisateur et<strong> TIQUETEO SPAIN SL<\/strong>.<\/p><\/div>\r\n\t<\/div>\r\n\r\n\r\n\t\t\r\n\r\n<\/div>\r\n<\/div>\n\n\t<\/div>\r\n<\/section>\r\n<\/p>\n","protected":false},"excerpt":{"rendered":"<p>Menu principal &gt; Politique de Confidentialit\u00e9 1. POLITIQUE DE LIENS ET EXEMPTIONS DE RESPONSABILIT\u00c9TIQUETEO SPAIN SL n&#8217;est pas responsable du contenu des pages Web auxquelles l&#8217;utilisateur peut acc\u00e9der via les liens \u00e9tablis sur ses sites Web et d\u00e9clare qu&#8217;en aucun cas il n&#8217;examinera ni n&#8217;exercera&#8230;<\/p>\n","protected":false},"author":1,"featured_media":0,"parent":0,"menu_order":0,"comment_status":"closed","ping_status":"open","template":"","meta":{"footnotes":""},"class_list":["post-4870","page","type-page","status-publish","hentry"],"_links":{"self":[{"href":"https:\/\/clorian.com\/fr\/wp-json\/wp\/v2\/pages\/4870","targetHints":{"allow":["GET"]}}],"collection":[{"href":"https:\/\/clorian.com\/fr\/wp-json\/wp\/v2\/pages"}],"about":[{"href":"https:\/\/clorian.com\/fr\/wp-json\/wp\/v2\/types\/page"}],"author":[{"embeddable":true,"href":"https:\/\/clorian.com\/fr\/wp-json\/wp\/v2\/users\/1"}],"replies":[{"embeddable":true,"href":"https:\/\/clorian.com\/fr\/wp-json\/wp\/v2\/comments?post=4870"}],"version-history":[{"count":4,"href":"https:\/\/clorian.com\/fr\/wp-json\/wp\/v2\/pages\/4870\/revisions"}],"predecessor-version":[{"id":10457,"href":"https:\/\/clorian.com\/fr\/wp-json\/wp\/v2\/pages\/4870\/revisions\/10457"}],"wp:attachment":[{"href":"https:\/\/clorian.com\/fr\/wp-json\/wp\/v2\/media?parent=4870"}],"curies":[{"name":"wp","href":"https:\/\/api.w.org\/{rel}","templated":true}]}}