{"id":4887,"date":"2021-03-29T16:13:45","date_gmt":"2021-03-29T14:13:45","guid":{"rendered":"https:\/\/clorian.com\/contact\/"},"modified":"2024-01-29T14:43:10","modified_gmt":"2024-01-29T12:43:10","slug":"contact","status":"publish","type":"page","link":"https:\/\/clorian.com\/fr\/contact\/","title":{"rendered":"Contact"},"content":{"rendered":"<p>\r\n<section class=\"sh-section sh-section-c72ca6bf98c25d4011f42cd3b1ae8ab9 fw-main-row header_title sh-section-visibility-everywhere\">\r\n\t\r\n\t\r\n\t<div class=\"sh-section-container container-fluid\">\r\n\t\t<div class=\"fw-row\">\n\t\r\n<div class=\"sh-column sh-column-855b6862f6618d7ffe2191c97478c7f9 fw-col-xs-12 container_inner\" >\r\n\r\n\t\r\n\t<div class=\"sh-column-wrapper\">\r\n\t\t\r\n<div id=\"text-block-761568762e8877d1dc626bb8abcc44cf\" class=\"sh-text-block\">\r\n\t<p>Nos bureaux<\/p><\/div>\r\n\t<\/div>\r\n\r\n\r\n\t\t\r\n\r\n<\/div>\r\n<\/div>\n\n\t<\/div>\r\n<\/section>\r\n\r\n<section class=\"sh-section sh-section-b894b5dd3c30eddef46ce71ce3864990 fw-main-row sh-section-visibility-everywhere\">\r\n\t\r\n\t\r\n\t<div class=\"sh-section-container container\">\r\n\t\t<div class=\"fw-row\">\n\t\r\n<div class=\"sh-column sh-column-f35ef05c21ca68791238e6b067d62f6e fw-col-xs-12\" >\r\n\r\n\t\r\n\t<div class=\"sh-column-wrapper\">\r\n\t\t\r\n<div id=\"text-block-bad288926f93e6a3a361b08459c3bb12\" class=\"sh-text-block\">\r\n\t<p><div id=\"breadcrumbs\" class=\"breadcrumb-trail breadcrumbs\"><span class=\"item-home\"><a class=\"bread-link bread-home\" href=\"https:\/\/clorian.com\/fr\/\" title=\"Menu principal\">Menu principal<\/a><\/span><span class=\"separator\"> &gt; <\/span><span class=\"item-current\"><span class=\"bread-current\">Contact<\/span><\/span><\/div><\/p><\/div>\r\n\t<\/div>\r\n\r\n\r\n\t\t\r\n\r\n<\/div>\r\n<\/div>\n\n\t<\/div>\r\n<\/section>\r\n\r\n<section class=\"sh-section sh-section-e063a3bb643b708704c98e9d92adff0f fw-main-row sh-section-visibility-everywhere\">\r\n\t\r\n\t\r\n\t<div class=\"sh-section-container container section-justify-height\">\r\n\t\t<div class=\"fw-row\">\n\t\r\n<div class=\"sh-column sh-column-4a79e00f9ef39d09a973bcbc7b8a5b76 fw-col-xs-12 fw-col-sm-6\" >\r\n\r\n\t\r\n\t<div class=\"sh-column-wrapper\">\r\n\t\t\r\n<div id=\"text-block-2059f5998c0da10f989b9b3a392b62c8\" class=\"sh-text-block bullet-item bullet-item-h3\">\r\n\t<h3>Espagne - Bureaux principaux \u00e0 Barcelone et d\u00e9l\u00e9gation \u00e0 Madrid<\/h3><p>Carrer de Vene\u00e7uela 103 - 3r 1a, 08019 - Barcelona<\/p><p><span style=\"color: #4a4b8c;\"><strong>Contactez notre \u00e9quipe en Espagne:<\/strong><\/span><\/p><p><a href=\"mailto:info@clorian.com\" target=\"_blank\" rel=\"noopener\">info@clorian.com<\/a><\/p><p>Tel. +34 932 506 723<\/p><p><span style=\"color: #4a4b8c;\"><strong>Si vous \u00eates une agence, contactez ici :<\/strong><\/span><\/p><p><a href=\"mailto:sellers@clorian.com\" target=\"_blank\" rel=\"noopener\">sellers@clorian.com<\/a><\/p><\/div>\r\n\t<\/div>\r\n\r\n\r\n\t\t\r\n\r\n<\/div>\r\n\r\n<div class=\"sh-column sh-column-73bd815dc88271ad60402eb03f7078f4 fw-col-xs-12 fw-col-sm-6\" >\r\n\r\n\t\r\n\t<div class=\"sh-column-wrapper\">\r\n\t\t<div class=\"sh-output-html\">\r\n\t<iframe src=\"https:\/\/www.google.com\/maps\/embed?pb=!1m18!1m12!1m3!1d4231.672250320181!2d2.2070616072458877!3d41.41221860168931!2m3!1f0!2f0!3f0!3m2!1i1024!2i768!4f13.1!3m3!1m2!1s0x12a4a34f21f8b347%3A0xb44ebcf29a2aa89a!2sCarrer%20de%20Vene%C3%A7uela%2C%20103%2C%201%2C%20Sant%20Mart%C3%AD%2C%2008019%20Barcelona!5e0!3m2!1ses!2ses!4v1704882834268!5m2!1ses!2ses\" width=\"100%\" height=\"450\" style=\"border:0;\" allowfullscreen=\"\" loading=\"lazy\" referrerpolicy=\"no-referrer-when-downgrade\"><\/iframe><\/div>\r\n\t<\/div>\r\n\r\n\r\n\t\t\r\n\r\n<\/div>\r\n<\/div>\n\n\t<\/div>\r\n<\/section>\r\n\r\n<section class=\"sh-section sh-section-a5d15705410f9c998102ffa8810fb180 fw-main-row sh-section-visibility-everywhere\">\r\n\t\r\n\t\r\n\t<div class=\"sh-section-container container section-justify-height\">\r\n\t\t<div class=\"fw-row\">\n\t\r\n<div class=\"sh-column sh-column-2a6687e54615031706f05cdaf80070d8 fw-col-xs-12\" >\r\n\r\n\t\r\n\t<div class=\"sh-column-wrapper\">\r\n\t\t\r\n<div class=\"sh-heading  \" id=\"heading-5d810fccb3749c03a82c4f658d67c7dd\">\r\n\t<div class=\"sh-element-margin\">\r\n\r\n\t\t\r\n\t\t\t<h3 class=\"sh-heading-content size-default text-left\">\r\n\t\t\t\tD\u00e9l\u00e9gations internationales\t\t\t<\/h3>\r\n\r\n\t\t\r\n\t<\/div>\r\n<\/div>\r\n\t<\/div>\r\n\r\n\r\n\t\t\r\n\r\n<\/div>\r\n<\/div>\n\n<div class=\"fw-row\">\n\t\r\n<div class=\"sh-column sh-column-b759900d9564868db8b5a7e940f7f27a fw-col-xs-12 fw-col-sm-6\" >\r\n\r\n\t\r\n\t<div class=\"sh-column-wrapper\">\r\n\t\t\r\n<div id=\"text-block-9adb64108ee48afb9e600f937711eef4\" class=\"sh-text-block bullet-item text-block-dv\">\r\n\t<p><span style=\"color: #4a4b8c;\"><strong>France - Paris<\/strong><\/span><\/p><p>131 Boulevard Pereire 75017 - Paris<\/p><p><span style=\"color: #4a4b8c;\"><strong>Contactez notre \u00e9quipe en France:<\/strong><\/span><\/p><p><a href=\"mailto:france@clorian.com\" target=\"_blank\" rel=\"noopener\">france@clorian.com<\/a><\/p><p><span style=\"color: #4a4b8c;\"><strong>Si vous \u00eates une agence, contactez ici :<\/strong><\/span><\/p><p><a href=\"mailto:sellers@clorian.com\" target=\"_blank\" rel=\"noopener\">sellers@clorian.com<\/a><\/p><\/div>\r\n\t<\/div>\r\n\r\n\r\n\t\t\r\n\r\n<\/div>\r\n\r\n<div class=\"sh-column sh-column-d5b3b1f1152fd993c74aff912824fd70 fw-col-xs-12 fw-col-sm-6\" >\r\n\r\n\t\r\n\t<div class=\"sh-column-wrapper\">\r\n\t\t\r\n<div id=\"text-block-0145a2301f5c1dc78b4d62f10f2e05d7\" class=\"sh-text-block bullet-item\">\r\n\t<p><span style=\"color: #4a4b8c;\"><strong>Italie - Naples<\/strong><\/span><\/p><p>Piazza Nicola Amore, 6 Scala F secondo piano 80138 - Napoli<\/p><p><span style=\"color: #4a4b8c;\"><strong>Contactez notre \u00e9quipe en Italie:<\/strong><\/span><\/p><p><a href=\"mailto:italia@clorian.com\" target=\"_blank\" rel=\"noopener\">italia@clorian.com<\/a><\/p><p><span style=\"color: #4a4b8c;\"><strong>Si vous \u00eates une agence, contactez ici :<\/strong><\/span><\/p><p><a href=\"mailto:sellers@clorian.com\" target=\"_blank\" rel=\"noopener\">sellers@clorian.com<\/a><\/p><\/div>\r\n\t<\/div>\r\n\r\n\r\n\t\t\r\n\r\n<\/div>\r\n<\/div>\n\n<div class=\"fw-row\">\n\t\r\n<div class=\"sh-column sh-column-9c9f68891a6708e833222d8915194bc9 fw-col-xs-12 fw-col-sm-6\" >\r\n\r\n\t\r\n\t<div class=\"sh-column-wrapper\">\r\n\t\t\r\n<div id=\"text-block-64d04e54a4db3cd200dff127075eb462\" class=\"sh-text-block bullet-item\">\r\n\t<p><span style=\"color: #4a4b8c;\"><strong>Portugal - Lisbonne<\/strong><\/span><\/p><p><span style=\"color: #4a4b8c;\"><strong>Contactez notre \u00e9quipe en Portugal:<\/strong><\/span><\/p><p><a href=\"mailto:portugal@clorian.com\" target=\"_blank\" rel=\"noopener\">portugal@clorian.com<\/a><\/p><p><span style=\"color: #4a4b8c;\"><strong>Si vous \u00eates une agence, contactez ici :<\/strong><\/span><\/p><p><a href=\"mailto:sellers@clorian.com\" target=\"_blank\" rel=\"noopener\">sellers@clorian.com<\/a><\/p><\/div>\r\n\t<\/div>\r\n\r\n\r\n\t\t\r\n\r\n<\/div>\r\n\r\n<div class=\"sh-column sh-column-8315a42207eef42f5ba04e8a03380bd2 fw-col-xs-12 fw-col-sm-6\" >\r\n\r\n\t\r\n\t<div class=\"sh-column-wrapper\">\r\n\t\t\r\n<div id=\"text-block-3a05eba92d71347b5db0943a734c5e20\" class=\"sh-text-block bullet-item\">\r\n\t<p><span style=\"color: #4a4b8c;\"><strong>Mexique<\/strong><\/span><\/p><p><span style=\"color: #4a4b8c;\"><strong>Contactez notre \u00e9quipe en Mexique:<\/strong><\/span><\/p><p><a href=\"mailto:comercial@clorian.mx\" target=\"_blank\" rel=\"noopener\">comercial@clorian.mx<\/a><\/p><p><span style=\"color: #4a4b8c;\"><strong>Si vous \u00eates une agence, contactez ici :<\/strong><\/span><\/p><p><a href=\"mailto:sellers@clorian.com\" target=\"_blank\" rel=\"noopener\">sellers@clorian.com<\/a><\/p><\/div>\r\n\t<\/div>\r\n\r\n\r\n\t\t\r\n\r\n<\/div>\r\n<\/div>\n\n\t<\/div>\r\n<\/section>\r\n\r\n<section class=\"sh-section sh-section-85c64df81713f4c404976ed211095493 fw-main-row header_title sh-section-visibility-everywhere\" id=\"form-contact-text\">\r\n\t\r\n\t\r\n\t<div class=\"sh-section-container container-fluid\">\r\n\t\t<div class=\"fw-row\">\n\t\r\n<div class=\"sh-column sh-column-80ddd189d21e3690c6ed1038fafb21ee fw-col-xs-12 container_inner\" >\r\n\r\n\t\r\n\t<div class=\"sh-column-wrapper\">\r\n\t\t\r\n<div id=\"text-block-d24c2064dc3596b93e8312ef0101244b\" class=\"sh-text-block\">\r\n\t<p>Laissez-nous un message et nous vous contacterons.<\/p><\/div>\r\n\t<\/div>\r\n\r\n\r\n\t\t\r\n\r\n<\/div>\r\n<\/div>\n\n\t<\/div>\r\n<\/section>\r\n\r\n<section class=\"sh-section sh-section-ea14e9da454a4952eb555d6cbbb25cb5 fw-main-row sh-section-visibility-everywhere\">\r\n\t\r\n\t\r\n\t<div class=\"sh-section-container container\">\r\n\t\t<div class=\"fw-row\">\n\t\r\n<div class=\"sh-column sh-column-5db430bf07977a71dc27dc638d5f8a09 fw-col-xs-12\" >\r\n\r\n\t\r\n\t<div class=\"sh-column-wrapper\">\r\n\t\t\r\n<div id=\"text-block-977743d749e933a22b4b1a111c7bb39f\" class=\"sh-text-block\">\r\n\t<p>\n<div class=\"wpcf7 no-js\" id=\"wpcf7-f4890-o1\" lang=\"es-ES\" dir=\"ltr\" data-wpcf7-id=\"4890\">\n<div class=\"screen-reader-response\"><p role=\"status\" aria-live=\"polite\" aria-atomic=\"true\"><\/p> <ul><\/ul><\/div>\n<form action=\"\/fr\/wp-json\/wp\/v2\/pages\/4887#wpcf7-f4890-o1\" method=\"post\" class=\"wpcf7-form init\" aria-label=\"Formulario de contacto\" novalidate=\"novalidate\" data-status=\"init\">\n<fieldset class=\"hidden-fields-container\"><input type=\"hidden\" name=\"_wpcf7\" value=\"4890\" \/><input type=\"hidden\" name=\"_wpcf7_version\" value=\"6.1.1\" \/><input type=\"hidden\" name=\"_wpcf7_locale\" value=\"es_ES\" \/><input type=\"hidden\" name=\"_wpcf7_unit_tag\" value=\"wpcf7-f4890-o1\" \/><input type=\"hidden\" name=\"_wpcf7_container_post\" value=\"0\" \/><input type=\"hidden\" name=\"_wpcf7_posted_data_hash\" value=\"\" \/><input type=\"hidden\" name=\"_wpcf7_recaptcha_response\" value=\"\" \/>\n<\/fieldset>\n<div class=\"sh-cf7-body\"><p><label class=\"fw-col-xs-12 fw-col-sm-6 form-builder-item\">Nom et pr\u00e9nom *<br \/>\n<span class=\"wpcf7-form-control-wrap\" data-name=\"your-name\"><input size=\"40\" maxlength=\"400\" class=\"wpcf7-form-control wpcf7-text wpcf7-validates-as-required\" aria-required=\"true\" aria-invalid=\"false\" value=\"\" type=\"text\" name=\"your-name\" \/><\/span> <\/label>\n<\/p>\n<p><label class=\"fw-col-xs-12 fw-col-sm-6 form-builder-item\">Email *<br \/>\n<span class=\"wpcf7-form-control-wrap\" data-name=\"your-email\"><input size=\"40\" maxlength=\"400\" class=\"wpcf7-form-control wpcf7-email wpcf7-validates-as-required wpcf7-text wpcf7-validates-as-email\" aria-required=\"true\" aria-invalid=\"false\" value=\"\" type=\"email\" name=\"your-email\" \/><\/span> <\/label>\n<\/p>\n<p><label class=\"fw-col-xs-12 fw-col-sm-4 form-builder-item\">T\u00e9l\u00e9phone *<br \/>\n<span class=\"wpcf7-form-control-wrap\" data-name=\"your-telephone\"><input size=\"40\" maxlength=\"400\" class=\"wpcf7-form-control wpcf7-tel wpcf7-validates-as-required wpcf7-text wpcf7-validates-as-tel\" aria-required=\"true\" aria-invalid=\"false\" value=\"\" type=\"tel\" name=\"your-telephone\" \/><\/span> <\/label>\n<\/p>\n<p><label class=\"fw-col-xs-12 fw-col-sm-4 form-builder-item\">Compagnie<br \/>\n<span class=\"wpcf7-form-control-wrap\" data-name=\"your-company\"><input size=\"40\" maxlength=\"400\" class=\"wpcf7-form-control wpcf7-text\" aria-invalid=\"false\" value=\"\" type=\"text\" name=\"your-company\" \/><\/span> <\/label><br \/>\n<label class=\"fw-col-xs-12 fw-col-sm-4 form-builder-item\">Poste\/R\u00f4le<br \/>\n<span class=\"wpcf7-form-control-wrap\" data-name=\"your-post\"><input size=\"40\" maxlength=\"400\" class=\"wpcf7-form-control wpcf7-text\" aria-invalid=\"false\" value=\"\" type=\"text\" name=\"your-post\" \/><\/span><\/label>\n<\/p>\n<p><label class=\"fw-col-xs-12 form-builder-item\">Comment pouvons-nous vous aider ? *<br \/>\n<span class=\"wpcf7-form-control-wrap\" data-name=\"your-message\"><textarea cols=\"40\" rows=\"10\" maxlength=\"2000\" class=\"wpcf7-form-control wpcf7-textarea wpcf7-validates-as-required\" aria-required=\"true\" aria-invalid=\"false\" name=\"your-message\"><\/textarea><\/span> <\/label>\n<\/p>\n<p><label><span class=\"wpcf7-form-control-wrap\" data-name=\"acceptance-103\"><span class=\"wpcf7-form-control wpcf7-acceptance\"><span class=\"wpcf7-list-item\"><label><input type=\"checkbox\" name=\"acceptance-103\" value=\"1\" aria-invalid=\"false\" \/><span class=\"wpcf7-list-item-label\">J'accepte la <a href=\"\/politica-privacidad\" target=\"_blank\">politique de confidentialit\u00e9<\/a><\/span><\/label><\/span><\/span><\/span><\/label>\n<\/p>\n<p><input class=\"wpcf7-form-control wpcf7-submit has-spinner\" type=\"submit\" value=\"Envoyer\" \/>\n<\/p><\/div><div class=\"wpcf7-response-output\" aria-hidden=\"true\"><\/div>\n<\/form>\n<\/div>\n<\/p><\/div>\r\n\t<\/div>\r\n\r\n\r\n\t\t\r\n\r\n<\/div>\r\n<\/div>\n\n\t<\/div>\r\n<\/section>\r\n<\/p>\n","protected":false},"excerpt":{"rendered":"<p>Nos bureaux Menu principal &gt; Contact Espagne &#8211; Bureaux principaux \u00e0 Barcelone et d\u00e9l\u00e9gation \u00e0 MadridCarrer de Vene\u00e7uela 103 &#8211; 3r 1a, 08019 &#8211; BarcelonaContactez notre \u00e9quipe en Espagne:info@clorian.comTel. +34 932 506 723Si vous \u00eates une agence, contactez ici :sellers@clorian.com D\u00e9l\u00e9gations internationales France &#8211; Paris131&#8230;<\/p>\n","protected":false},"author":1,"featured_media":0,"parent":0,"menu_order":0,"comment_status":"closed","ping_status":"closed","template":"","meta":{"footnotes":""},"class_list":["post-4887","page","type-page","status-publish","hentry"],"_links":{"self":[{"href":"https:\/\/clorian.com\/fr\/wp-json\/wp\/v2\/pages\/4887","targetHints":{"allow":["GET"]}}],"collection":[{"href":"https:\/\/clorian.com\/fr\/wp-json\/wp\/v2\/pages"}],"about":[{"href":"https:\/\/clorian.com\/fr\/wp-json\/wp\/v2\/types\/page"}],"author":[{"embeddable":true,"href":"https:\/\/clorian.com\/fr\/wp-json\/wp\/v2\/users\/1"}],"replies":[{"embeddable":true,"href":"https:\/\/clorian.com\/fr\/wp-json\/wp\/v2\/comments?post=4887"}],"version-history":[{"count":22,"href":"https:\/\/clorian.com\/fr\/wp-json\/wp\/v2\/pages\/4887\/revisions"}],"predecessor-version":[{"id":6802,"href":"https:\/\/clorian.com\/fr\/wp-json\/wp\/v2\/pages\/4887\/revisions\/6802"}],"wp:attachment":[{"href":"https:\/\/clorian.com\/fr\/wp-json\/wp\/v2\/media?parent=4887"}],"curies":[{"name":"wp","href":"https:\/\/api.w.org\/{rel}","templated":true}]}}