{"id":4892,"date":"2020-07-20T16:55:54","date_gmt":"2020-07-20T14:55:54","guid":{"rendered":"https:\/\/clorian.com\/servicios\/"},"modified":"2023-02-21T09:49:21","modified_gmt":"2023-02-21T07:49:21","slug":"services","status":"publish","type":"page","link":"https:\/\/clorian.com\/fr\/services\/","title":{"rendered":"Services"},"content":{"rendered":"<p>\r\n<section class=\"sh-section sh-section-e25ecb9cf35d69ee6121e1c041b80e24 fw-main-row header_title sh-section-visibility-everywhere\">\r\n\t\r\n\t\r\n\t<div class=\"sh-section-container container-fluid\">\r\n\t\t<div class=\"fw-row\">\n\t\r\n<div class=\"sh-column sh-column-6bc0d30296a57ec16435e66497cefb27 fw-col-xs-12 container_inner\" >\r\n\r\n\t\r\n\t<div class=\"sh-column-wrapper\">\r\n\t\t\r\n<div id=\"text-block-2f86a48c69b9308549b6cab703d91a92\" class=\"sh-text-block\">\r\n\t<p style= \u00bbtext-align : justify ; \u00bb>Clorian est une soci\u00e9t\u00e9 de services de billetterie leader dans la vente de tickets. Nous offrons un service complet et efficace d\u00e9velopp\u00e9 avec les derni\u00e8res \u00e9volutions technologiques. <\/p><\/div>\r\n\t<\/div>\r\n\r\n\r\n\t\t\r\n\r\n<\/div>\r\n<\/div>\n\n\t<\/div>\r\n<\/section>\r\n\r\n<section class=\"sh-section sh-section-56567af6f466fc590944cc59b51a61ef fw-main-row header_title sh-section-visibility-everywhere\">\r\n\t\r\n\t\r\n\t<div class=\"sh-section-container container-fluid\">\r\n\t\t<div class=\"fw-row\">\n\t\r\n<div class=\"sh-column sh-column-e126675be6610f937a5c2e9214d378fb fw-col-xs-12 container_inner\" >\r\n\r\n\t\r\n\t<div class=\"sh-column-wrapper\">\r\n\t\t\r\n<div id=\"text-block-5a8000f514b4da3261d211c4bffe3d4b\" class=\"sh-text-block\">\r\n\t<p><div id=\"breadcrumbs\" class=\"breadcrumb-trail breadcrumbs\"><span class=\"item-home\"><a class=\"bread-link bread-home\" href=\"https:\/\/clorian.com\/fr\/\" title=\"Menu principal\">Menu principal<\/a><\/span><span class=\"separator\"> &gt; <\/span><span class=\"item-current\"><span class=\"bread-current\">Services<\/span><\/span><\/div><\/p><p>&nbsp;<\/p><\/div>\r\n\t<\/div>\r\n\r\n\r\n\t\t\r\n\r\n<\/div>\r\n<\/div>\n\n\t<\/div>\r\n<\/section>\r\n\r\n<section class=\"sh-section sh-section-82b53068c124d8cbd670e5ffcda9d14b fw-main-row servicios sh-section-visibility-everywhere\">\r\n\t\r\n\t\r\n\t<div class=\"sh-section-container container\">\r\n\t\t<div class=\"fw-row\">\n\t\r\n<div class=\"sh-column sh-column-91ffecb094497462c0c0718861866278 fw-col-xs-12 fw-col-sm-4\" >\r\n\r\n\t\r\n\t<div class=\"sh-column-wrapper\">\r\n\t\t\n<div id=\"single-image-b159c170285f8ffc5b4052acbfcf60a6\" class=\"sh-single-image  \" data-tag=\"\"0\"\" data-extratag=\"\">\n\t<div class=\"sh-element-margin\">\n\t\t\n\t\t\n\t\t\t<div class=\"sh-single-image-container\">\n\t\t\t\t\t\t\t\t\t\n\t\t\t\t\t\t\t\t\t\t\t\t\t<img decoding=\"async\" class=\"sh-image-url\" src=\"https:\/\/clorian.com\/wp-content\/uploads\/2021\/02\/auto-servicio.png\" alt=\"auto-servicio\" \/>\n\t\t\t\t\t\t\t\t\t\t\t\t\t\n\t\t\t\t\t\t\t\t\t\n\t\t\t\t\t\t\t<\/div>\n\n\t\t\n\t<\/div>\n<\/div>\t<\/div>\r\n\r\n\r\n\t\t\r\n\r\n<\/div>\r\n\r\n<div class=\"sh-column sh-column-6ba63bb75d457bb1a242a665c58b0c9c fw-col-xs-12 fw-col-sm-8\" >\r\n\r\n\t\r\n\t<div class=\"sh-column-wrapper\">\r\n\t\t\r\n<div id=\"text-block-08f4ac88d8c24cef77373fac9861c5f2\" class=\"sh-text-block\">\r\n\t<h2>Service de Billetterie<\/h2><\/div>\r\n\r\n<div id=\"text-block-fe4f99afc04f42094cb642a42da377ba\" class=\"sh-text-block subtitle\">\r\n\t<p>Notre service de billetterie comprend, entre autres, les aspects suivants :<\/p><\/div>\r\n\r\n<div id=\"text-block-0a7e3bbd0fe46bab4fb10134a3415d23\" class=\"sh-text-block\">\r\n\t<ul><li>Chef de projet qui fournit le service de support fonctionnel et commercial pour d\u00e9finir de nouvelles strat\u00e9gies marketing, la conception de produits et l'am\u00e9lioration des processus de vente.<\/li><li>Site web et autres outils de communication avec le look &amp; feel de votre marque.<\/li><li>Un backoffice d'administration o\u00f9 vous aurez acc\u00e8s \u00e0 toute la configuration et vous pourrez g\u00e9rer votre activit\u00e9 en toute autonomie.<\/li><li>Int\u00e9gration avec notre r\u00e9seau de distributeurs et les principaux fournisseurs via notre API.<\/li><li>Acc\u00e8s complet aux statistiques avec notre module Reporting.<\/li><li>Syst\u00e8me de contr\u00f4le d'acc\u00e8s.<\/li><li>Processus de facturation automatique.<\/li><li>Assistance technique pour les \u00e9ventuels incidents li\u00e9s \u00e0 l'utilisation de la plateforme.<\/li><li>Module d'affiliation propre<\/li><\/ul><\/div>\r\n\t<\/div>\r\n\r\n\r\n\t\t\r\n\r\n<\/div>\r\n<\/div>\n\n\t<\/div>\r\n<\/section>\r\n\r\n<section class=\"sh-section sh-section-f9998eef692fb064e2ea87fb86b50369 fw-main-row servicios sh-section-visibility-everywhere\">\r\n\t\r\n\t\r\n\t<div class=\"sh-section-container container\">\r\n\t\t<div class=\"fw-row\">\n\t\r\n<div class=\"sh-column sh-column-44c62f70941268f5249ad57206031ea6 fw-col-xs-12 fw-col-sm-8 hidden_icon_desktop\" >\r\n\r\n\t\r\n\t<div class=\"sh-column-wrapper\">\r\n\t\t\n<div id=\"single-image-4207f9d83bb8a1ce24e037a19ddde0ee\" class=\"sh-single-image  \" data-tag=\"\"0\"\" data-extratag=\"\">\n\t<div class=\"sh-element-margin\">\n\t\t\n\t\t\n\t\t\t<div class=\"sh-single-image-container\">\n\t\t\t\t\t\t\t\t\t\n\t\t\t\t\t\t\t\t\t\t\t\t\t<img decoding=\"async\" class=\"sh-image-url\" src=\"https:\/\/clorian.com\/wp-content\/uploads\/2021\/02\/atencion.png\" alt=\"atencion\" \/>\n\t\t\t\t\t\t\t\t\t\t\t\t\t\n\t\t\t\t\t\t\t\t\t\n\t\t\t\t\t\t\t<\/div>\n\n\t\t\n\t<\/div>\n<\/div>\r\n<div id=\"text-block-2d0901c8c0c631adad648507bd8a1e37\" class=\"sh-text-block\">\r\n\t<h2>Service d'Attention \u00e0 la Client\u00e8le<\/h2><\/div>\r\n\r\n<div id=\"text-block-07bc73ec97a52f88c1f5de00f8d2456a\" class=\"sh-text-block subtitle\">\r\n\t<p>Clorian poss\u00e8de son propre Centre de Service Client \u00e0 partir duquel nous fournissons un service personnalis\u00e9 \u00e0 nos clients.<\/p><\/div>\r\n\r\n<div id=\"text-block-3d1e1d18c521e9419b7f097fb14d7a04\" class=\"sh-text-block\">\r\n\t<ul><li>Nous offrons des informations g\u00e9n\u00e9rales \u00e0 l'acheteur sur la visite.<\/li><li>Nous assurons un accompagnement dans la gestion des r\u00e9servations pour les acheteurs individuels, groupes ou scolaires.<\/li><li>Standard num\u00e9rique avec messagerie vocale et autres services.<\/li><li>Modes op\u00e9ratoires et reporting mensuel.<\/li><li>Nous offrons un large \u00e9ventail de langues : espagnol, anglais, fran\u00e7ais, italien, catalan, galicien et portugais.<\/li><li>Le service est disponible 7 jours sur 7.<\/li><\/ul><\/div>\r\n\t<\/div>\r\n\r\n\r\n\t\t\r\n\r\n<\/div>\r\n\r\n<div class=\"sh-column sh-column-327b0d182f4512838d32a2063294b6cb fw-col-xs-12 fw-col-sm-4 hidden_mobile\" >\r\n\r\n\t\r\n\t<div class=\"sh-column-wrapper\">\r\n\t\t\n<div id=\"single-image-b0d388cef82eb1da705263d94f62f4ac\" class=\"sh-single-image  \" data-tag=\"\"0\"\" data-extratag=\"\">\n\t<div class=\"sh-element-margin\">\n\t\t\n\t\t\n\t\t\t<div class=\"sh-single-image-container\">\n\t\t\t\t\t\t\t\t\t\n\t\t\t\t\t\t\t\t\t\t\t\t\t<img decoding=\"async\" class=\"sh-image-url\" src=\"https:\/\/clorian.com\/wp-content\/uploads\/2021\/02\/atencion.png\" alt=\"atencion\" \/>\n\t\t\t\t\t\t\t\t\t\t\t\t\t\n\t\t\t\t\t\t\t\t\t\n\t\t\t\t\t\t\t<\/div>\n\n\t\t\n\t<\/div>\n<\/div>\t<\/div>\r\n\r\n\r\n\t\t\r\n\r\n<\/div>\r\n<\/div>\n\n\t<\/div>\r\n<\/section>\r\n\r\n<section class=\"sh-section sh-section-378ff7ac8db76a3855627d1a18a3667b fw-main-row servicios sh-section-visibility-everywhere\">\r\n\t\r\n\t\r\n\t<div class=\"sh-section-container container\">\r\n\t\t<div class=\"fw-row\">\n\t\r\n<div class=\"sh-column sh-column-9c63431de2df1397a934bccf61f7fa79 fw-col-xs-12 fw-col-sm-4\" >\r\n\r\n\t\r\n\t<div class=\"sh-column-wrapper\">\r\n\t\t\n<div id=\"single-image-a6256698c6afa024e5293f7e4fe8b5cc\" class=\"sh-single-image  \" data-tag=\"\"0\"\" data-extratag=\"\">\n\t<div class=\"sh-element-margin\">\n\t\t\n\t\t\n\t\t\t<div class=\"sh-single-image-container\">\n\t\t\t\t\t\t\t\t\t\n\t\t\t\t\t\t\t\t\t\t\t\t\t<img decoding=\"async\" class=\"sh-image-url\" src=\"https:\/\/clorian.com\/wp-content\/uploads\/2021\/02\/consultoria.png\" alt=\"consultoria\" \/>\n\t\t\t\t\t\t\t\t\t\t\t\t\t\n\t\t\t\t\t\t\t\t\t\n\t\t\t\t\t\t\t<\/div>\n\n\t\t\n\t<\/div>\n<\/div>\t<\/div>\r\n\r\n\r\n\t\t\r\n\r\n<\/div>\r\n\r\n<div class=\"sh-column sh-column-42c4c9a7aa89424440d6de958372fb9f fw-col-xs-12 fw-col-sm-8\" >\r\n\r\n\t\r\n\t<div class=\"sh-column-wrapper\">\r\n\t\t\r\n<div id=\"text-block-3f02cca01f5ed4f80f893bf452873124\" class=\"sh-text-block\">\r\n\t<h2>Services de Conseil<\/h2><\/div>\r\n\r\n<div id=\"text-block-184e51a06dac5705644fb4b354f5b92f\" class=\"sh-text-block\">\r\n\t<ul><li>Nous r\u00e9alisons des projets de conseil et d'assistance li\u00e9s au service de billetterie et au traitement des donn\u00e9es.<\/li><li>Prise en charge de l'int\u00e9gration avec GTM et Web Analytics.<\/li><li>Int\u00e9grations avec les syst\u00e8mes CRM (type SalesForce).<\/li><li>Services de comptabilit\u00e9 et de facturation. Nous proposons \u00e9galement des int\u00e9grations avec les syst\u00e8mes comptables.<\/li><li>Accompagnement, int\u00e9grations et actions de fid\u00e9lisation.<\/li><\/ul><\/div>\r\n\t<\/div>\r\n\r\n\r\n\t\t\r\n\r\n<\/div>\r\n<\/div>\n\n\t<\/div>\r\n<\/section>\r\n\r\n<section class=\"sh-section sh-section-ba25d87e0a8135b8a081280801f2b9fc fw-main-row servicios sh-section-visibility-everywhere\">\r\n\t\r\n\t\r\n\t<div class=\"sh-section-container container\">\r\n\t\t<div class=\"fw-row\">\n\t\r\n<div class=\"sh-column sh-column-fc7f108c97edecf2be9837146fdf1363 fw-col-xs-12 hidden_icon_desktop\" >\r\n\r\n\t\r\n\t<div class=\"sh-column-wrapper\">\r\n\t\t\n<div id=\"single-image-c17d1b9f73a2888d16393828baabb732\" class=\"sh-single-image  \" data-tag=\"\"0\"\" data-extratag=\"\">\n\t<div class=\"sh-element-margin\">\n\t\t\n\t\t\n\t\t\t<div class=\"sh-single-image-container\">\n\t\t\t\t\t\t\t\t\t\n\t\t\t\t\t\t\t\t\t\t\t\t\t<img decoding=\"async\" class=\"sh-image-url\" src=\"https:\/\/clorian.com\/wp-content\/uploads\/2021\/02\/provision.png\" alt=\"provision\" \/>\n\t\t\t\t\t\t\t\t\t\t\t\t\t\n\t\t\t\t\t\t\t\t\t\n\t\t\t\t\t\t\t<\/div>\n\n\t\t\n\t<\/div>\n<\/div>\r\n<div id=\"text-block-9e02f023be222418f7f3f0228dda2b50\" class=\"sh-text-block\">\r\n\t<h2 style=\"text-align: center;\">Fourniture de hardware<\/h2><\/div>\r\n\r\n<div id=\"text-block-b7b7d18cfee34b3701757a2fe9e6736a\" class=\"sh-text-block subtitle\">\r\n\t<p style=\"text-align: center;\">Nous r\u00e9alisons la fourniture du mat\u00e9riel n\u00e9cessaire pour les diff\u00e9rents points de vente physiques ou mobiles, et pour les points de validation et de contr\u00f4le d'acc\u00e8s.<\/p><p style=\"text-align: center;\">Si vous avez un syst\u00e8me de tourniquet pour le contr\u00f4le d'acc\u00e8s, nous pouvons nous int\u00e9grer avec.<\/p><\/div>\r\n\t<\/div>\r\n\r\n\r\n\t\t\r\n\r\n<\/div>\r\n<\/div>\n\n<div class=\"fw-row\">\n\t\r\n<div class=\"sh-column sh-column-88c84aba8fefd9c6f9448ffa5eda0dc3 fw-col-xs-12 hidden_mobile\" >\r\n\r\n\t\r\n\t<div class=\"sh-column-wrapper\">\r\n\t\t\n<div id=\"single-image-7ba59685ee611af77f51ba64e15e612f\" class=\"sh-single-image  \" data-tag=\"\"0\"\" data-extratag=\"\">\n\t<div class=\"sh-element-margin\">\n\t\t\n\t\t\n\t\t\t<div class=\"sh-single-image-container\">\n\t\t\t\t\t\t\t\t\t\n\t\t\t\t\t\t\t\t\t\t\t\t\t<img decoding=\"async\" class=\"sh-image-url\" src=\"https:\/\/clorian.com\/wp-content\/uploads\/2021\/02\/provision.png\" alt=\"provision\" \/>\n\t\t\t\t\t\t\t\t\t\t\t\t\t\n\t\t\t\t\t\t\t\t\t\n\t\t\t\t\t\t\t<\/div>\n\n\t\t\n\t<\/div>\n<\/div>\t<\/div>\r\n\r\n\r\n\t\t\r\n\r\n<\/div>\r\n<\/div>\n\n\t<\/div>\r\n<\/section>\r\n\r\n<section class=\"sh-section sh-section-318e1a2a1469845910a54ebe96a8a945 fw-main-row contact-block sh-section-visibility-everywhere\">\r\n\t\t\t<div class=\"sh-section-overlay-318e1a2a1469845910a54ebe96a8a945 sh-section-overlay-front\"><\/div>\r\n\t\r\n\t\r\n\t<div class=\"sh-section-container container-fluid section-justify-height\">\r\n\t\t<div class=\"fw-row\">\n\t\r\n<div class=\"sh-column sh-column-a861f0642aa6be2450d984e864a08974 fw-col-xs-12\" >\r\n\r\n\t\r\n\t<div class=\"sh-column-wrapper\">\r\n\t\t\r\n<div id=\"text-block-58d82c1106ceec996c6d8883e723114e\" class=\"sh-text-block\">\r\n\t<h2 style=\"text-align: center;\">Vous \u00eates pr\u00eat \u00e0 am\u00e9liorer votre billetterie ?<\/h2><\/div>\r\n\t<\/div>\r\n\r\n\r\n\t\t\r\n\r\n<\/div>\r\n<\/div>\n\n<div class=\"fw-row\">\n\t\r\n<div class=\"sh-column sh-column-3e9ed7460be14b70ce0b01d875013fed fw-col-xs-12\" >\r\n\r\n\t\r\n\t<div class=\"sh-column-wrapper\">\r\n\t\t\r\n<div id=\"button-62ea1ff845c69c2a62ca894522631ff8\" class=\"sh-button-container  sh-button-style-1\">\r\n\t<div class=\"sh-element-margin\">\r\n\t\t<a href=\"\/fr\/contact\" target=\"_self\" class=\"sh-button sh-button-medium \">\r\n\r\n\t\t\t\r\n\t\t\t\t\t\t\t<span class=\"sh-button-text\">\r\n\t\t\t\t\tCommen\u00e7ons \u00e0 le planifier ensemble !\t\t\t\t<\/span>\r\n\t\t\t\r\n\t\t\t\r\n\t\t<\/a>\r\n\t\t\t<\/div>\r\n<\/div>\r\n\t<\/div>\r\n\r\n\r\n\t\t\r\n\r\n<\/div>\r\n<\/div>\n\n\t<\/div>\r\n<\/section>\r\n<\/p>\n","protected":false},"excerpt":{"rendered":"<p>Clorian est une soci\u00e9t\u00e9 de services de billetterie leader dans la vente de tickets. Nous offrons un service complet et efficace d\u00e9velopp\u00e9 avec les derni\u00e8res \u00e9volutions technologiques. Menu principal &gt; Services&nbsp; Service de Billetterie Notre service de billetterie comprend, entre autres, les aspects suivants :&#8230;<\/p>\n","protected":false},"author":1,"featured_media":0,"parent":0,"menu_order":0,"comment_status":"closed","ping_status":"closed","template":"","meta":{"footnotes":""},"class_list":["post-4892","page","type-page","status-publish","hentry"],"_links":{"self":[{"href":"https:\/\/clorian.com\/fr\/wp-json\/wp\/v2\/pages\/4892","targetHints":{"allow":["GET"]}}],"collection":[{"href":"https:\/\/clorian.com\/fr\/wp-json\/wp\/v2\/pages"}],"about":[{"href":"https:\/\/clorian.com\/fr\/wp-json\/wp\/v2\/types\/page"}],"author":[{"embeddable":true,"href":"https:\/\/clorian.com\/fr\/wp-json\/wp\/v2\/users\/1"}],"replies":[{"embeddable":true,"href":"https:\/\/clorian.com\/fr\/wp-json\/wp\/v2\/comments?post=4892"}],"version-history":[{"count":7,"href":"https:\/\/clorian.com\/fr\/wp-json\/wp\/v2\/pages\/4892\/revisions"}],"predecessor-version":[{"id":4950,"href":"https:\/\/clorian.com\/fr\/wp-json\/wp\/v2\/pages\/4892\/revisions\/4950"}],"wp:attachment":[{"href":"https:\/\/clorian.com\/fr\/wp-json\/wp\/v2\/media?parent=4892"}],"curies":[{"name":"wp","href":"https:\/\/api.w.org\/{rel}","templated":true}]}}