{"id":4899,"date":"2020-05-01T07:35:33","date_gmt":"2020-05-01T07:35:33","guid":{"rendered":"https:\/\/clorian.com\/distribuidores\/"},"modified":"2023-02-14T17:50:58","modified_gmt":"2023-02-14T15:50:58","slug":"distributeurs","status":"publish","type":"page","link":"https:\/\/clorian.com\/fr\/distributeurs\/","title":{"rendered":"Distributeurs"},"content":{"rendered":"<p>\r\n<section class=\"sh-section sh-section-be6da9cdf01e8bdf6e220d3cc3dd52a5 fw-main-row header_title sh-section-visibility-everywhere\">\r\n\t\r\n\t\r\n\t<div class=\"sh-section-container container-fluid\">\r\n\t\t<div class=\"fw-row\">\n\t\r\n<div class=\"sh-column sh-column-73003f00b97fb1e044b9cc3e0fe7c7a8 fw-col-xs-12 container_inner\" >\r\n\r\n\t\r\n\t<div class=\"sh-column-wrapper\">\r\n\t\t\r\n<div id=\"text-block-79731d0d6d669038ecea4b6a00a3d74b\" class=\"sh-text-block\">\r\n\t<p>Plateforme de vente de billets d\u00e9di\u00e9e aux agences de voyages, voyagistes et autres professionnels du secteur.<\/p><\/div>\r\n\r\n<div id=\"text-block-58d82c1106ceec996c6d8883e723114e\" class=\"sh-text-block\">\r\n\t<p style=\"text-align: center;\"><strong>Vous n'\u00eates pas encore distributeur ?<\/strong><\/p><\/div>\r\n\r\n<div id=\"button-62ea1ff845c69c2a62ca894522631ff8\" class=\"sh-button-container  sh-button-style-1\">\r\n\t<div class=\"sh-element-margin\">\r\n\t\t<a href=\"https:\/\/seller.clorian.com\/fr\/register\" target=\"_blank\" class=\"sh-button sh-button-medium \">\r\n\r\n\t\t\t\r\n\t\t\t\t\t\t\t<span class=\"sh-button-text\">\r\n\t\t\t\t\tS&#039;inscrire\t\t\t\t<\/span>\r\n\t\t\t\r\n\t\t\t\r\n\t\t<\/a>\r\n\t\t\t<\/div>\r\n<\/div>\r\n\t<\/div>\r\n\r\n\r\n\t\t\r\n\r\n<\/div>\r\n<\/div>\n\n\t<\/div>\r\n<\/section>\r\n\r\n<section class=\"sh-section sh-section-d229350cd07ad5b6ec7a0b0e138007d8 fw-main-row header_title sh-section-visibility-everywhere\">\r\n\t\r\n\t\r\n\t<div class=\"sh-section-container container-fluid\">\r\n\t\t<div class=\"fw-row\">\n\t\r\n<div class=\"sh-column sh-column-cfe2ed448f6484c312f8f7bce2f22dbe fw-col-xs-12 container_inner\" >\r\n\r\n\t\r\n\t<div class=\"sh-column-wrapper\">\r\n\t\t\r\n<div id=\"text-block-9aa81793eb8f9bc162d052c47bf9ca58\" class=\"sh-text-block\">\r\n\t<p><div id=\"breadcrumbs\" class=\"breadcrumb-trail breadcrumbs\"><span class=\"item-home\"><a class=\"bread-link bread-home\" href=\"https:\/\/clorian.com\/fr\/\" title=\"Menu principal\">Menu principal<\/a><\/span><span class=\"separator\"> &gt; <\/span><span class=\"item-current\"><span class=\"bread-current\">Distributeurs<\/span><\/span><\/div><\/p><\/div>\r\n\t<\/div>\r\n\r\n\r\n\t\t\r\n\r\n<\/div>\r\n<\/div>\n\n\t<\/div>\r\n<\/section>\r\n\r\n<section class=\"sh-section sh-section-6cd9a3b51b5ebfde1394651770737437 fw-main-row seller-icon-blocks sh-section-visibility-everywhere\">\r\n\t\r\n\t\r\n\t<div class=\"sh-section-container container\">\r\n\t\t<div class=\"fw-row\">\n\t\r\n<div class=\"sh-column sh-column-a5fa3e21583f668595ed9b92499e4a65 fw-col-xs-12 fw-col-sm-6\" >\r\n\r\n\t\r\n\t<div class=\"sh-column-wrapper\">\r\n\t\t\n<div id=\"single-image-c5109458d28a0b8a312653d9ddec025a\" class=\"sh-single-image  \" data-tag=\"\"0\"\" data-extratag=\"\">\n\t<div class=\"sh-element-margin\">\n\t\t\n\t\t\n\t\t\t<div class=\"sh-single-image-container\">\n\t\t\t\t\t\t\t\t\t\n\t\t\t\t\t\t\t\t\t\t\t\t\t<img decoding=\"async\" class=\"sh-image-url\" src=\"https:\/\/clorian.com\/wp-content\/uploads\/2021\/02\/sagrada-familia.png\" alt=\"sagrada-familia\" \/>\n\t\t\t\t\t\t\t\t\t\t\t\t\t\n\t\t\t\t\t\t\t\t\t\n\t\t\t\t\t\t\t<\/div>\n\n\t\t\n\t<\/div>\n<\/div>\r\n<div id=\"text-block-e8cfb845b0d9ed183743ab067f7b7c8c\" class=\"sh-text-block\">\r\n\t<h2 style=\"text-align: center;\"><span style=\"font-size: 24px;\">Acc\u00e8s <\/span><span style=\"font-size: 24px;\">aux <\/span><span style=\"font-size: 24px;\">principaux <\/span><span style=\"font-size: 24px;\">sites touristiques<\/span><\/h2><p style=\"text-align: center;\">Le module agences permet un premier acc\u00e8s \u00e0 nos principaux clients<\/p><\/div>\r\n\t<\/div>\r\n\r\n\r\n\t\t\r\n\r\n<\/div>\r\n\r\n<div class=\"sh-column sh-column-0eb891861216e2149251136260c8442a fw-col-xs-12 fw-col-sm-6\" >\r\n\r\n\t\r\n\t<div class=\"sh-column-wrapper\">\r\n\t\t\n<div id=\"single-image-d2488a74f90b0bb3f3a76d48b6da1cc4\" class=\"sh-single-image  \" data-tag=\"\"0\"\" data-extratag=\"\">\n\t<div class=\"sh-element-margin\">\n\t\t\n\t\t\n\t\t\t<div class=\"sh-single-image-container\">\n\t\t\t\t\t\t\t\t\t\n\t\t\t\t\t\t\t\t\t\t\t\t\t<img decoding=\"async\" class=\"sh-image-url\" src=\"https:\/\/clorian.com\/wp-content\/uploads\/2021\/02\/auto-servicio.png\" alt=\"auto-servicio\" \/>\n\t\t\t\t\t\t\t\t\t\t\t\t\t\n\t\t\t\t\t\t\t\t\t\n\t\t\t\t\t\t\t<\/div>\n\n\t\t\n\t<\/div>\n<\/div>\r\n<div id=\"text-block-c1c3c6f652600a750d09e40f34bd8b27\" class=\"sh-text-block\">\r\n\t<h2 style=\"text-align: center;\"><span style=\"font-size: 24px;\">Gestion autonome des r\u00e9servations et de<\/span><br \/><span style=\"font-size: 24px;\">la facturation<\/span><\/h2><p style=\"text-align: center;\">Vous aurez acc\u00e8s \u00e0 un environnement priv\u00e9 pour effectuer toutes les d\u00e9marches<\/p><\/div>\r\n\t<\/div>\r\n\r\n\r\n\t\t\r\n\r\n<\/div>\r\n<\/div>\n\n\t<\/div>\r\n<\/section>\r\n\r\n<section class=\"sh-section sh-section-74fec4c5f57eb5f4871316098583c0dd fw-main-row seller-icon-blocks sh-section-visibility-everywhere\">\r\n\t\r\n\t\r\n\t<div class=\"sh-section-container container\">\r\n\t\t<div class=\"fw-row\">\n\t\r\n<div class=\"sh-column sh-column-20bb889dd7623b263542524413f377cc fw-col-xs-12 fw-col-sm-6 disponibilidad\" >\r\n\r\n\t\r\n\t<div class=\"sh-column-wrapper\">\r\n\t\t\n<div id=\"single-image-e90ef7e50fa3ebbd48fd6ca33bd0e501\" class=\"sh-single-image  \" data-tag=\"\"0\"\" data-extratag=\"\">\n\t<div class=\"sh-element-margin\">\n\t\t\n\t\t\n\t\t\t<div class=\"sh-single-image-container\">\n\t\t\t\t\t\t\t\t\t\n\t\t\t\t\t\t\t\t\t\t\t\t\t<img decoding=\"async\" class=\"sh-image-url\" src=\"https:\/\/clorian.com\/wp-content\/uploads\/2021\/02\/disponibilidad.png\" alt=\"disponibilidad\" \/>\n\t\t\t\t\t\t\t\t\t\t\t\t\t\n\t\t\t\t\t\t\t\t\t\n\t\t\t\t\t\t\t<\/div>\n\n\t\t\n\t<\/div>\n<\/div>\r\n<div id=\"text-block-9d0825bb3e8b951682832e8e312b7717\" class=\"sh-text-block\">\r\n\t<h2 style=\"text-align: center;\"><span style=\"font-size: 24px;\">Mise \u00e0 disposition de plusieurs modes de paiement<\/span><\/h2><p style=\"text-align: center;\">Les paiements peuvent s'effectuer par carte, virement, bourse de solde... Ceux que l'organisateur d\u00e9cide !<\/p><p>&nbsp;<\/p><\/div>\r\n\t<\/div>\r\n\r\n\r\n\t\t\r\n\r\n<\/div>\r\n\r\n<div class=\"sh-column sh-column-5230451d358f9743db491a9f9da781c5 fw-col-xs-12 fw-col-sm-6\" >\r\n\r\n\t\r\n\t<div class=\"sh-column-wrapper\">\r\n\t\t\n<div id=\"single-image-2b59a174a47780c4cd6987bcc2e0616e\" class=\"sh-single-image  \" data-tag=\"\"0\"\" data-extratag=\"\">\n\t<div class=\"sh-element-margin\">\n\t\t\n\t\t\n\t\t\t<div class=\"sh-single-image-container\">\n\t\t\t\t\t\t\t\t\t\n\t\t\t\t\t\t\t\t\t\t\t\t\t<img decoding=\"async\" class=\"sh-image-url\" src=\"https:\/\/clorian.com\/wp-content\/uploads\/2021\/02\/api-clorian.png\" alt=\"api clorian\" \/>\n\t\t\t\t\t\t\t\t\t\t\t\t\t\n\t\t\t\t\t\t\t\t\t\n\t\t\t\t\t\t\t<\/div>\n\n\t\t\n\t<\/div>\n<\/div>\r\n<div id=\"text-block-a70880cb6818717b688828642efcccb0\" class=\"sh-text-block\">\r\n\t<h2 style=\"text-align: center;\"><span style=\"font-size: 24px;\">Possibilit\u00e9 d'int\u00e9gration via l'API Clorian<\/span><\/h2><p style=\"text-align: center;\">Int\u00e9gration facile de la plateforme avec la possibilit\u00e9 de r\u00e9aliser des ventes, de v\u00e9rifier des r\u00e9servations ou des factures, etc...<\/p><\/div>\r\n\t<\/div>\r\n\r\n\r\n\t\t\r\n\r\n<\/div>\r\n<\/div>\n\n\t<\/div>\r\n<\/section>\r\n\r\n<section class=\"sh-section sh-section-8bf8a49d60c16d5ddb8d035230e37210 fw-main-row seller_logos full_width sh-section-visibility-everywhere\">\r\n\t\r\n\t\r\n\t<div class=\"sh-section-container container-fluid section-justify-height\">\r\n\t\t<div class=\"fw-row\">\n\t\r\n<div class=\"sh-column sh-column-bae30eccc864906213e3b068e14500c3 fw-col-xs-12\" >\r\n\r\n\t\r\n\t<div class=\"sh-column-wrapper\">\r\n\t\t\r\n<div id=\"text-block-3f83a44769ff4c027ccb039717cc3653\" class=\"sh-text-block\">\r\n\t<h2 style=\"text-align: center;\">Ils sont connect\u00e9s avec nous :<\/h2><\/div>\r\n\t<\/div>\r\n\r\n\r\n\t\t\r\n\r\n<\/div>\r\n<\/div>\n\n<div class=\"fw-row\">\n\t\r\n<div class=\"sh-column sh-column-bde82d2415eea1b5eceb140cb42d1ad8 fw-col-xs-12\" >\r\n\r\n\t\r\n\t<div class=\"sh-column-wrapper\">\r\n\t\t\r\n\r\n\r\n\r\n<div id=\"partners-a7b12234c111c3a08668b21cc8da0277\" class=\"sh-partners-carousel\" data-autoplay=\"2400\" data-id=\"4\">\r\n\t\t\t\t\t\t<div class=\"sh-partners-carousel-item \">\r\n\t\t\t\t<div class=\"sh-partners-carousel-item-content\">\r\n\t\t\t\t\t\r\n\t\t\t\t\t<img decoding=\"async\" src=\"\/\/clorian.kinsta.cloud\/wp-content\/uploads\/2020\/11\/musement.png\" alt=\"\" \/>\r\n\r\n\t\t\t\t\t\t\t\t\t<\/div>\r\n\t\t\t<\/div>\r\n\t\t\t\t\t<div class=\"sh-partners-carousel-item \">\r\n\t\t\t\t<div class=\"sh-partners-carousel-item-content\">\r\n\t\t\t\t\t\r\n\t\t\t\t\t<img decoding=\"async\" src=\"\/\/clorian.kinsta.cloud\/wp-content\/uploads\/2020\/11\/tiqets.png\" alt=\"\" \/>\r\n\r\n\t\t\t\t\t\t\t\t\t<\/div>\r\n\t\t\t<\/div>\r\n\t\t\t\t\t<div class=\"sh-partners-carousel-item \">\r\n\t\t\t\t<div class=\"sh-partners-carousel-item-content\">\r\n\t\t\t\t\t\r\n\t\t\t\t\t<img decoding=\"async\" src=\"\/\/clorian.kinsta.cloud\/wp-content\/uploads\/2020\/11\/viator.png\" alt=\"\" \/>\r\n\r\n\t\t\t\t\t\t\t\t\t<\/div>\r\n\t\t\t<\/div>\r\n\t\t\t\t\t<div class=\"sh-partners-carousel-item \">\r\n\t\t\t\t<div class=\"sh-partners-carousel-item-content\">\r\n\t\t\t\t\t\r\n\t\t\t\t\t<img decoding=\"async\" src=\"\/\/clorian.kinsta.cloud\/wp-content\/uploads\/2020\/11\/get_your_guide.png\" alt=\"\" \/>\r\n\r\n\t\t\t\t\t\t\t\t\t<\/div>\r\n\t\t\t<\/div>\r\n\t\t\t\t\t<div class=\"sh-partners-carousel-item \">\r\n\t\t\t\t<div class=\"sh-partners-carousel-item-content\">\r\n\t\t\t\t\t\r\n\t\t\t\t\t<img decoding=\"async\" src=\"\/\/clorian.kinsta.cloud\/wp-content\/uploads\/2020\/11\/tui.png\" alt=\"\" \/>\r\n\r\n\t\t\t\t\t\t\t\t\t<\/div>\r\n\t\t\t<\/div>\r\n\t\t\t\t\t<div class=\"sh-partners-carousel-item \">\r\n\t\t\t\t<div class=\"sh-partners-carousel-item-content\">\r\n\t\t\t\t\t\r\n\t\t\t\t\t<img decoding=\"async\" src=\"\/\/clorian.kinsta.cloud\/wp-content\/uploads\/2020\/11\/turisme_barcelona.png\" alt=\"\" \/>\r\n\r\n\t\t\t\t\t\t\t\t\t<\/div>\r\n\t\t\t<\/div>\r\n\t\t\t\t\t<div class=\"sh-partners-carousel-item \">\r\n\t\t\t\t<div class=\"sh-partners-carousel-item-content\">\r\n\t\t\t\t\t\r\n\t\t\t\t\t<img decoding=\"async\" src=\"\/\/clorian.kinsta.cloud\/wp-content\/uploads\/2020\/11\/visit_europa_today.png\" alt=\"\" \/>\r\n\r\n\t\t\t\t\t\t\t\t\t<\/div>\r\n\t\t\t<\/div>\r\n\t\t\t\t\t<div class=\"sh-partners-carousel-item \">\r\n\t\t\t\t<div class=\"sh-partners-carousel-item-content\">\r\n\t\t\t\t\t\r\n\t\t\t\t\t<img decoding=\"async\" src=\"\/\/clorian.kinsta.cloud\/wp-content\/uploads\/2020\/11\/ticketbar.png\" alt=\"\" \/>\r\n\r\n\t\t\t\t\t\t\t\t\t<\/div>\r\n\t\t\t<\/div>\r\n\t\t\t\t\t<div class=\"sh-partners-carousel-item \">\r\n\t\t\t\t<div class=\"sh-partners-carousel-item-content\">\r\n\t\t\t\t\t\r\n\t\t\t\t\t<img decoding=\"async\" src=\"\/\/clorian.kinsta.cloud\/wp-content\/uploads\/2020\/11\/tamitrip.jpg\" alt=\"\" \/>\r\n\r\n\t\t\t\t\t\t\t\t\t<\/div>\r\n\t\t\t<\/div>\r\n\t\t\t<\/div>\r\n\t<\/div>\r\n\r\n\r\n\t\t\r\n\r\n<\/div>\r\n<\/div>\n\n\t<\/div>\r\n<\/section>\r\n\r\n<section class=\"sh-section sh-section-318e1a2a1469845910a54ebe96a8a945 fw-main-row contact-block sh-section-visibility-everywhere\">\r\n\t\t\t<div class=\"sh-section-overlay-318e1a2a1469845910a54ebe96a8a945 sh-section-overlay-front\"><\/div>\r\n\t\r\n\t\r\n\t<div class=\"sh-section-container container-fluid section-justify-height\">\r\n\t\t<div class=\"fw-row\">\n\t\r\n<div class=\"sh-column sh-column-a861f0642aa6be2450d984e864a08974 fw-col-xs-12\" >\r\n\r\n\t\r\n\t<div class=\"sh-column-wrapper\">\r\n\t\t\r\n<div id=\"text-block-53195b95c83b9ed87235645317bcbc94\" class=\"sh-text-block\">\r\n\t<h2 style=\"text-align: center;\">Vous n'\u00eates pas encore distributeur ?<\/h2><\/div>\r\n\t<\/div>\r\n\r\n\r\n\t\t\r\n\r\n<\/div>\r\n<\/div>\n\n<div class=\"fw-row\">\n\t\r\n<div class=\"sh-column sh-column-3e9ed7460be14b70ce0b01d875013fed fw-col-xs-12\" >\r\n\r\n\t\r\n\t<div class=\"sh-column-wrapper\">\r\n\t\t\r\n<div id=\"button-4e77beb61b28fcdff170226711d072a2\" class=\"sh-button-container  sh-button-style-1\">\r\n\t<div class=\"sh-element-margin\">\r\n\t\t<a href=\"https:\/\/seller.clorian.com\/fr\/register\" target=\"_blank\" class=\"sh-button sh-button-medium \">\r\n\r\n\t\t\t\r\n\t\t\t\t\t\t\t<span class=\"sh-button-text\">\r\n\t\t\t\t\tS&#039;inscrire\t\t\t\t<\/span>\r\n\t\t\t\r\n\t\t\t\r\n\t\t<\/a>\r\n\t\t\t<\/div>\r\n<\/div>\r\n\t<\/div>\r\n\r\n\r\n\t\t\r\n\r\n<\/div>\r\n<\/div>\n\n\t<\/div>\r\n<\/section>\r\n<\/p>\n","protected":false},"excerpt":{"rendered":"<p>Plateforme de vente de billets d\u00e9di\u00e9e aux agences de voyages, voyagistes et autres professionnels du secteur. Vous n&#8217;\u00eates pas encore distributeur ? S&#039;inscrire Menu principal &gt; Distributeurs Acc\u00e8s aux principaux sites touristiquesLe module agences permet un premier acc\u00e8s \u00e0 nos principaux clients Gestion autonome des&#8230;<\/p>\n","protected":false},"author":1,"featured_media":0,"parent":0,"menu_order":0,"comment_status":"closed","ping_status":"closed","template":"","meta":{"footnotes":""},"class_list":["post-4899","page","type-page","status-publish","hentry"],"_links":{"self":[{"href":"https:\/\/clorian.com\/fr\/wp-json\/wp\/v2\/pages\/4899","targetHints":{"allow":["GET"]}}],"collection":[{"href":"https:\/\/clorian.com\/fr\/wp-json\/wp\/v2\/pages"}],"about":[{"href":"https:\/\/clorian.com\/fr\/wp-json\/wp\/v2\/types\/page"}],"author":[{"embeddable":true,"href":"https:\/\/clorian.com\/fr\/wp-json\/wp\/v2\/users\/1"}],"replies":[{"embeddable":true,"href":"https:\/\/clorian.com\/fr\/wp-json\/wp\/v2\/comments?post=4899"}],"version-history":[{"count":13,"href":"https:\/\/clorian.com\/fr\/wp-json\/wp\/v2\/pages\/4899\/revisions"}],"predecessor-version":[{"id":4948,"href":"https:\/\/clorian.com\/fr\/wp-json\/wp\/v2\/pages\/4899\/revisions\/4948"}],"wp:attachment":[{"href":"https:\/\/clorian.com\/fr\/wp-json\/wp\/v2\/media?parent=4899"}],"curies":[{"name":"wp","href":"https:\/\/api.w.org\/{rel}","templated":true}]}}