{"id":4904,"date":"2020-06-14T08:45:09","date_gmt":"2020-06-14T08:45:09","guid":{"rendered":"https:\/\/clorian.com\/politica-cookies\/"},"modified":"2025-08-14T11:47:21","modified_gmt":"2025-08-14T09:47:21","slug":"politique-cookies","status":"publish","type":"page","link":"https:\/\/clorian.com\/fr\/politique-cookies\/","title":{"rendered":"Politique de Cookies"},"content":{"rendered":"<p>\r\n<section class=\"sh-section sh-section-b62f659550801f2b3ac6ebe2fbab16ac fw-main-row header_title sh-section-visibility-everywhere\">\r\n\t\r\n\t\r\n\t<div class=\"sh-section-container container-fluid\">\r\n\t\t<div class=\"fw-row\">\n\t\r\n<div class=\"sh-column sh-column-b371059a3ca0f5900fff74b894312c3d fw-col-xs-12 container_inner\" >\r\n\r\n\t\r\n\t<div class=\"sh-column-wrapper\">\r\n\t\t\r\n<div id=\"text-block-c6b22414d73863da6629f2434d325f22\" class=\"sh-text-block\">\r\n\t<p><div id=\"breadcrumbs\" class=\"breadcrumb-trail breadcrumbs\"><span class=\"item-home\"><a class=\"bread-link bread-home\" href=\"https:\/\/clorian.com\/fr\/\" title=\"Menu principal\">Menu principal<\/a><\/span><span class=\"separator\"> &gt; <\/span><span class=\"item-current\"><span class=\"bread-current\">Politique de Cookies<\/span><\/span><\/div><\/p><p>&nbsp;<\/p><\/div>\r\n\t<\/div>\r\n\r\n\r\n\t\t\r\n\r\n<\/div>\r\n<\/div>\n\n\t<\/div>\r\n<\/section>\r\n\r\n<section class=\"sh-section sh-section-c95c4a37d57cdf0c41e3253f6e56df50 fw-main-row legal_text sh-section-visibility-everywhere\">\r\n\t\r\n\t\r\n\t<div class=\"sh-section-container container\">\r\n\t\t<div class=\"fw-row\">\n\t\r\n<div class=\"sh-column sh-column-4c25460f03e3281373a6b726c798b3f7 fw-col-xs-12\" >\r\n\r\n\t\r\n\t<div class=\"sh-column-wrapper\">\r\n\t\t\r\n<div id=\"text-block-0558de8379728aed5b68015be80f6654\" class=\"sh-text-block\">\r\n\t<h3><strong><u>1 - QU'EST-CE QUE LES COOKIES ?<\/u><\/strong><\/h3><p>Les cookies sont de petits fichiers de donn\u00e9es qui sont re\u00e7us dans le terminal \u00e0 partir du site web visit\u00e9 et sont utilis\u00e9s pour enregistrer certaines interactions de navigation sur un site web, en stockant des donn\u00e9es qui peuvent \u00eatre mises \u00e0 jour et r\u00e9cup\u00e9r\u00e9es. Ces fichiers sont stock\u00e9s sur l'ordinateur de l'utilisateur et contiennent des donn\u00e9es anonymes qui ne nuisent pas \u00e0 votre ordinateur. Ils sont utilis\u00e9s pour m\u00e9moriser les pr\u00e9f\u00e9rences de l'utilisateur, telles que la langue s\u00e9lectionn\u00e9e, les donn\u00e9es d'acc\u00e8s ou la personnalisation de la page.<\/p><p>Les cookies peuvent \u00e9galement \u00eatre utilis\u00e9s pour enregistrer des informations anonymes sur la fa\u00e7on dont un visiteur utilise un site. Par exemple, depuis quelle page web vous avez acc\u00e9d\u00e9 \u00e0 notre site, ou si vous avez utilis\u00e9 une \"banni\u00e8re\" publicitaire pour y arriver.<\/p><h3><strong><u>2 - POURQUOI UTILISONS-NOUS DES COOKIES ?<\/u><\/strong><\/h3><p><strong>TIQUETEO SPAIN, SL<\/strong> utilise des cookies qui sont strictement n\u00e9cessaires et indispensables pour que vous puissiez utiliser nos sites web et vous permettre de vous d\u00e9placer librement, d'utiliser des zones s\u00e9curis\u00e9es, des options personnalis\u00e9es, etc. En outre, <strong>TIQUETEO SPAIN, SL<\/strong> utilise des cookies qui collectent des donn\u00e9es relatives \u00e0 l'analyse de l'utilisation du site web. Ceux-ci sont utilis\u00e9s pour aider \u00e0 am\u00e9liorer le service client, mesurer l'utilisation et les performances de la page, l'optimiser et la personnaliser.<\/p><p>Nos sites peuvent \u00e9galement avoir des liens vers des r\u00e9seaux sociaux (tels que Facebook ou Twitter). <strong>TIQUETEO SPAIN, SL<\/strong> ne contr\u00f4le pas les cookies utilis\u00e9s par ces sites externes. Pour plus d'informations sur les cookies des r\u00e9seaux sociaux ou d'autres sites web tiers, nous vous recommandons de consulter leurs propres politiques en mati\u00e8re de cookies.<\/p><p>Ce site utilise des \u00ab cookies \u00bb comme suit :<\/p><ul><li>Cookies Google ANALYTICS : Google ANALYTICS est un service gratuit propos\u00e9 par Google Inc. qui collecte des informations sur les pages web consult\u00e9es, \u00e0 quelle heure, quel navigateur web, etc. Ces informations sont ensuite envoy\u00e9es aux serveurs de Google Inc. aux \u00c9tats-Unis.<\/li><li>Cookies de l'application \"Add-this\" : Add-this est un service gratuit qui vous permet de partager des pages de ce site par diff\u00e9rents moyens (email, r\u00e9seaux sociaux, etc.). Add-his collecte des informations statistiques sur votre navigation pour vous proposer des publicit\u00e9s adapt\u00e9es \u00e0 vos habitudes de navigation sur ce site ou ailleurs.<\/li><\/ul><h3><strong><u>3 - QUEL USAGE FAISONS-NOUS DES DIFF\u00c9RENTS TYPES DE COOKIES ?<\/u><\/strong><\/h3><p><strong>Selon leurs fonctions :<\/strong><\/p><ul><li>Cookies techniques : Les cookies techniques sont ceux qui sont essentiels et strictement n\u00e9cessaires au bon fonctionnement d'un portail web et \u00e0 l'utilisation des diff\u00e9rentes options et services qu'il propose. Par exemple, celles utilis\u00e9es pour maintenir la session, la gestion des temps de r\u00e9ponse, l'ex\u00e9cution ou la validation des options, utiliser des \u00e9l\u00e9ments de s\u00e9curit\u00e9, partager des contenus avec les r\u00e9seaux sociaux, etc.<\/li><li>Cookies de personnalisation : Ces cookies permettent \u00e0 l'utilisateur de sp\u00e9cifier ou de personnaliser certaines caract\u00e9ristiques des options g\u00e9n\u00e9rales de la page web, par exemple, pour d\u00e9finir la langue, la configuration r\u00e9gionale ou le type de navigateur.<\/li><li>Cookies analytiques : Les cookies analytiques sont ceux utilis\u00e9s par notre portail web, pour cr\u00e9er des profils de navigation et pour pouvoir conna\u00eetre les pr\u00e9f\u00e9rences de ses utilisateurs afin d'am\u00e9liorer l'offre de produits et services. Par exemple, gr\u00e2ce \u00e0 un cookie analytique, les zones g\u00e9ographiques les plus int\u00e9ressantes pour un utilisateur seraient contr\u00f4l\u00e9es, quel est le produit le plus largement accept\u00e9, etc.<\/li><li>Cookies publicitaires : Les cookies publicitaires permettent la gestion des espaces publicitaires en fonction de crit\u00e8res pr\u00e9cis. Par exemple, la fr\u00e9quence d'acc\u00e8s, le contenu \u00e9dit\u00e9, etc. Les cookies publicitaires permettent, \u00e0 travers la gestion de la publicit\u00e9, de stocker des informations sur le comportement \u00e0 travers l'observation des habitudes, l'\u00e9tude des acc\u00e8s et la constitution d'un profil des pr\u00e9f\u00e9rences de l'utilisateur, de proposer des publicit\u00e9s li\u00e9es aux int\u00e9r\u00eats de votre profil.<\/li><\/ul><p><strong>Selon leur dur\u00e9e :<\/strong><\/p><ul><li>Cookies de session : Les cookies de session sont ceux qui durent tant que l'utilisateur navigue sur le site Web et sont supprim\u00e9s \u00e0 la fin.<\/li><li>Cookies persistants : Ces cookies sont stock\u00e9s plus longtemps dans le terminal de l'utilisateur, facilitant ainsi le contr\u00f4le des pr\u00e9f\u00e9rences choisies sans avoir \u00e0 r\u00e9p\u00e9ter certains param\u00e8tres \u00e0 chaque visite du site.<\/li><\/ul><p><strong><u>COOKIES UTILIS\u00c9S :<\/u><\/strong><\/p><p><strong>Certains des cookies suivants ont \u00e9t\u00e9 autoris\u00e9s lors de la visite de cette page :<\/strong><\/p><table><tbody><tr><td width=\"109\"><strong>\u00a0<\/strong><\/p><p><strong>DOMAINE<\/strong><\/td><td width=\"199\"><strong>COOKIE<\/strong><\/td><td width=\"77\"><strong>COMPAGNIE<\/strong><\/td><td width=\"99\"><strong>FONCTION<\/strong><\/td><td width=\"87\"><strong>VALIDIT\u00c9<\/strong><\/td><\/tr><tr><td rowspan=\"3\" width=\"109\"><strong>jclorian<\/strong><\/td><td width=\"199\">_ga<\/td><td width=\"77\">Google<\/td><td width=\"99\">Analytics<\/td><td width=\"87\">2, ans<\/td><\/tr><tr><td width=\"199\">_gat<\/td><td width=\"77\"><\/td><td width=\"99\">Analytics<\/td><td width=\"87\">2, ans<\/td><\/tr><tr><td width=\"199\">_gid<\/td><td width=\"77\"><\/td><td width=\"99\">Analytics<\/td><td width=\"87\">Session<\/td><\/tr><tr><td width=\"109\"><strong>\u00a0<\/strong><\/td><td width=\"199\">_utma<\/td><td width=\"77\"><\/td><td width=\"99\">Analytics<\/td><td width=\"87\">Persistant<\/td><\/tr><tr><td width=\"109\"><strong>\u00a0<\/strong><\/td><td width=\"199\">_utmb<\/td><td width=\"77\"><\/td><td width=\"99\">Analytics<\/td><td width=\"87\">Persistant<\/td><\/tr><tr><td width=\"109\"><strong>\u00a0<\/strong><\/td><td width=\"199\">_utmc<\/td><td width=\"77\"><\/td><td width=\"99\">Analytics<\/td><td width=\"87\">Persistant<\/td><\/tr><tr><td width=\"109\"><strong>\u00a0<\/strong><\/td><td width=\"199\">_utmt<\/td><td width=\"77\"><\/td><td width=\"99\">Analytics<\/td><td width=\"87\">Persistant<\/td><\/tr><tr><td width=\"109\"><strong>\u00a0<\/strong><\/td><td width=\"199\">utmv<\/td><td width=\"77\"><\/td><td width=\"99\">Analytics<\/td><td width=\"87\">Persistant<\/td><\/tr><\/tbody><\/table><p><strong><u>COOKIES EXTERNES UTILIS\u00c9S :<\/u><\/strong><\/p><table><tbody><tr><td width=\"109\"><strong>\u00a0<\/strong><\/p><p><strong>DOMAINE<\/strong><\/td><td width=\"199\"><strong>COOKIE<\/strong><\/td><td width=\"77\"><strong>COMPAGNIE<\/strong><\/td><td width=\"99\"><strong>FONCTION<\/strong><\/td><td width=\"87\"><strong>VALIDIT\u00c9<\/strong><\/td><\/tr><tr><td rowspan=\"2\" width=\"109\"><strong>doubleclick<\/strong><\/td><td width=\"199\">IDE<\/td><td width=\"77\">Google<\/td><td width=\"99\">Publicitaire<\/td><td width=\"87\">2 ans<\/td><\/tr><tr><td width=\"199\">DSID<\/td><td width=\"77\"><\/td><td width=\"99\">Publicitaire<\/td><td width=\"87\">2 ans<\/td><\/tr><tr><td width=\"109\">GOOGLE<\/td><td width=\"199\">1P_JAR<\/td><td width=\"77\"><\/td><td width=\"99\">Publicitaire<\/td><td width=\"87\">7 jours<\/td><\/tr><tr><td width=\"109\"><\/td><td width=\"199\">APISID<\/td><td width=\"77\"><\/td><td width=\"99\">Technique<\/td><td width=\"87\">2 ans<\/td><\/tr><tr><td width=\"109\"><\/td><td width=\"199\">CONSENT<\/td><td width=\"77\"><\/td><td width=\"99\">Technique<\/td><td width=\"87\">Permanent<\/td><\/tr><tr><td width=\"109\"><\/td><td width=\"199\">SAPISID<\/td><td width=\"77\"><\/td><td width=\"99\">Technique<\/td><td width=\"87\">2 ans<\/td><\/tr><tr><td width=\"109\"><\/td><td width=\"199\">SID<\/td><td width=\"77\"><\/td><td width=\"99\">Technique<\/td><td width=\"87\">2 ans<\/td><\/tr><\/tbody><\/table><h3><strong><u>4 - POURQUOI AVONS-NOUS BESOIN DE VOTRE CONSENTEMENT EXPLICITE POUR LES UTILISER ?<\/u><\/strong><\/h3><ul><li><strong><u>Arr\u00eat de la Grande Chambre de la Cour de justice de l'Union europ\u00e9enne, du 1er octobre 2019<\/u><\/strong><\/li><\/ul><p>L'arr\u00eat de la Grande Chambre de la Cour de justice de l'Union europ\u00e9enne, en date du 1er octobre 2019, doit \u00eatre interpr\u00e9t\u00e9 en ce sens que le consentement n'est pas valablement donn\u00e9 lorsque le stockage d'informations, ou l'acc\u00e8s \u00e0 des informations d\u00e9j\u00e0 stock\u00e9es dans l'\u00e9quipement terminal de l'utilisateur d'un site Internet, par le biais de cookies, est autoris\u00e9 au moyen d'une case marqu\u00e9e par d\u00e9faut \u00e0 partir de laquelle l'utilisateur doit supprimer la marque au cas o\u00f9 il voudrait refuser son utilisation. En ce sens, l'autorisation doit \u00eatre bas\u00e9e sur une <strong>acceptation<\/strong> explicite ou un <strong>rejet<\/strong> \u00e9gal par l'utilisateur.<\/p><p>Cette interpr\u00e9tation ne peut varier selon que les informations stock\u00e9es ou consult\u00e9es dans le terminal de l'utilisateur d'un site Internet contiennent ou non des donn\u00e9es personnelles.<\/p><p>La Grande Chambre de la Cour de justice de l'Union europ\u00e9enne pr\u00e9voit \u00e9galement dans cet arr\u00eat que les informations que le prestataire de services doit fournir \u00e0 l'utilisateur d'un site Internet doivent comprendre la dur\u00e9e pendant laquelle les cookies resteront actifs et la possibilit\u00e9 pour des tiers d'acc\u00e9der aux informations qu'ils stockent. Cette exigence est \u00e9tablie par la version modifi\u00e9e par la directive 2009\/136, qui modifie l'article 5, paragraphe 3, de la directive 2002\/58\/UE.<\/p><p>En ce qui concerne la possibilit\u00e9 que l'utilisateur puisse refuser l'utilisation de cookies, il faut tenir compte du fait que si vous refusez ou supprimez les cookies pour naviguer sur le web, nous ne pourrons pas maintenir vos pr\u00e9f\u00e9rences, certaines fonctionnalit\u00e9s des pages ne seront pas \u00eatre op\u00e9rationnelles, nous ne pourrons pas vous proposer des services personnalis\u00e9s et \u00e0 chaque fois que vous naviguez sur notre site, nous devrons redemander votre autorisation pour l'utilisation des cookies.<\/p><p>Si malgr\u00e9 tout, vous d\u00e9cidiez de modifier la configuration de votre acc\u00e8s \u00e0 la page web, sachez qu'il est possible de supprimer les cookies ou d'emp\u00eacher \u00e0 tout moment l'enregistrement de ces informations sur votre ordinateur en modifiant les param\u00e8tres de configuration de votre navigateur :<\/p><ul><li><a href=\"https:\/\/support.microsoft.com\/fr-fr\/windows\/supprimer-et-g%C3%A9rer-les-cookies-168dab11-0753-043d-7c16-ede5947fc64d\">Supprimer et g\u00e9rer les cookies<\/a><\/li><li><a href=\"https:\/\/support.mozilla.org\/fr\/kb\/effacer-cookies-donnees-site-firefox\">Configuration de cookies de Firefox.<\/a><\/li><li><a href=\"https:\/\/support.google.com\/chrome\/answer\/95647?co=GENIE.Platform%3DDesktop&amp;amp%3Bhl=es-419&amp;hl=fr\">Configuration des cookies de Google Chrome.<\/a><\/li><li><a href=\"https:\/\/support.apple.com\/fr-fr\/guide\/safari\/sfri11471\/mac\">Configuration de cookies de Safari.<\/a><\/li><\/ul><p>Ces navigateurs sont sujets \u00e0 des changements ou modifications, nous ne pouvons donc pas garantir qu'ils s'adapteront enti\u00e8rement \u00e0 la version de votre navigateur. Il se peut \u00e9galement que vous utilisiez un autre navigateur non couvert par ces liens tels que Konqueror, Arora, Flock, etc. Pour \u00e9viter ces d\u00e9calages, vous pouvez y acc\u00e9der directement depuis les options de votre navigateur, qui se trouvent g\u00e9n\u00e9ralement dans le menu Options, dans la rubrique \"Confidentialit\u00e9\". (Veuillez consulter l'aide de votre navigateur pour plus d'informations.)<\/p><h3><strong><u>5 - O\u00d9 PUIS-JE OBTENIR PLUS D'INFORMATIONS\u00a0?<\/u><\/strong><\/h3><p>Vous pouvez trouver plus d'informations sur les cookies sur :<\/p><p><a href=\"https:\/\/www.allaboutcookies.org\/\">\u00a0www.allaboutcookies.org<\/a> ou <a href=\"https:\/\/www.youronlinechoices.com\/\">www.youronlinechoices.eu<\/a>.<\/p><\/div>\r\n\t<\/div>\r\n\r\n\r\n\t\t\r\n\r\n<\/div>\r\n<\/div>\n\n\t<\/div>\r\n<\/section>\r\n<\/p>\n","protected":false},"excerpt":{"rendered":"<p>Menu principal &gt; Politique de Cookies&nbsp; 1 &#8211; QU&#8217;EST-CE QUE LES COOKIES ?Les cookies sont de petits fichiers de donn\u00e9es qui sont re\u00e7us dans le terminal \u00e0 partir du site web visit\u00e9 et sont utilis\u00e9s pour enregistrer certaines interactions de navigation sur un site web,&#8230;<\/p>\n","protected":false},"author":1,"featured_media":0,"parent":0,"menu_order":0,"comment_status":"closed","ping_status":"closed","template":"","meta":{"footnotes":""},"class_list":["post-4904","page","type-page","status-publish","hentry"],"_links":{"self":[{"href":"https:\/\/clorian.com\/fr\/wp-json\/wp\/v2\/pages\/4904","targetHints":{"allow":["GET"]}}],"collection":[{"href":"https:\/\/clorian.com\/fr\/wp-json\/wp\/v2\/pages"}],"about":[{"href":"https:\/\/clorian.com\/fr\/wp-json\/wp\/v2\/types\/page"}],"author":[{"embeddable":true,"href":"https:\/\/clorian.com\/fr\/wp-json\/wp\/v2\/users\/1"}],"replies":[{"embeddable":true,"href":"https:\/\/clorian.com\/fr\/wp-json\/wp\/v2\/comments?post=4904"}],"version-history":[{"count":6,"href":"https:\/\/clorian.com\/fr\/wp-json\/wp\/v2\/pages\/4904\/revisions"}],"predecessor-version":[{"id":10461,"href":"https:\/\/clorian.com\/fr\/wp-json\/wp\/v2\/pages\/4904\/revisions\/10461"}],"wp:attachment":[{"href":"https:\/\/clorian.com\/fr\/wp-json\/wp\/v2\/media?parent=4904"}],"curies":[{"name":"wp","href":"https:\/\/api.w.org\/{rel}","templated":true}]}}