{"id":10299,"date":"2025-08-11T16:41:05","date_gmt":"2025-08-11T14:41:05","guid":{"rendered":"https:\/\/clorian.com\/?page_id=10299"},"modified":"2025-08-14T11:43:10","modified_gmt":"2025-08-14T09:43:10","slug":"dichiarazione-di-accessibilita","status":"publish","type":"page","link":"https:\/\/clorian.com\/it\/dichiarazione-di-accessibilita\/","title":{"rendered":"Dichiarazione di accessibilit\u00e0"},"content":{"rendered":"<p>\r\n<section class=\"sh-section sh-section-c84bf8bd8ea24e3f9e10cf7b04537d82 fw-main-row header_title sh-section-visibility-everywhere\">\r\n\t\r\n\t\r\n\t<div class=\"sh-section-container container-fluid\">\r\n\t\t<div class=\"fw-row\">\n\t\r\n<div class=\"sh-column sh-column-dee342c786194847debb144e842e16c2 fw-col-xs-12 container_inner\" >\r\n\r\n\t\r\n\t<div class=\"sh-column-wrapper\">\r\n\t\t\r\n<div id=\"text-block-db4c4475275e3bb8d1f2d547de7b4fae\" class=\"sh-text-block\">\r\n\t<p><div id=\"breadcrumbs\" class=\"breadcrumb-trail breadcrumbs\"><span class=\"item-home\"><a class=\"bread-link bread-home\" href=\"https:\/\/clorian.com\/it\/\" title=\"Inizio\">Inizio<\/a><\/span><span class=\"separator\"> &gt; <\/span><span class=\"item-current\"><span class=\"bread-current\">Dichiarazione di accessibilit\u00e0<\/span><\/span><\/div><\/p><\/div>\r\n\t<\/div>\r\n\r\n\r\n\t\t\r\n\r\n<\/div>\r\n<\/div>\n\n\t<\/div>\r\n<\/section>\r\n\r\n<section class=\"sh-section sh-section-95c11961bb3db6600e693a3fa017c564 fw-main-row legal_text sh-section-visibility-everywhere\">\r\n\t\r\n\t\r\n\t<div class=\"sh-section-container container\">\r\n\t\t<div class=\"fw-row\">\n\t\r\n<div class=\"sh-column sh-column-bce866ea43e3be4344a67f1c56b0d56a fw-col-xs-12\" >\r\n\r\n\t\r\n\t<div class=\"sh-column-wrapper\">\r\n\t\t\r\n<div id=\"text-block-531719c3763b1ed79fd6a820ef4d3d5b\" class=\"sh-text-block\">\r\n\t<h1>Dichiarazione di accessibilit\u00e0<\/h1><p>La presente dichiarazione di accessibilit\u00e0 si applica ai siti web sulla piattaforma Clorian.<\/p><p>Ciascuno di questi siti web pu\u00f2 avere la propria dichiarazione di accessibilit\u00e0.<\/p><h2>Stato di conformit\u00e0<\/h2><p>Questo sito web \u00e8 <strong>parzialmente conforme<\/strong> alle Linee guida per l\u2019accessibilit\u00e0 dei contenuti web (WCAG) 2.1 livello AA, a causa della mancata conformit\u00e0 degli aspetti indicati di seguito.<\/p><h2>Contenuto non accessibile<\/h2><p>Il contenuto riportato di seguito non \u00e8 accessibile per i seguenti motivi:<\/p><ul><li><strong>Mancata conformit\u00e0 al Decreto Reale 1112\/2018:<\/strong> Alcune pagine possono contenere:<ul><li>Controlli interattivi senza etichette adeguate per le tecnologie assistive.<\/li><li>Documenti PDF o contenuti multimediali senza alternative accessibili, come ad esempio alcuni video incorporati.<\/li><li>Contrasti di colore insufficienti in elementi secondari.<\/li><\/ul><\/li><li><strong>Oneri sproporzionati:<\/strong> Non applicabile.<\/li><li><strong>Il contenuto non rientra nell\u2019ambito della legislazione applicabile:<\/strong> Alcuni contenuti di terzi, non finanziati n\u00e9 sviluppati dalla nostra organizzazione, potrebbero non rispettare pienamente i requisiti di accessibilit\u00e0.<\/li><\/ul><h2>Preparazione della presente dichiarazione di accessibilit\u00e0<\/h2><p>La presente dichiarazione \u00e8 stata redatta il <strong>15 aprile 2025<\/strong>.<\/p><p>Il metodo utilizzato per la redazione della dichiarazione \u00e8 stata un\u2019<strong>autovalutazione interna<\/strong> supportata da strumenti automatici e revisione manuale su un campione rappresentativo dei diversi siti web.<\/p><h2>Osservazioni e dati di contatto<\/h2><p>\u00c8 possibile inviare comunicazioni sui requisiti di accessibilit\u00e0 (articolo 10.2.a del RD 1112\/2018) come:<\/p><ul><li>Segnalare qualsiasi possibile inadempienza da parte di questo sito web.<\/li><li>Segnalare altre difficolt\u00e0 di accesso ai contenuti.<\/li><li>Formulare qualsiasi altra domanda o suggerimento di miglioramento relativo all\u2019accessibilit\u00e0 del sito web.<\/li><\/ul><p>Tramite il seguente canale di contatto: <a href=\"mailto:accesibilidad@clorian.com\">accesibilidad@clorian.com<\/a><\/p><h2>Contenuto facoltativo<\/h2><p>Siamo impegnati nel miglioramento continuo dell\u2019accessibilit\u00e0 e lavoriamo attivamente per risolvere le aree individuate come non conformi. Il nostro obiettivo \u00e8 raggiungere un livello di accessibilit\u00e0 AA completo nelle prossime iterazioni del sito.<\/p><p><strong>Ultima revisione della dichiarazione:<\/strong> 15 aprile 2025.<\/p><\/div>\r\n\t<\/div>\r\n\r\n\r\n\t\t\r\n\r\n<\/div>\r\n<\/div>\n\n\t<\/div>\r\n<\/section>\r\n<\/p>\n","protected":false},"excerpt":{"rendered":"<p>Inizio &gt; Dichiarazione di accessibilit\u00e0 Dichiarazione di accessibilit\u00e0La presente dichiarazione di accessibilit\u00e0 si applica ai siti web sulla piattaforma Clorian.Ciascuno di questi siti web pu\u00f2 avere la propria dichiarazione di accessibilit\u00e0.Stato di conformit\u00e0Questo sito web \u00e8 parzialmente conforme alle Linee guida per l\u2019accessibilit\u00e0 dei contenuti&#8230;<\/p>\n","protected":false},"author":1,"featured_media":0,"parent":0,"menu_order":0,"comment_status":"closed","ping_status":"closed","template":"","meta":{"footnotes":""},"class_list":["post-10299","page","type-page","status-publish","hentry"],"_links":{"self":[{"href":"https:\/\/clorian.com\/it\/wp-json\/wp\/v2\/pages\/10299","targetHints":{"allow":["GET"]}}],"collection":[{"href":"https:\/\/clorian.com\/it\/wp-json\/wp\/v2\/pages"}],"about":[{"href":"https:\/\/clorian.com\/it\/wp-json\/wp\/v2\/types\/page"}],"author":[{"embeddable":true,"href":"https:\/\/clorian.com\/it\/wp-json\/wp\/v2\/users\/1"}],"replies":[{"embeddable":true,"href":"https:\/\/clorian.com\/it\/wp-json\/wp\/v2\/comments?post=10299"}],"version-history":[{"count":2,"href":"https:\/\/clorian.com\/it\/wp-json\/wp\/v2\/pages\/10299\/revisions"}],"predecessor-version":[{"id":10454,"href":"https:\/\/clorian.com\/it\/wp-json\/wp\/v2\/pages\/10299\/revisions\/10454"}],"wp:attachment":[{"href":"https:\/\/clorian.com\/it\/wp-json\/wp\/v2\/media?parent=10299"}],"curies":[{"name":"wp","href":"https:\/\/api.w.org\/{rel}","templated":true}]}}