{"id":2899,"date":"2020-06-14T08:44:05","date_gmt":"2020-06-14T08:44:05","guid":{"rendered":"https:\/\/clorian.com\/aviso-legal\/"},"modified":"2024-01-23T16:44:34","modified_gmt":"2024-01-23T14:44:34","slug":"avisso-legale","status":"publish","type":"page","link":"https:\/\/clorian.com\/it\/avisso-legale\/","title":{"rendered":"Avviso legale"},"content":{"rendered":"<p>\r\n<section class=\"sh-section sh-section-50778fbc16e7f97b9a581007b463e9d0 fw-main-row header_title sh-section-visibility-everywhere\">\r\n\t\r\n\t\r\n\t<div class=\"sh-section-container container-fluid\">\r\n\t\t<div class=\"fw-row\">\n\t\r\n<div class=\"sh-column sh-column-9c2ff0cf8a35da53dc357345d69b252d fw-col-xs-12 container_inner\" >\r\n\r\n\t\r\n\t<div class=\"sh-column-wrapper\">\r\n\t\t\r\n<div id=\"text-block-ef6d49c2795d46ced6114bcbb7fb7742\" class=\"sh-text-block\">\r\n\t<p><div id=\"breadcrumbs\" class=\"breadcrumb-trail breadcrumbs\"><span class=\"item-home\"><a class=\"bread-link bread-home\" href=\"https:\/\/clorian.com\/it\/\" title=\"Inizio\">Inizio<\/a><\/span><span class=\"separator\"> &gt; <\/span><span class=\"item-current\"><span class=\"bread-current\">Avviso legale<\/span><\/span><\/div><\/p><p>&nbsp;<\/p><\/div>\r\n\t<\/div>\r\n\r\n\r\n\t\t\r\n\r\n<\/div>\r\n<\/div>\n\n\t<\/div>\r\n<\/section>\r\n\r\n<section class=\"sh-section sh-section-d838b6e02fed82f96833ee893331d4d8 fw-main-row legal_text sh-section-visibility-everywhere\">\r\n\t\r\n\t\r\n\t<div class=\"sh-section-container container\">\r\n\t\t<div class=\"fw-row\">\n\t\r\n<div class=\"sh-column sh-column-2c995a5495601fccb8f167ea7846a52f fw-col-xs-12\" >\r\n\r\n\t\r\n\t<div class=\"sh-column-wrapper\">\r\n\t\t\r\n<div id=\"text-block-584f09623c540d0d672ffa4a0bd96ba1\" class=\"sh-text-block\">\r\n\t<h3>1 - INFORMAZIONI AZIENDALI<\/h3><p>In conformit\u00e0 con la Legge 34\/2002, dell'11 luglio, sui servizi della societ\u00e0 dell'informazione e del commercio elettronico, TIQUETEO SPAIN SL informa che \u00e8 il proprietario dei siti web: www.clorian.com, in conformit\u00e0 con i requisiti dell'articolo 10 della suddetta Legge, TIQUETEO SPAIN SL, notifica i seguenti dati: il proprietario di questo sito web \u00e8 TIQUETEO SPAIN SL con NIF\/CIF: B66045345. Registro Mercantile di BARCELLONA, Volume: 43775. Folio: 2, S 8,. Pagina: B-437914, e sede legale: Carrer de Vene\u00e7uela 103 - 3\u00aa 1, 08019 - Barcellona. Citt\u00e0: BARCELLONA, Provincia: Barcellona. L'indirizzo e-mail per contattare l'azienda \u00e8: info@clorian.com<\/p><h3>2 - REGIME DI UTENZA E RESPONSABILIT\u00c0<\/h3><p>La navigazione attraverso l'accesso o l'uso del sito web www.clorian.com e di tutti i sottodomini e directory inclusi nello stesso, cos\u00ec come i servizi o i contenuti che si possono ottenere attraverso di esso e tutti i portali del proprio dominio di propriet\u00e0 di TIQUETEO SPAIN SL, concede la condizione di Utente, con la quale l'utente accetta, durante la navigazione nella pagina TIQUETEO SPAIN SL, tutte le condizioni d'uso qui esposte, senza pregiudicare l'applicazione delle corrispondenti norme di conformit\u00e0 legale obbligatoria, a seconda dei casi.<\/p><p>Pertanto, se l'utente non \u00e8 d'accordo con le considerazioni riportate in questo avviso legale, \u00e8 pregato di non utilizzare il portale, poich\u00e9 qualsiasi uso che si faccia di esso o dei servizi e contenuti in esso inclusi implicher\u00e0 l'accettazione delle condizioni legali riportate in questo testo.<\/p><p>Il sito web di TIQUETEO SPAIN SL fornisce un'ampia gamma di informazioni, servizi e dati. L'utente si assume la responsabilit\u00e0 del corretto utilizzo del sito web. Tale responsabilit\u00e0 si estende a: La veridicit\u00e0 e la legalit\u00e0 delle informazioni fornite dall'utente nei moduli emessi da TIQUETEO SPAIN SL per accedere a determinati contenuti o servizi offerti dal sito web.<\/p><p>L'uso delle informazioni, dei servizi e dei dati offerti da TIQUETEO SPAIN SL non sar\u00e0 contrario alle disposizioni delle presenti condizioni, alla Legge, alla morale, ai buoni costumi o all'ordine pubblico o che, in qualsiasi altro caso, possa comportare una lesione dei diritti di terzi o del funzionamento dei siti web. A tal fine, l'Utente si asterr\u00e0 dall'utilizzare qualsiasi contenuto per scopi o effetti illeciti, vietati nel presente testo, lesivi dei diritti e degli interessi di terzi, o che in qualsiasi modo possano danneggiare, rendere inutilizzabili, sovraccaricare, deteriorare o impedire il normale utilizzo dei contenuti, degli altri Utenti o di qualsiasi utente di Internet (hardware e software).<\/p><p>Gli utenti saranno responsabili dei danni di qualsiasi tipo che la societ\u00e0 proprietaria del sito web potr\u00e0 subire, direttamente o indirettamente, in conseguenza dell'inosservanza di uno qualsiasi degli obblighi derivanti dall'utilizzo del sito web e della presente informativa sulla privacy.<\/p><p>In particolare, a titolo meramente esemplificativo e non esaustivo, l'Utente si impegna a non trasmettere, diffondere o rendere disponibili a terzi informazioni, dati, contenuti, messaggi, grafici, disegni, file sonori e\/o di immagine, fotografie del sito.<\/p><\/div>\r\n\t<\/div>\r\n\r\n\r\n\t\t\r\n\r\n<\/div>\r\n<\/div>\n\n\t<\/div>\r\n<\/section>\r\n<\/p>\n","protected":false},"excerpt":{"rendered":"<p>Inizio &gt; Avviso legale&nbsp; 1 &#8211; INFORMAZIONI AZIENDALIIn conformit\u00e0 con la Legge 34\/2002, dell&#8217;11 luglio, sui servizi della societ\u00e0 dell&#8217;informazione e del commercio elettronico, TIQUETEO SPAIN SL informa che \u00e8 il proprietario dei siti web: www.clorian.com, in conformit\u00e0 con i requisiti dell&#8217;articolo 10 della suddetta&#8230;<\/p>\n","protected":false},"author":1,"featured_media":0,"parent":0,"menu_order":0,"comment_status":"closed","ping_status":"closed","template":"","meta":{"footnotes":""},"class_list":["post-2899","page","type-page","status-publish","hentry"],"_links":{"self":[{"href":"https:\/\/clorian.com\/it\/wp-json\/wp\/v2\/pages\/2899","targetHints":{"allow":["GET"]}}],"collection":[{"href":"https:\/\/clorian.com\/it\/wp-json\/wp\/v2\/pages"}],"about":[{"href":"https:\/\/clorian.com\/it\/wp-json\/wp\/v2\/types\/page"}],"author":[{"embeddable":true,"href":"https:\/\/clorian.com\/it\/wp-json\/wp\/v2\/users\/1"}],"replies":[{"embeddable":true,"href":"https:\/\/clorian.com\/it\/wp-json\/wp\/v2\/comments?post=2899"}],"version-history":[{"count":6,"href":"https:\/\/clorian.com\/it\/wp-json\/wp\/v2\/pages\/2899\/revisions"}],"predecessor-version":[{"id":6660,"href":"https:\/\/clorian.com\/it\/wp-json\/wp\/v2\/pages\/2899\/revisions\/6660"}],"wp:attachment":[{"href":"https:\/\/clorian.com\/it\/wp-json\/wp\/v2\/media?parent=2899"}],"curies":[{"name":"wp","href":"https:\/\/api.w.org\/{rel}","templated":true}]}}