{"id":2903,"date":"2020-06-14T08:45:09","date_gmt":"2020-06-14T08:45:09","guid":{"rendered":"https:\/\/clorian.com\/politica-cookies\/"},"modified":"2025-08-14T11:47:56","modified_gmt":"2025-08-14T09:47:56","slug":"politica-cookie","status":"publish","type":"page","link":"https:\/\/clorian.com\/it\/politica-cookie\/","title":{"rendered":"Politica sui cookie"},"content":{"rendered":"<p>\r\n<section class=\"sh-section sh-section-b62f659550801f2b3ac6ebe2fbab16ac fw-main-row header_title sh-section-visibility-everywhere\">\r\n\t\r\n\t\r\n\t<div class=\"sh-section-container container-fluid\">\r\n\t\t<div class=\"fw-row\">\n\t\r\n<div class=\"sh-column sh-column-b371059a3ca0f5900fff74b894312c3d fw-col-xs-12 container_inner\" >\r\n\r\n\t\r\n\t<div class=\"sh-column-wrapper\">\r\n\t\t\r\n<div id=\"text-block-c6b22414d73863da6629f2434d325f22\" class=\"sh-text-block\">\r\n\t<p><div id=\"breadcrumbs\" class=\"breadcrumb-trail breadcrumbs\"><span class=\"item-home\"><a class=\"bread-link bread-home\" href=\"https:\/\/clorian.com\/it\/\" title=\"Inizio\">Inizio<\/a><\/span><span class=\"separator\"> &gt; <\/span><span class=\"item-current\"><span class=\"bread-current\">Politica sui cookie<\/span><\/span><\/div><\/p><p>&nbsp;<\/p><\/div>\r\n\t<\/div>\r\n\r\n\r\n\t\t\r\n\r\n<\/div>\r\n<\/div>\n\n\t<\/div>\r\n<\/section>\r\n\r\n<section class=\"sh-section sh-section-c95c4a37d57cdf0c41e3253f6e56df50 fw-main-row legal_text sh-section-visibility-everywhere\">\r\n\t\r\n\t\r\n\t<div class=\"sh-section-container container\">\r\n\t\t<div class=\"fw-row\">\n\t\r\n<div class=\"sh-column sh-column-4c25460f03e3281373a6b726c798b3f7 fw-col-xs-12\" >\r\n\r\n\t\r\n\t<div class=\"sh-column-wrapper\">\r\n\t\t\r\n<div id=\"text-block-0558de8379728aed5b68015be80f6654\" class=\"sh-text-block\">\r\n\t<h3><strong><u>1 - COSA SONO I COOKIE?<\/u><\/strong><\/h3><p>I cookie sono piccoli file di dati che vengono ricevuti sul terminale dal sito web visitato e vengono utilizzati per registrare alcune interazioni di navigazione su un sito web, memorizzando dati che possono essere aggiornati e recuperati. Questi file vengono memorizzati sul computer dell'utente e contengono dati anonimi che non danneggiano il computer dell'utente. Vengono utilizzati per ricordare le preferenze dell'utente, come la lingua selezionata, i dati di accesso o la personalizzazione della pagina.<\/p><p>I cookie possono essere utilizzati anche per registrare informazioni anonime sull'utilizzo di un sito da parte di un visitatore. Ad esempio, da quale pagina web si \u00e8 acceduto o se si \u00e8 utilizzato un banner pubblicitario per arrivarci.<\/p><h3><strong><u>2 - PERCH\u00c9 UTILIZZAMO I COOKIE?<\/u><\/strong><\/h3><p>TIQUETEO SPAIN, SL utilizza i cookie che sono strettamente necessari ed essenziali per l'utilizzo dei nostri siti web e che consentono di muoversi liberamente, utilizzare aree sicure, opzioni personalizzate, ecc. Inoltre, TIQUETEO SPAIN, SL utilizza cookie che raccolgono dati relativi all'analisi dell'uso del sito web. Questi vengono utilizzati per contribuire a migliorare il servizio al cliente, misurando l'uso e le prestazioni della pagina, per ottimizzarla e personalizzarla.<\/p><p>I nostri siti possono anche avere collegamenti a social network (come Facebook o Twitter). TIQUETEO SPAIN, SL non controlla i cookie utilizzati da questi siti web esterni. Per ulteriori informazioni sui cookie dei social network o di altri siti web esterni, si consiglia di controllare le loro politiche sui cookie.<\/p><p>Questo sito web utilizza i seguenti cookie:<\/p><ul><li>Cookie Google ANALYTICS: Google ANALYTICS \u00e8 un servizio gratuito offerto da Google Inc. che raccoglie informazioni sulle pagine web consultate, a che ora, con quale browser web, ecc. Queste informazioni vengono inviate ai server di Google Inc. negli Stati Uniti.<\/li><li>Cookie dell'applicazione \"Add-this\": Add-this \u00e8 un servizio gratuito che consente di condividere le pagine di questo sito web con diversi mezzi (e-mail, social network, ecc.). Add-this raccoglie informazioni statistiche sulla navigazione dell'utente, al fine di fornire pubblicit\u00e0 personalizzata in base alle sue abitudini di navigazione su questo sito o altrove.<\/li><\/ul><h3><strong><u>3 - CHE USO FACCIAMO DEI DIVERSI TIPI DI COOKIE?<\/u><\/strong><\/h3><p><strong>In base al loro scopo:<\/strong><\/p><ul><li>Cookie tecnici: I cookie tecnici sono quelli essenziali e strettamente necessari per il corretto funzionamento di un portale web e per l'utilizzo delle diverse opzioni e servizi che offre. Ad esempio, quelli che servono per mantenere la sessione, gestire i tempi di risposta, le prestazioni o la convalida delle opzioni, utilizzare elementi di sicurezza, condividere contenuti con i social network, ecc.<\/li><\/ul><ul><li>Cookie di personalizzazione: Questi cookie consentono all'utente di specificare o personalizzare alcune caratteristiche delle opzioni generali del sito web, ad esempio definendo la lingua, la configurazione regionale o il tipo di browser.<\/li><li>Cookie analitici: I cookie analitici sono quelli utilizzati dal nostro portale web, per elaborare profili di navigazione e poter conoscere le preferenze degli utenti dello stesso al fine di migliorare l'offerta di prodotti e servizi. Ad esempio, un cookie analitico potrebbe essere utilizzato per controllare le aree geografiche di maggiore interesse per un utente, quale prodotto \u00e8 pi\u00f9 popolare, ecc.<\/li><li>Cookie pubblicitari\/advertising: I cookie pubblicitari consentono di gestire gli spazi pubblicitari in base a criteri specifici. Ad esempio, la frequenza degli accessi, i contenuti pubblicati, ecc. I cookie pubblicitari consentono, attraverso la gestione della pubblicit\u00e0, di memorizzare informazioni comportamentali attraverso l'osservazione delle abitudini, studiando gli accessi e formando un profilo delle preferenze dell'utente, al fine di offrire pubblicit\u00e0 correlata agli interessi del suo profilo.<\/li><\/ul><p><strong>Secondo il termine:<\/strong><\/p><ul><li>Cookie di sessione: i cookie di sessione sono quelli che durano per il tempo in cui l'utente naviga sul sito web e vengono cancellati alla fine.<\/li><li>Cookie persistenti: Questi cookie rimangono memorizzati nel terminale dell'utente per un periodo di tempo pi\u00f9 lungo, facilitando cos\u00ec il controllo delle preferenze scelte senza dover ripetere determinati parametri a ogni visita del sito web.<\/li><\/ul><p><strong><u>COOKIE PROPRI IN USO:<\/u><\/strong><\/p><p><strong>Durante la visita di questa pagina sono stati consentiti alcuni dei seguenti cookie:<\/strong><\/p><table><tbody><tr><td width=\"109\"><strong>\u00a0<\/strong><\/p><p><strong>DOMINI<\/strong><\/td><td width=\"199\">&nbsp;<\/p><p><strong>COOKIE<\/strong><\/td><td width=\"77\">&nbsp;<\/p><p><strong>AZIENDA<\/strong><\/td><td width=\"99\">&nbsp;<\/p><p><strong>FUNZIONE<\/strong><\/td><td width=\"87\">&nbsp;<\/p><p><strong>SCADENZA<\/strong><\/td><\/tr><tr><td rowspan=\"3\" width=\"109\"><strong>jclorian<\/strong><\/td><td width=\"199\">_ga<\/p><p>&nbsp;<\/td><td width=\"77\">Google<\/td><td width=\"99\">Analytics<\/td><td width=\"87\">2 anni<\/td><\/tr><tr><td width=\"199\">_gat<\/td><td width=\"77\"><\/td><td width=\"99\">Analytics<\/td><td width=\"87\">2 anni<\/td><\/tr><tr><td width=\"199\">_gid<\/td><td width=\"77\"><\/td><td width=\"99\">Analytics<\/td><td width=\"87\">Sessione<\/td><\/tr><tr><td width=\"109\"><strong>\u00a0<\/strong><\/td><td width=\"199\">_utma<\/td><td width=\"77\"><\/td><td width=\"99\">Analytics<\/td><td width=\"87\">Persistente<\/td><\/tr><tr><td width=\"109\"><strong>\u00a0<\/strong><\/td><td width=\"199\">_utmb<\/td><td width=\"77\"><\/td><td width=\"99\">Analytics<\/td><td width=\"87\">Persistente<\/td><\/tr><tr><td width=\"109\"><strong>\u00a0<\/strong><\/td><td width=\"199\">_utmc<\/td><td width=\"77\"><\/td><td width=\"99\">Analytics<\/td><td width=\"87\">Persistente<\/td><\/tr><tr><td width=\"109\"><strong>\u00a0<\/strong><\/td><td width=\"199\">_utmt<\/td><td width=\"77\"><\/td><td width=\"99\">Analytics<\/td><td width=\"87\">Persistente<\/td><\/tr><tr><td width=\"109\"><strong>\u00a0<\/strong><\/td><td width=\"199\">utmv<\/td><td width=\"77\"><\/td><td width=\"99\">Analytics<\/td><td width=\"87\">Persistente<\/td><\/tr><\/tbody><\/table><p>&nbsp;<\/p><p><strong><u>COOKIES EXTERNAS EN USO:<\/u><\/strong><\/p><table><tbody><tr><td width=\"109\"><strong>\u00a0<\/strong><\/p><p><strong>DOMINI<\/strong><\/td><td width=\"199\">&nbsp;<\/p><p><strong>COOKIE<\/strong><\/td><td width=\"77\">&nbsp;<\/p><p><strong>AZIENDA<\/strong><\/td><td width=\"99\">&nbsp;<\/p><p><strong>FUNZIONE<\/strong><\/td><td width=\"87\">&nbsp;<\/p><p><strong>SCADENZA<\/strong><\/td><\/tr><tr><td rowspan=\"2\" width=\"109\"><strong>doubleclick<\/strong><\/td><td width=\"199\">IDE<\/p><p>&nbsp;<\/td><td width=\"77\">Google<\/td><td width=\"99\">Pubblicit\u00e0<\/td><td width=\"87\">2 anni<\/td><\/tr><tr><td width=\"199\">DSID<\/td><td width=\"77\"><\/td><td width=\"99\">Pubblicit\u00e0<\/td><td width=\"87\">2 anni<\/td><\/tr><tr><td width=\"109\">GOOGLE<\/td><td width=\"199\">1P_JAR<\/td><td width=\"77\"><\/td><td width=\"99\">Pubblicit\u00e0<\/td><td width=\"87\">7 giorni<\/td><\/tr><tr><td width=\"109\"><\/td><td width=\"199\">APISID<\/td><td width=\"77\"><\/td><td width=\"99\">Tecnica<\/td><td width=\"87\">2 anni<\/td><\/tr><tr><td width=\"109\"><\/td><td width=\"199\">CONSENT<\/td><td width=\"77\"><\/td><td width=\"99\">Tecnica<\/td><td width=\"87\">Permanente<\/td><\/tr><tr><td width=\"109\"><\/td><td width=\"199\">SAPISID<\/td><td width=\"77\"><\/td><td width=\"99\">Tecnica<\/td><td width=\"87\">2 anni<\/td><\/tr><tr><td width=\"109\"><\/td><td width=\"199\">SID<\/td><td width=\"77\"><\/td><td width=\"99\">Tecnica<\/td><td width=\"87\">2 anni<\/td><\/tr><\/tbody><\/table><p>&nbsp;<\/p><h3><strong><u>4 - PERCH\u00c9 ABBIAMO BISOGNO DEL VOSTRO CONCENSO ESPLICITO PER UTILIZZARLI?<\/u><\/strong><\/h3><ul><li><strong><u>Sentenza della Grande Sezione della Corte di giustizia dell'Unione europea del 1\u00ba ottobre 2019.<\/u><\/strong><\/li><\/ul><p>La sentenza della Grande Camera della Corte di giustizia dell'Unione europea del 1\u00b0 ottobre 2019 deve essere interpretata nel senso che il consenso non \u00e8 validamente prestato quando la memorizzazione di informazioni, o l'accesso a informazioni gi\u00e0 memorizzate sull'apparecchiatura terminale dell'utente di un sito Internet, attraverso i cookie \u00e8 autorizzata mediante una casella spuntata per impostazione predefinita dalla quale l'utente deve rimuovere la spunta nel caso in cui desideri rifiutarne l'uso. In questo senso, l'autorizzazione deve basarsi su un'accettazione esplicita o su un uguale rifiuto da parte dell'utente.<\/p><p>Questa interpretazione non pu\u00f2 variare a seconda che le informazioni memorizzate o consultate sul terminale dell'utente di un sito web siano o meno costituite da dati personali.<\/p><p>La Grande Camera della Corte di giustizia dell'Unione europea stabilisce inoltre in questa sentenza che le informazioni che il fornitore di servizi deve fornire all'utente di un sito Internet devono includere il tempo in cui i cookie rimarranno attivi e la possibilit\u00e0 che terzi possano accedere alle informazioni memorizzate. Questo requisito \u00e8 contenuto nella versione modificata dalla direttiva 2009\/136, che modifica l'articolo 5, paragrafo 3, della direttiva 2002\/58\/UE.<\/p><p>In relazione alla possibilit\u00e0 che l'utente possa rifiutare l'uso dei cookie, va notato che se si rifiutano o si cancellano i cookie navigando sul Web, non potremo mantenere le vostre preferenze, alcune funzionalit\u00e0 delle pagine non saranno operative, non potremo offrire servizi personalizzati e ogni volta che andrete a navigare sul nostro sito web dovremo chiedere nuovamente il vostro consenso all'uso dei cookie.<\/p><p>Se decidete comunque di modificare la configurazione del vostro accesso al sito web, sappiate che \u00e8 possibile cancellare i cookie o impedire che queste informazioni vengano registrate sul vostro computer in qualsiasi momento modificando i parametri di configurazione del vostro browser:<\/p><ul><li><a href=\"https:\/\/support.microsoft.com\/es-es\/help\/17442\/windows-internet-explorer-delete-manage-cookies\">Impostazioni dei cookie de Internet Explorer.<\/a><\/li><li><a href=\"https:\/\/support.mozilla.org\/es\/kb\/habilitar-y-deshabilitar-cookies-sitios-web-rastrear-preferencias\">Impostazioni dei cookie de Firefox.<\/a><\/li><li><a href=\"https:\/\/support.google.com\/chrome\/answer\/95647?co=GENIE.Platform%3DDesktop&amp;hl=es-419\">Impostazioni dei cookie de Google Chrome.<\/a><\/li><li><a href=\"https:\/\/support.apple.com\/es-es\/guide\/safari\/sfri11471\/mac\">Impostazioni dei cookies de Safari.<\/a><\/li><\/ul><p>Questi browser sono soggetti a modifiche o cambiamenti, pertanto non possiamo garantire che siano completamente adattati alla versione del vostro browser. \u00c8 inoltre possibile che l'utente utilizzi un altro browser non coperto da questi link, come Konqueror, Arora, Flock, ecc. Per evitare questi disguidi, potete accedervi direttamente dalle opzioni del vostro browser, che di solito si trovano nel menu Opzioni, nella sezione \"Privacy\". (Per ulteriori informazioni, consultare la guida del browser).<\/p><h3><strong><u>5 - DOVE POSSO OTTENERE MAGGIORI INFORMAZIONI?<\/u><\/strong><\/h3><p>Per ulteriori informazioni sui cookie \u00e8 possibile consultare i siti<\/p><p><a href=\"https:\/\/www.allaboutcookies.org\/\">\u00a0www.allaboutcookies.org<\/a> o <a href=\"https:\/\/www.youronlinechoices.com\/\">www.youronlinechoices.eu<\/a>.<\/p><\/div>\r\n\t<\/div>\r\n\r\n\r\n\t\t\r\n\r\n<\/div>\r\n<\/div>\n\n\t<\/div>\r\n<\/section>\r\n<\/p>\n","protected":false},"excerpt":{"rendered":"<p>Inizio &gt; Politica sui cookie&nbsp; 1 &#8211; COSA SONO I COOKIE?I cookie sono piccoli file di dati che vengono ricevuti sul terminale dal sito web visitato e vengono utilizzati per registrare alcune interazioni di navigazione su un sito web, memorizzando dati che possono essere aggiornati&#8230;<\/p>\n","protected":false},"author":1,"featured_media":0,"parent":0,"menu_order":0,"comment_status":"closed","ping_status":"closed","template":"","meta":{"footnotes":""},"class_list":["post-2903","page","type-page","status-publish","hentry"],"_links":{"self":[{"href":"https:\/\/clorian.com\/it\/wp-json\/wp\/v2\/pages\/2903","targetHints":{"allow":["GET"]}}],"collection":[{"href":"https:\/\/clorian.com\/it\/wp-json\/wp\/v2\/pages"}],"about":[{"href":"https:\/\/clorian.com\/it\/wp-json\/wp\/v2\/types\/page"}],"author":[{"embeddable":true,"href":"https:\/\/clorian.com\/it\/wp-json\/wp\/v2\/users\/1"}],"replies":[{"embeddable":true,"href":"https:\/\/clorian.com\/it\/wp-json\/wp\/v2\/comments?post=2903"}],"version-history":[{"count":3,"href":"https:\/\/clorian.com\/it\/wp-json\/wp\/v2\/pages\/2903\/revisions"}],"predecessor-version":[{"id":10462,"href":"https:\/\/clorian.com\/it\/wp-json\/wp\/v2\/pages\/2903\/revisions\/10462"}],"wp:attachment":[{"href":"https:\/\/clorian.com\/it\/wp-json\/wp\/v2\/media?parent=2903"}],"curies":[{"name":"wp","href":"https:\/\/api.w.org\/{rel}","templated":true}]}}