{"id":2906,"date":"2020-04-28T14:33:16","date_gmt":"2020-04-28T12:33:16","guid":{"rendered":"https:\/\/clorian.com\/politica-privacidad\/"},"modified":"2025-08-14T11:45:25","modified_gmt":"2025-08-14T09:45:25","slug":"politica-riservatezza","status":"publish","type":"page","link":"https:\/\/clorian.com\/it\/politica-riservatezza\/","title":{"rendered":"Politica sulla riservatezza"},"content":{"rendered":"<p>\r\n<section class=\"sh-section sh-section-c84bf8bd8ea24e3f9e10cf7b04537d82 fw-main-row header_title sh-section-visibility-everywhere\">\r\n\t\r\n\t\r\n\t<div class=\"sh-section-container container-fluid\">\r\n\t\t<div class=\"fw-row\">\n\t\r\n<div class=\"sh-column sh-column-dee342c786194847debb144e842e16c2 fw-col-xs-12 container_inner\" >\r\n\r\n\t\r\n\t<div class=\"sh-column-wrapper\">\r\n\t\t\r\n<div id=\"text-block-db4c4475275e3bb8d1f2d547de7b4fae\" class=\"sh-text-block\">\r\n\t<p><div id=\"breadcrumbs\" class=\"breadcrumb-trail breadcrumbs\"><span class=\"item-home\"><a class=\"bread-link bread-home\" href=\"https:\/\/clorian.com\/it\/\" title=\"Inizio\">Inizio<\/a><\/span><span class=\"separator\"> &gt; <\/span><span class=\"item-current\"><span class=\"bread-current\">Politica sulla riservatezza<\/span><\/span><\/div><\/p><\/div>\r\n\t<\/div>\r\n\r\n\r\n\t\t\r\n\r\n<\/div>\r\n<\/div>\n\n\t<\/div>\r\n<\/section>\r\n\r\n<section class=\"sh-section sh-section-95c11961bb3db6600e693a3fa017c564 fw-main-row legal_text sh-section-visibility-everywhere\">\r\n\t\r\n\t\r\n\t<div class=\"sh-section-container container\">\r\n\t\t<div class=\"fw-row\">\n\t\r\n<div class=\"sh-column sh-column-bce866ea43e3be4344a67f1c56b0d56a fw-col-xs-12\" >\r\n\r\n\t\r\n\t<div class=\"sh-column-wrapper\">\r\n\t\t\r\n<div id=\"text-block-531719c3763b1ed79fd6a820ef4d3d5b\" class=\"sh-text-block\">\r\n\t<h3>1. POLITICA DEI LINK ED ESCLUSIONE DI RESPONSABILIT\u00c0<\/h3><p>TIQUETEO SPAIN SL non \u00e8 responsabile del contenuto delle pagine web a cui l'utente pu\u00f2 accedere attraverso i link stabiliti nelle sue pagine web e dichiara che in nessun caso esaminer\u00e0 o eserciter\u00e0 alcun tipo di controllo sul contenuto di altre pagine della rete.<\/p><p>Allo stesso modo, non garantisce la disponibilit\u00e0 tecnica, l'accuratezza, la veridicit\u00e0, la validit\u00e0 o la legalit\u00e0 delle pagine esterne alla sua propriet\u00e0 a cui si pu\u00f2 accedere attraverso i link.<\/p><p>TIQUETEO SPAIN SL dichiara di aver adottato tutte le misure necessarie per evitare qualsiasi danno che possa derivare dalla navigazione nelle sue pagine web. Di conseguenza, TIQUETEO SPAIN SL non \u00e8 responsabile, in nessun caso, dei danni che l'utente pu\u00f2 subire a causa della navigazione in Internet.<\/p><p>TIQUETEO SPAIN SL non \u00e8 responsabile dei danni di qualsiasi tipo causati all'Utente a causa di guasti o disconnessioni nelle reti di telecomunicazione che comportino la sospensione, la cancellazione, l'installazione o l'interruzione del servizio web durante la fornitura dello stesso o prima.<\/p><p>L'accesso al sito web: www.clorian.com non implica alcun obbligo da parte della societ\u00e0 di controllare l'assenza di virus o di qualsiasi altro elemento informatico dannoso. Spetta all'utente, in ogni caso, la disponibilit\u00e0 di strumenti adeguati per l'individuazione e la disinfezione di programmi informatici dannosi.<\/p><p>TIQUETEO SPAIN SL non \u00e8 responsabile di eventuali danni causati all'attrezzatura informatica, ai documenti e\/o ai file degli Utenti o di terzi durante la prestazione del servizio sul Portale.<\/p><h3>2. PUBBLICIT\u00c0<\/h3><p>Il sito web: www.clorian.com pu\u00f2 ospitare pubblicit\u00e0 o contenuti sponsorizzati. Gli inserzionisti o gli sponsor sono gli unici responsabili della conformit\u00e0 del materiale presentato per l'inclusione nel sito web con le leggi applicabili in ciascun caso.<\/p><p>TIQUETEO SPAIN SL non sar\u00e0 responsabile di eventuali errori, imprecisioni o irregolarit\u00e0 che possano contenere i contenuti pubblicitari o gli sponsor.<\/p><h3>3. MODIFICHE<\/h3><p>TIQUETEO SPAIN SL si riserva il diritto di apportare le modifiche che riterr\u00e0 opportune, senza preavviso, al contenuto dei suoi siti web, sia per quanto riguarda il contenuto dei siti web che le condizioni d'uso o le condizioni generali di contratto. Tali modifiche possono essere apportate, attraverso i siti web, in qualsiasi modo legalmente ammissibile e saranno vincolanti per tutto il tempo in cui saranno pubblicate sul sito web e fino a quando non saranno modificate da modifiche successive.<\/p><h3>4. RISERVA DEI COOKIE<\/h3><p>TIQUETEO SPAIN SL si riserva il diritto di utilizzare i cookie nella navigazione dell'utente attraverso i suoi siti web per facilitare la personalizzazione e la comodit\u00e0 della navigazione. Seguendo la politica di protezione dei dati dell'azienda, TIQUETEO SPAIN SL informa che i cookie sono associati all'utente anonimo e al suo computer e non forniscono essi stessi il nome o il cognome dell'utente.<\/p><p>L'utente ha la possibilit\u00e0 di configurare il proprio browser in modo da essere informato della ricezione dei cookie, potendo, se lo desidera, impedirne l'installazione sul proprio disco rigido. Tuttavia, per accedere ai siti web di TIQUETEO SPAIN SL non \u00e8 necessario installare cookie.<\/p><p>L'utente si impegna a non riprodurre, copiare, distribuire, mettere a disposizione o in qualsiasi altro modo comunicare pubblicamente, trasformare o modificare i Contenuti, a meno che non sia autorizzato dal titolare dei relativi diritti o a meno che ci\u00f2 non sia legalmente consentito.<\/p><h3>5. PROTEZIONE DEI DATI PERSONALI<\/h3><p>In conformit\u00e0 con le disposizioni della Legge Organica e del Regolamento Generale UE-2016\/679 del Parlamento Europeo e del Consiglio d'Europa sulla Protezione dei Dati Personali, approvato il 27 aprile 2016, TIQUETEO SPAIN SL informa gli utenti dei suoi siti web che siamo obbligati a mantenere il segreto professionale sui dati personali raccolti dall'azienda attraverso i moduli situati sulle sue pagine, tale obbligo continuer\u00e0 anche dopo la fine del nostro rapporto commerciale o contrattuale, e in nessun caso potremo rendere pubblici i dati personali dei visitatori e dei clienti del web senza il loro consenso. I bambini di et\u00e0 inferiore ai 14 anni non possono dare il proprio consenso affinch\u00e9 un'azienda raccolga ed elabori i loro dati personali; solo i loro rappresentanti legali (genitori o tutori) possono farlo per loro conto. Le aziende che hanno bisogno di trattare i dati dei minori di 14 anni devono avere i mezzi per ottenere il consenso dei genitori o dei tutori, per esempio, tramite un'e-mail a uno di loro contenente un link a un modulo elettronico. Ai minori di 14 anni non possono essere richiesti dati familiari, con l'unica eccezione dei dati di identificazione e contatto dei genitori o dei tutori.<\/p><p>Questi dati saranno inseriti in un archivio automatizzato sotto la responsabilit\u00e0 dell'amministratore della pagina web, TIQUETEO SPAIN SL, al fine di facilitare, accelerare e adempiere agli impegni stabiliti tra le due parti. Allo stesso modo, TIQUETEO SPAIN SL informa della possibilit\u00e0 di esercitare i diritti di accesso, che consente all'utente web di sapere quali dati personali possiede l'amministratore di questa pagina e in questo caso risponder\u00e0 entro 30 giorni, a condizione che i dati siano conservati, rettifica, che consente di correggere gli errori, modificare i dati che sono inesatti o incompleti e garantire l'esattezza delle informazioni, opposizione che pu\u00f2 richiedere e ottenere di non effettuare il trattamento dei dati, la soppressione, che consente di cancellare i dati inadeguati o eccessivi, la limitazione, in base alla quale l'utente pu\u00f2 chiedere che il trattamento dei suoi dati sia limitato quando ha esercitato il diritto alla rettifica dei suoi dati personali, e la portabilit\u00e0, in modo che l'utente possa ottenere una copia dei dati personali forniti sul sito web per poterli trasmettere ad altri servizi. Questi diritti possono essere esercitati con qualsiasi mezzo che lasci una traccia del loro invio e ricevimento all'indirizzo: VENEZUELA 103, 3\u00ba 1\u00aa. Codice postale: 08019. Citt\u00e0: BARCELLONA. Provincia: Barcellona. E-mail: fcano@clorian.com, fornendo una fotocopia della carta d'identit\u00e0 o un documento alternativo che ne attesti l'identit\u00e0.<\/p><p>A meno che non ci comunichiate il contrario, capiremo che i vostri dati non sono stati modificati, che vi impegnate a comunicarci qualsiasi variazione e che abbiamo il vostro consenso ad utilizzarli per poter mantenere il rapporto tra le parti.<\/p><p>L'invio dei Suoi dati tramite i moduli presenti sul nostro sito web \u00e8 subordinato alla lettura\/accettazione dell'Informativa sulla Privacy, tramite una casella di spunta obbligatoria in fondo al modulo.<\/p><p>In conformit\u00e0 con le disposizioni della Legge 34\/2002, sui Servizi della Societ\u00e0 dell'Informazione e del Commercio Elettronico, all'articolo 21, chiediamo il vostro consenso per potervi inviare comunicazioni pubblicitarie che riteniamo possano essere di vostro interesse, tramite e-mail o qualsiasi altro mezzo di comunicazione elettronica equivalente; tale consenso sar\u00e0 accettato o negato con una casella di controllo obbligatoria in fondo al modulo.<\/p><h3>6. PROPRIET\u00c0 INTELLETTUALE<\/h3><p>I diritti di propriet\u00e0 intellettuale e industriale derivanti da tutti i testi, le immagini, cos\u00ec come i mezzi e le forme di presentazione e assemblaggio delle sue pagine appartengono, in proprio o come cessionario, a TIQUETEO SPAIN SL. Si tratta, pertanto, di opere protette da propriet\u00e0 intellettuale dall'ordinamento giuridico spagnolo e possono essere applicate sia le normative spagnole e comunitarie in materia, sia i trattati internazionali relativi alla materia e sottoscritti dalla Spagna.<\/p><p>Tutti i diritti sono riservati. In conformit\u00e0 con la Legge sulla Propriet\u00e0 Intellettuale, \u00e8 espressamente vietata la riproduzione, la distribuzione, la comunicazione pubblica e l'uso di tutto o parte del contenuto delle sue pagine web senza l'esplicito consenso di TIQUETEO SPAIN SL.<\/p><p>Allo stesso modo, TIQUETEO SPAIN SL si riserva il diritto di intraprendere qualsiasi azione civile o penale che ritenga opportuna per l'uso improprio delle sue pagine web e dei suoi contenuti o per la violazione delle presenti condizioni.<\/p><h3>7. SIGILLI DI FIDUCIA<\/h3><p>I marchi di fiducia sono etichette assegnate ai negozi online per dimostrare la loro qualit\u00e0 e sicurezza nelle vendite online.<\/p><p>Per ottenere il marchio, vengono sottoposti a un audit o a una valutazione per verificare che soddisfino i criteri di sicurezza negli acquisti e di conformit\u00e0 legale in termini di privacy e protezione dei dati dei consumatori.<\/p><p>I negozi con un marchio di fiducia aderiscono a un codice di condotta e di solito offrono ai consumatori procedure alternative di risoluzione delle controversie semplici, rapide e convenienti.<\/p><h3>8. CERTIFICATI DI CONFORMIT\u00c0 ALLA LSSI-CE E ALLA PROTEZIONE DEI DATI PERSONALI<\/h3><p>www.clorian.com \u00e8 conforme alla normativa vigente in materia di protezione dei dati personali e alla LSSI-CE, ed \u00e8 stata consigliata da GRUPO QUALIA, per la quale ha ottenuto i certificati in formato immagine digitale per poterli visualizzare sul proprio sito web.<\/p><h3>9. AZIONI LEGALI, LEGISLAZIONE APPLICABILE E GIURISDIZIONE<\/h3><p>Il rapporto tra l'utente e TIQUETEO SPAIN SL sar\u00e0 regolato dalla legislazione spagnola vigente e i tribunali della citt\u00e0 di BARCELLONA saranno competenti a decidere su qualsiasi controversia che possa sorgere tra l'utente e TIQUETEO SPAIN SL.<\/p><\/div>\r\n\t<\/div>\r\n\r\n\r\n\t\t\r\n\r\n<\/div>\r\n<\/div>\n\n\t<\/div>\r\n<\/section>\r\n<\/p>\n","protected":false},"excerpt":{"rendered":"<p>Inizio &gt; Politica sulla riservatezza 1. POLITICA DEI LINK ED ESCLUSIONE DI RESPONSABILIT\u00c0TIQUETEO SPAIN SL non \u00e8 responsabile del contenuto delle pagine web a cui l&#8217;utente pu\u00f2 accedere attraverso i link stabiliti nelle sue pagine web e dichiara che in nessun caso esaminer\u00e0 o eserciter\u00e0&#8230;<\/p>\n","protected":false},"author":1,"featured_media":0,"parent":0,"menu_order":0,"comment_status":"closed","ping_status":"open","template":"","meta":{"footnotes":""},"class_list":["post-2906","page","type-page","status-publish","hentry"],"_links":{"self":[{"href":"https:\/\/clorian.com\/it\/wp-json\/wp\/v2\/pages\/2906","targetHints":{"allow":["GET"]}}],"collection":[{"href":"https:\/\/clorian.com\/it\/wp-json\/wp\/v2\/pages"}],"about":[{"href":"https:\/\/clorian.com\/it\/wp-json\/wp\/v2\/types\/page"}],"author":[{"embeddable":true,"href":"https:\/\/clorian.com\/it\/wp-json\/wp\/v2\/users\/1"}],"replies":[{"embeddable":true,"href":"https:\/\/clorian.com\/it\/wp-json\/wp\/v2\/comments?post=2906"}],"version-history":[{"count":5,"href":"https:\/\/clorian.com\/it\/wp-json\/wp\/v2\/pages\/2906\/revisions"}],"predecessor-version":[{"id":10458,"href":"https:\/\/clorian.com\/it\/wp-json\/wp\/v2\/pages\/2906\/revisions\/10458"}],"wp:attachment":[{"href":"https:\/\/clorian.com\/it\/wp-json\/wp\/v2\/media?parent=2906"}],"curies":[{"name":"wp","href":"https:\/\/api.w.org\/{rel}","templated":true}]}}