{"id":10301,"date":"2025-08-11T16:49:13","date_gmt":"2025-08-11T14:49:13","guid":{"rendered":"https:\/\/clorian.com\/?page_id=10301"},"modified":"2025-08-14T11:54:35","modified_gmt":"2025-08-14T09:54:35","slug":"declaracao-de-acessibilidade","status":"publish","type":"page","link":"https:\/\/clorian.com\/pt-pt\/declaracao-de-acessibilidade\/","title":{"rendered":"Declara\u00e7\u00e3o de Acessibilidade"},"content":{"rendered":"<p>\r\n<section class=\"sh-section sh-section-c84bf8bd8ea24e3f9e10cf7b04537d82 fw-main-row header_title sh-section-visibility-everywhere\">\r\n\t\r\n\t\r\n\t<div class=\"sh-section-container container-fluid\">\r\n\t\t<div class=\"fw-row\">\n\t\r\n<div class=\"sh-column sh-column-dee342c786194847debb144e842e16c2 fw-col-xs-12 container_inner\" >\r\n\r\n\t\r\n\t<div class=\"sh-column-wrapper\">\r\n\t\t\r\n<div id=\"text-block-db4c4475275e3bb8d1f2d547de7b4fae\" class=\"sh-text-block\">\r\n\t<p><div id=\"breadcrumbs\" class=\"breadcrumb-trail breadcrumbs\"><span class=\"item-home\"><a class=\"bread-link bread-home\" href=\"https:\/\/clorian.com\/pt-pt\/\" title=\"Inicio\">Inicio<\/a><\/span><span class=\"separator\"> &gt; <\/span><span class=\"item-current\"><span class=\"bread-current\">Declara\u00e7\u00e3o de Acessibilidade<\/span><\/span><\/div><\/p><\/div>\r\n\t<\/div>\r\n\r\n\r\n\t\t\r\n\r\n<\/div>\r\n<\/div>\n\n\t<\/div>\r\n<\/section>\r\n\r\n<section class=\"sh-section sh-section-95c11961bb3db6600e693a3fa017c564 fw-main-row legal_text sh-section-visibility-everywhere\">\r\n\t\r\n\t\r\n\t<div class=\"sh-section-container container\">\r\n\t\t<div class=\"fw-row\">\n\t\r\n<div class=\"sh-column sh-column-bce866ea43e3be4344a67f1c56b0d56a fw-col-xs-12\" >\r\n\r\n\t\r\n\t<div class=\"sh-column-wrapper\">\r\n\t\t\r\n<div id=\"text-block-531719c3763b1ed79fd6a820ef4d3d5b\" class=\"sh-text-block\">\r\n\t<h1>Declara\u00e7\u00e3o de acessibilidade<\/h1><p>Esta declara\u00e7\u00e3o de acessibilidade aplica-se aos s\u00edtios web sob a plataforma Clorian.<\/p><p>Cada um destes s\u00edtios web pode ter a sua pr\u00f3pria declara\u00e7\u00e3o de acessibilidade.<\/p><h2>Situa\u00e7\u00e3o de conformidade<\/h2><p>Este s\u00edtio web est\u00e1 <strong>parcialmente conforme<\/strong> com as Diretrizes de Acessibilidade para o Conte\u00fado da Web (WCAG) 2.1 n\u00edvel AA, devido \u00e0 falta de conformidade dos aspetos indicados abaixo.<\/p><h2>Conte\u00fado n\u00e3o acess\u00edvel<\/h2><p>O conte\u00fado abaixo indicado n\u00e3o \u00e9 acess\u00edvel pelas seguintes raz\u00f5es:<\/p><ul><li><strong>Falta de conformidade com o Decreto-Lei n.\u00ba 1112\/2018:<\/strong> Algumas p\u00e1ginas podem conter:<ul><li>Controlo(s) interativo(s) sem etiquetas adequadas para tecnologias de apoio.<\/li><li>Documentos PDF ou conte\u00fados multim\u00e9dia sem alternativas acess\u00edveis, como por exemplo alguns dos v\u00eddeos incorporados.<\/li><li>Contrastes de cor insuficientes em elementos secund\u00e1rios.<\/li><\/ul><\/li><li><strong>Encargo desproporcionado:<\/strong> N\u00e3o aplic\u00e1vel.<\/li><li><strong>O conte\u00fado n\u00e3o se encontra no \u00e2mbito da legisla\u00e7\u00e3o aplic\u00e1vel:<\/strong> Alguns conte\u00fados de terceiros, n\u00e3o financiados nem desenvolvidos pela nossa organiza\u00e7\u00e3o, podem n\u00e3o cumprir integralmente os requisitos de acessibilidade.<\/li><\/ul><h2>Prepara\u00e7\u00e3o desta declara\u00e7\u00e3o de acessibilidade<\/h2><p>Esta declara\u00e7\u00e3o foi preparada em <strong>15 de abril de 2025<\/strong>.<\/p><p>O m\u00e9todo utilizado para preparar esta declara\u00e7\u00e3o foi uma <strong>autoavalia\u00e7\u00e3o interna<\/strong> apoiada por ferramentas autom\u00e1ticas e revis\u00e3o manual sobre uma amostra representativa dos diferentes s\u00edtios web.<\/p><h2>Observa\u00e7\u00f5es e dados de contacto<\/h2><p>Pode efetuar comunica\u00e7\u00f5es relativas a requisitos de acessibilidade (artigo 10.\u00ba, n.\u00ba 2, al\u00ednea a) do Decreto-Lei n.\u00ba 1112\/2018), tais como:<\/p><ul><li>Informar sobre qualquer eventual incumprimento por parte deste s\u00edtio web.<\/li><li>Transmitir outras dificuldades de acesso ao conte\u00fado.<\/li><li>Formular qualquer outra quest\u00e3o ou sugest\u00e3o de melhoria relativa \u00e0 acessibilidade do s\u00edtio web.<\/li><\/ul><p>Atrav\u00e9s do seguinte canal de contacto: <a href=\"mailto:accesibilidad@clorian.com\">accesibilidad@clorian.com<\/a><\/p><h2>Conte\u00fado opcional<\/h2><p>Estamos comprometidos com a melhoria cont\u00ednua da acessibilidade e trabalhamos ativamente para resolver as \u00e1reas identificadas como n\u00e3o conformes. O nosso objetivo \u00e9 alcan\u00e7ar um n\u00edvel completo de acessibilidade AA nas pr\u00f3ximas itera\u00e7\u00f5es do s\u00edtio.<\/p><p><strong>\u00daltima revis\u00e3o da declara\u00e7\u00e3o:<\/strong> 15 de abril de 2025.<\/p><\/div>\r\n\t<\/div>\r\n\r\n\r\n\t\t\r\n\r\n<\/div>\r\n<\/div>\n\n\t<\/div>\r\n<\/section>\r\n<\/p>\n","protected":false},"excerpt":{"rendered":"<p>Inicio &gt; Declara\u00e7\u00e3o de Acessibilidade Declara\u00e7\u00e3o de acessibilidadeEsta declara\u00e7\u00e3o de acessibilidade aplica-se aos s\u00edtios web sob a plataforma Clorian.Cada um destes s\u00edtios web pode ter a sua pr\u00f3pria declara\u00e7\u00e3o de acessibilidade.Situa\u00e7\u00e3o de conformidadeEste s\u00edtio web est\u00e1 parcialmente conforme com as Diretrizes de Acessibilidade para o&#8230;<\/p>\n","protected":false},"author":1,"featured_media":0,"parent":0,"menu_order":0,"comment_status":"closed","ping_status":"closed","template":"","meta":{"footnotes":""},"class_list":["post-10301","page","type-page","status-publish","hentry"],"_links":{"self":[{"href":"https:\/\/clorian.com\/pt-pt\/wp-json\/wp\/v2\/pages\/10301","targetHints":{"allow":["GET"]}}],"collection":[{"href":"https:\/\/clorian.com\/pt-pt\/wp-json\/wp\/v2\/pages"}],"about":[{"href":"https:\/\/clorian.com\/pt-pt\/wp-json\/wp\/v2\/types\/page"}],"author":[{"embeddable":true,"href":"https:\/\/clorian.com\/pt-pt\/wp-json\/wp\/v2\/users\/1"}],"replies":[{"embeddable":true,"href":"https:\/\/clorian.com\/pt-pt\/wp-json\/wp\/v2\/comments?post=10301"}],"version-history":[{"count":2,"href":"https:\/\/clorian.com\/pt-pt\/wp-json\/wp\/v2\/pages\/10301\/revisions"}],"predecessor-version":[{"id":10465,"href":"https:\/\/clorian.com\/pt-pt\/wp-json\/wp\/v2\/pages\/10301\/revisions\/10465"}],"wp:attachment":[{"href":"https:\/\/clorian.com\/pt-pt\/wp-json\/wp\/v2\/media?parent=10301"}],"curies":[{"name":"wp","href":"https:\/\/api.w.org\/{rel}","templated":true}]}}