{"id":5919,"date":"2020-06-14T08:44:05","date_gmt":"2020-06-14T08:44:05","guid":{"rendered":"https:\/\/clorian.com\/aviso-legal\/"},"modified":"2024-01-23T16:49:54","modified_gmt":"2024-01-23T14:49:54","slug":"aviso-legal","status":"publish","type":"page","link":"https:\/\/clorian.com\/pt-pt\/aviso-legal\/","title":{"rendered":"Aviso legal"},"content":{"rendered":"<p>\r\n<section class=\"sh-section sh-section-50778fbc16e7f97b9a581007b463e9d0 fw-main-row header_title sh-section-visibility-everywhere\">\r\n\t\r\n\t\r\n\t<div class=\"sh-section-container container-fluid\">\r\n\t\t<div class=\"fw-row\">\n\t\r\n<div class=\"sh-column sh-column-9c2ff0cf8a35da53dc357345d69b252d fw-col-xs-12 container_inner\" >\r\n\r\n\t\r\n\t<div class=\"sh-column-wrapper\">\r\n\t\t\r\n<div id=\"text-block-ef6d49c2795d46ced6114bcbb7fb7742\" class=\"sh-text-block\">\r\n\t<p><div id=\"breadcrumbs\" class=\"breadcrumb-trail breadcrumbs\"><span class=\"item-home\"><a class=\"bread-link bread-home\" href=\"https:\/\/clorian.com\/pt-pt\/\" title=\"Inicio\">Inicio<\/a><\/span><span class=\"separator\"> &gt; <\/span><span class=\"item-current\"><span class=\"bread-current\">Aviso legal<\/span><\/span><\/div><\/p><p>&nbsp;<\/p><\/div>\r\n\t<\/div>\r\n\r\n\r\n\t\t\r\n\r\n<\/div>\r\n<\/div>\n\n\t<\/div>\r\n<\/section>\r\n\r\n<section class=\"sh-section sh-section-d838b6e02fed82f96833ee893331d4d8 fw-main-row legal_text sh-section-visibility-everywhere\">\r\n\t\r\n\t\r\n\t<div class=\"sh-section-container container\">\r\n\t\t<div class=\"fw-row\">\n\t\r\n<div class=\"sh-column sh-column-2c995a5495601fccb8f167ea7846a52f fw-col-xs-12\" >\r\n\r\n\t\r\n\t<div class=\"sh-column-wrapper\">\r\n\t\t\r\n<div id=\"text-block-584f09623c540d0d672ffa4a0bd96ba1\" class=\"sh-text-block\">\r\n\t<h3>1 - INFORMA\u00c7\u00c3O CORPORATIVA<\/h3><p>Em cumprimento da Lei 34\/2002, de 11 de julho, de servi\u00e7os da sociedade da informa\u00e7\u00e3o e do com\u00e9rcio eletr\u00f3nico, TIQUETEO SPAIN SL informa que \u00e9 titular das p\u00e1ginas web: www.clorian.com, em conformidade com o estabelecido no artigo 10 da referida Lei, TIQUETEO SPAIN SL, comunica os seguintes dados: o titular desta p\u00e1gina web \u00e9 TIQUETEO SPAIN SL com NIF\/CIF: B66045345. Registo Comercial de BARCELONA, Volume: 43775. F\u00f3lio: 2, S 8,. Folha: B-437914, e sede social: Carrer de Vene\u00e7uela 103 - 3\u00aa 1, 08019 - Barcelona. Cidade: BARCELONA, Prov\u00edncia: Barcelona. O endere\u00e7o de e-mail para contatar a empresa \u00e9: info@clorian.com<\/p><h3>2 - UTILIZADOR E REGIME DE RESPONSABILIDADE<\/h3><p>A navega\u00e7\u00e3o por acesso ou utiliza\u00e7\u00e3o do site www.clorian.com e todos os subdom\u00ednios e direct\u00f3rios inclu\u00eddos no mesmo, bem como os servi\u00e7os ou conte\u00fados que podem ser obtidos atrav\u00e9s dele e de todos os portais de dom\u00ednio pr\u00f3prio sob titularidade de TIQUETEO SPAIN SL, outorga a condi\u00e7\u00e3o de Utilizador, mediante a qual aceita, ao navegar na p\u00e1gina de TIQUETEO SPAIN SL, todas as condi\u00e7\u00f5es de utiliza\u00e7\u00e3o aqui estabelecidas sem preju\u00edzo da aplica\u00e7\u00e3o das correspondentes normas de cumprimento legal obrigat\u00f3rio conforme o caso.<\/p><p>Portanto, se n\u00e3o estiver de acordo com as considera\u00e7\u00f5es detalhadas neste aviso legal, por favor n\u00e3o utilize o portal, j\u00e1 que qualquer utiliza\u00e7\u00e3o que fa\u00e7a do mesmo ou dos servi\u00e7os e conte\u00fados nele inclu\u00eddos implicar\u00e1 a aceita\u00e7\u00e3o dos termos legais expostos neste texto.<\/p><p>O s\u00edtio da TIQUETEO SPAIN SL proporciona uma ampla gama de informa\u00e7\u00f5es, servi\u00e7os e dados. O utilizador assume a responsabilidade pela utiliza\u00e7\u00e3o correcta da p\u00e1gina Web. Esta responsabilidade estende-se \u00e0 veracidade e legalidade das informa\u00e7\u00f5es fornecidas pelo utilizador nos formul\u00e1rios emitidos pela TIQUETEO SPAIN SL para aceder a determinados conte\u00fados ou servi\u00e7os oferecidos pelo site.<\/p><p>A utiliza\u00e7\u00e3o das informa\u00e7\u00f5es, servi\u00e7os e dados oferecidos pela TIQUETEO SPAIN SL n\u00e3o poder\u00e1 contrariar o disposto nas presentes condi\u00e7\u00f5es, na Lei, na moral, nos bons costumes ou na ordem p\u00fablica ou que, em qualquer outro caso, possa implicar preju\u00edzos para os direitos de terceiros ou para o funcionamento das p\u00e1ginas web. Para o efeito, o Utilizador abster-se-\u00e1 de utilizar qualquer dos conte\u00fados para fins ou efeitos il\u00edcitos, proibidos no presente texto, lesivos dos direitos e interesses de terceiros, ou que de qualquer forma possam danificar, inutilizar, sobrecarregar, deteriorar ou impedir a normal utiliza\u00e7\u00e3o dos conte\u00fados, de outros Utilizadores ou de qualquer utilizador da Internet (hardware e software).<\/p><p>O Utilizador responder\u00e1 pelos danos e preju\u00edzos de qualquer natureza que a empresa propriet\u00e1ria do s\u00edtio possa sofrer, direta ou indiretamente, como consequ\u00eancia do incumprimento de qualquer uma das obriga\u00e7\u00f5es derivadas da utiliza\u00e7\u00e3o do s\u00edtio e da presente pol\u00edtica de privacidade.<\/p><p>Em particular, e a t\u00edtulo meramente exemplificativo e n\u00e3o limitativo, o Utilizador compromete-se a n\u00e3o transmitir, difundir ou colocar \u00e0 disposi\u00e7\u00e3o de terceiros informa\u00e7\u00f5es, dados, conte\u00fados, mensagens, gr\u00e1ficos, desenhos, ficheiros de som e\/ou imagem, fotografias do s\u00edtio.<\/p><\/div>\r\n\t<\/div>\r\n\r\n\r\n\t\t\r\n\r\n<\/div>\r\n<\/div>\n\n\t<\/div>\r\n<\/section>\r\n<\/p>\n","protected":false},"excerpt":{"rendered":"<p>Inicio &gt; Aviso legal&nbsp; 1 &#8211; INFORMA\u00c7\u00c3O CORPORATIVAEm cumprimento da Lei 34\/2002, de 11 de julho, de servi\u00e7os da sociedade da informa\u00e7\u00e3o e do com\u00e9rcio eletr\u00f3nico, TIQUETEO SPAIN SL informa que \u00e9 titular das p\u00e1ginas web: www.clorian.com, em conformidade com o estabelecido no artigo 10&#8230;<\/p>\n","protected":false},"author":1,"featured_media":0,"parent":0,"menu_order":0,"comment_status":"closed","ping_status":"closed","template":"","meta":{"footnotes":""},"class_list":["post-5919","page","type-page","status-publish","hentry"],"_links":{"self":[{"href":"https:\/\/clorian.com\/pt-pt\/wp-json\/wp\/v2\/pages\/5919","targetHints":{"allow":["GET"]}}],"collection":[{"href":"https:\/\/clorian.com\/pt-pt\/wp-json\/wp\/v2\/pages"}],"about":[{"href":"https:\/\/clorian.com\/pt-pt\/wp-json\/wp\/v2\/types\/page"}],"author":[{"embeddable":true,"href":"https:\/\/clorian.com\/pt-pt\/wp-json\/wp\/v2\/users\/1"}],"replies":[{"embeddable":true,"href":"https:\/\/clorian.com\/pt-pt\/wp-json\/wp\/v2\/comments?post=5919"}],"version-history":[{"count":6,"href":"https:\/\/clorian.com\/pt-pt\/wp-json\/wp\/v2\/pages\/5919\/revisions"}],"predecessor-version":[{"id":6661,"href":"https:\/\/clorian.com\/pt-pt\/wp-json\/wp\/v2\/pages\/5919\/revisions\/6661"}],"wp:attachment":[{"href":"https:\/\/clorian.com\/pt-pt\/wp-json\/wp\/v2\/media?parent=5919"}],"curies":[{"name":"wp","href":"https:\/\/api.w.org\/{rel}","templated":true}]}}