{"id":5928,"date":"2021-03-26T16:30:07","date_gmt":"2021-03-26T14:30:07","guid":{"rendered":"https:\/\/clorian.com\/contacto\/"},"modified":"2024-01-31T12:54:39","modified_gmt":"2024-01-31T10:54:39","slug":"contacto","status":"publish","type":"page","link":"https:\/\/clorian.com\/pt-pt\/contacto\/","title":{"rendered":"Contacto"},"content":{"rendered":"<p>\r\n<section class=\"sh-section sh-section-c72ca6bf98c25d4011f42cd3b1ae8ab9 fw-main-row header_title sh-section-visibility-everywhere\">\r\n\t\r\n\t\r\n\t<div class=\"sh-section-container container-fluid\">\r\n\t\t<div class=\"fw-row\">\n\t\r\n<div class=\"sh-column sh-column-855b6862f6618d7ffe2191c97478c7f9 fw-col-xs-12 container_inner\" >\r\n\r\n\t\r\n\t<div class=\"sh-column-wrapper\">\r\n\t\t\r\n<div id=\"text-block-d009682d969d01ee47477dd370628880\" class=\"sh-text-block\">\r\n\t<p>Onde estamos?<\/p><\/div>\r\n\t<\/div>\r\n\r\n\r\n\t\t\r\n\r\n<\/div>\r\n<\/div>\n\n\t<\/div>\r\n<\/section>\r\n\r\n<section class=\"sh-section sh-section-b894b5dd3c30eddef46ce71ce3864990 fw-main-row sh-section-visibility-everywhere\">\r\n\t\r\n\t\r\n\t<div class=\"sh-section-container container\">\r\n\t\t<div class=\"fw-row\">\n\t\r\n<div class=\"sh-column sh-column-f35ef05c21ca68791238e6b067d62f6e fw-col-xs-12\" >\r\n\r\n\t\r\n\t<div class=\"sh-column-wrapper\">\r\n\t\t\r\n<div id=\"text-block-bad288926f93e6a3a361b08459c3bb12\" class=\"sh-text-block\">\r\n\t<p><div id=\"breadcrumbs\" class=\"breadcrumb-trail breadcrumbs\"><span class=\"item-home\"><a class=\"bread-link bread-home\" href=\"https:\/\/clorian.com\/pt-pt\/\" title=\"Inicio\">Inicio<\/a><\/span><span class=\"separator\"> &gt; <\/span><span class=\"item-current\"><span class=\"bread-current\">Contacto<\/span><\/span><\/div><\/p><\/div>\r\n\t<\/div>\r\n\r\n\r\n\t\t\r\n\r\n<\/div>\r\n<\/div>\n\n\t<\/div>\r\n<\/section>\r\n\r\n<section class=\"sh-section sh-section-720ac18fa1ed3a2519f8ff902c0efdd9 fw-main-row sh-section-visibility-everywhere\">\r\n\t\r\n\t\r\n\t<div class=\"sh-section-container container section-justify-height\">\r\n\t\t<div class=\"fw-row\">\n\t\r\n<div class=\"sh-column sh-column-04b8e823e6cc66bc624fe430c38e0def fw-col-xs-12 fw-col-sm-6\" >\r\n\r\n\t\r\n\t<div class=\"sh-column-wrapper\">\r\n\t\t\r\n<div id=\"text-block-c07140105fea09a5b6aac6c80ac6fcae\" class=\"sh-text-block bullet-item bullet-item-h3\">\r\n\t<h3>Espanha - Sede em Barcelona e delega\u00e7\u00e3o em Madrid<\/h3><p>Carrer de Vene\u00e7uela 103 - 3\u00aa 1, 08019 - Barcelona<\/p><p><span style=\"color: #4a4b8c;\"><strong>Contacte a nossa equipa em Espanha:<\/strong><\/span><\/p><p><a href=\"mailto:info@clorian.com\" target=\"_blank\" rel=\"noopener\">info@clorian.com<\/a><\/p><p>Tel. +34 932 506 723<\/p><p><span style=\"color: #4a4b8c;\"><strong>Se \u00e9 uma ag\u00eancia, contacte aqui:<\/strong><\/span><\/p><p><a href=\"mailto:sellers@clorian.com\" target=\"_blank\" rel=\"noopener\">sellers@clorian.com<\/a><\/p><p><span style=\"color: #4a4b8c;\"><strong>Se pretender solicitar uma demonstra\u00e7\u00e3o, contacte-nos aqui:<\/strong><\/span><\/p><p><a href=\"https:\/\/clorian.com\/pt-pt\/politica-cookies\/\" target=\"_blank\" rel=\"noopener\">comercial@clorian.com<\/a><\/p><\/div>\r\n\t<\/div>\r\n\r\n\r\n\t\t\r\n\r\n<\/div>\r\n\r\n<div class=\"sh-column sh-column-e054c5db0855a578dbc423cd4fe8280f fw-col-xs-12 fw-col-sm-6\" >\r\n\r\n\t\r\n\t<div class=\"sh-column-wrapper\">\r\n\t\t<div class=\"sh-output-html\">\r\n\t<iframe src=\"https:\/\/www.google.com\/maps\/embed?pb=!1m18!1m12!1m3!1d4231.672250320181!2d2.2070616072458877!3d41.41221860168931!2m3!1f0!2f0!3f0!3m2!1i1024!2i768!4f13.1!3m3!1m2!1s0x12a4a34f21f8b347%3A0xb44ebcf29a2aa89a!2sCarrer%20de%20Vene%C3%A7uela%2C%20103%2C%201%2C%20Sant%20Mart%C3%AD%2C%2008019%20Barcelona!5e0!3m2!1ses!2ses!4v1704882834268!5m2!1ses!2ses\" width=\"100%\" height=\"450\" style=\"border:0;\" allowfullscreen=\"\" loading=\"lazy\" referrerpolicy=\"no-referrer-when-downgrade\"><\/iframe><\/div>\r\n\t<\/div>\r\n\r\n\r\n\t\t\r\n\r\n<\/div>\r\n<\/div>\n\n\t<\/div>\r\n<\/section>\r\n\r\n<section class=\"sh-section sh-section-a97d7fca1ccb45a2579329b0beb7c861 fw-main-row sh-section-visibility-everywhere\">\r\n\t\r\n\t\r\n\t<div class=\"sh-section-container container section-justify-height\">\r\n\t\t<div class=\"fw-row\">\n\t\r\n<div class=\"sh-column sh-column-879cd1d104d8c5e73772e1d07cb6e08e fw-col-xs-12\" >\r\n\r\n\t\r\n\t<div class=\"sh-column-wrapper\">\r\n\t\t\r\n<div class=\"sh-heading  \" id=\"heading-4945e9a40a138eae4db964facc4bbfb9\">\r\n\t<div class=\"sh-element-margin\">\r\n\r\n\t\t\r\n\t\t\t<h3 class=\"sh-heading-content size-default text-left\">\r\n\t\t\t\tDelega\u00e7\u00f5es internacionais\t\t\t<\/h3>\r\n\r\n\t\t\r\n\t<\/div>\r\n<\/div>\r\n\t<\/div>\r\n\r\n\r\n\t\t\r\n\r\n<\/div>\r\n<\/div>\n\n<div class=\"fw-row\">\n\t\r\n<div class=\"sh-column sh-column-deb68335062db338a62d666d5f38dd2c fw-col-xs-12 fw-col-sm-6\" >\r\n\r\n\t\r\n\t<div class=\"sh-column-wrapper\">\r\n\t\t\r\n<div id=\"text-block-cc676e5dbeb68e391160965ad2c0e5e3\" class=\"sh-text-block bullet-item text-block-dv\">\r\n\t<p><span style=\"color: #4a4b8c;\"><strong>Fran\u00e7a - Paris<\/strong><\/span><\/p><p>131 Boulevard Pereire 75017 - Paris<\/p><p><span style=\"color: #4a4b8c;\"><strong>Contacte a nossa equipa em Fran\u00e7a:<\/strong><\/span><\/p><p><a href=\"mailto:france@clorian.com\" target=\"_blank\" rel=\"noopener\">france@clorian.com<\/a><\/p><p><span style=\"color: #4a4b8c;\"><strong>Se \u00e9 uma ag\u00eancia, contacte aqui:<\/strong><\/span><\/p><p><a href=\"mailto:sellers@clorian.com\" target=\"_blank\" rel=\"noopener\">sellers@clorian.com<\/a><\/p><\/div>\r\n\t<\/div>\r\n\r\n\r\n\t\t\r\n\r\n<\/div>\r\n\r\n<div class=\"sh-column sh-column-312df0a06aebaa5a1ca9dd47308c8a53 fw-col-xs-12 fw-col-sm-6\" >\r\n\r\n\t\r\n\t<div class=\"sh-column-wrapper\">\r\n\t\t\r\n<div id=\"text-block-2f5995180e0818eed1058e1b9943fc32\" class=\"sh-text-block bullet-item text-block-dv\">\r\n\t<p><span style=\"color: #4a4b8c;\"><strong>Italia - N\u00e1poles<\/strong><\/span><\/p><p>Piazza Nicola Amore, 6 Scala F secondo piano 80138 - Napoli<\/p><p><span style=\"color: #4a4b8c;\"><strong>Contacte a nossa equipa em Italia:<\/strong><\/span><\/p><p><a href=\"mailto:france@clorian.com\" target=\"_blank\" rel=\"noopener\">italia@clorian.com<\/a><\/p><p><span style=\"color: #4a4b8c;\"><strong>Se \u00e9 uma ag\u00eancia, contacte aqui:<\/strong><\/span><\/p><p><a href=\"https:\/\/clorian.com\/pt-pt\/aviso-legal\/\" target=\"_blank\" rel=\"noopener\">sellers@clorian.com<\/a><\/p><\/div>\r\n\t<\/div>\r\n\r\n\r\n\t\t\r\n\r\n<\/div>\r\n<\/div>\n\n<div class=\"fw-row\">\n\t\r\n<div class=\"sh-column sh-column-a2035c801a794e55d471a4e651105022 fw-col-xs-12 fw-col-sm-6\" >\r\n\r\n\t\r\n\t<div class=\"sh-column-wrapper\">\r\n\t\t\r\n<div id=\"text-block-bb7f50a57383ef7272071db80cca152e\" class=\"sh-text-block bullet-item text-block-dv\">\r\n\t<p><span style=\"color: #4a4b8c;\"><strong>Portugal - Lisboa<\/strong><\/span><\/p><p><span style=\"color: #4a4b8c;\"><strong>Contacte a nossa equipa em Portugal:<\/strong><\/span><\/p><p><a href=\"mailto:portugal@clorian.com\" target=\"_blank\" rel=\"noopener\">portugal@clorian.com<\/a><\/p><p><span style=\"color: #4a4b8c;\"><strong>Se \u00e9 uma ag\u00eancia, contacte aqui:<\/strong><\/span><\/p><p><a href=\"mailto:sellers@clorian.com\" target=\"_blank\" rel=\"noopener\">sellers@clorian.com<\/a><\/p><\/div>\r\n\t<\/div>\r\n\r\n\r\n\t\t\r\n\r\n<\/div>\r\n\r\n<div class=\"sh-column sh-column-f77ab8d2520b9f9654859bd993abf4e3 fw-col-xs-12 fw-col-sm-6\" >\r\n\r\n\t\r\n\t<div class=\"sh-column-wrapper\">\r\n\t\t\r\n<div id=\"text-block-db6fa1993326f6edf103bf0e6a1a1f74\" class=\"sh-text-block bullet-item\">\r\n\t<p><span style=\"color: #4a4b8c;\"><strong>M\u00e9xico<\/strong><\/span><\/p><p><span style=\"color: #4a4b8c;\"><strong>Contacte a nossa equipa em M\u00e9xico:<\/strong><\/span><\/p><p><a href=\"mailto:comercial@clorian.mx\" target=\"_blank\" rel=\"noopener\">comercial@clorian.mx<\/a><\/p><p><span style=\"color: #4a4b8c;\"><strong>Se \u00e9 uma ag\u00eancia, contacte aqui:<\/strong><\/span><\/p><p><a href=\"https:\/\/clorian.com\/pt-pt\/servicios\/\" target=\"_blank\" rel=\"noopener\">sellers@clorian.com<\/a><\/p><\/div>\r\n\t<\/div>\r\n\r\n\r\n\t\t\r\n\r\n<\/div>\r\n<\/div>\n\n\t<\/div>\r\n<\/section>\r\n\r\n<section class=\"sh-section sh-section-eedfd62ee5f39d22ab5c2838c2e9ad3c fw-main-row header_title sh-section-visibility-everywhere\" id=\"form-contact-text\">\r\n\t\r\n\t\r\n\t<div class=\"sh-section-container container-fluid\">\r\n\t\t<div class=\"fw-row\">\n\t\r\n<div class=\"sh-column sh-column-4bd317e671e4a3445ca11dc03f19e4a4 fw-col-xs-12 container_inner\" >\r\n\r\n\t\r\n\t<div class=\"sh-column-wrapper\">\r\n\t\t\r\n<div id=\"text-block-bbeec25efb791112a9ad6f70b75073f9\" class=\"sh-text-block\">\r\n\t<p>Deixe-nos um mensagem que n\u00f3s entramos em contacto!<\/p><\/div>\r\n\t<\/div>\r\n\r\n\r\n\t\t\r\n\r\n<\/div>\r\n<\/div>\n\n\t<\/div>\r\n<\/section>\r\n\r\n<section class=\"sh-section sh-section-94b41949c242157bbf7bf8c7394b5cd1 fw-main-row sh-section-visibility-everywhere\">\r\n\t\r\n\t\r\n\t<div class=\"sh-section-container container\">\r\n\t\t<div class=\"fw-row\">\n\t\r\n<div class=\"sh-column sh-column-b6654213341349edd7b93324cc47cdc3 fw-col-xs-12\" >\r\n\r\n\t\r\n\t<div class=\"sh-column-wrapper\">\r\n\t\t\r\n<div id=\"text-block-b98f4aab0a0c2f062da6c001cf6f16a7\" class=\"sh-text-block\">\r\n\t<p>\n<div class=\"wpcf7 no-js\" id=\"wpcf7-f6527-o1\" lang=\"es-ES\" dir=\"ltr\" data-wpcf7-id=\"6527\">\n<div class=\"screen-reader-response\"><p role=\"status\" aria-live=\"polite\" aria-atomic=\"true\"><\/p> <ul><\/ul><\/div>\n<form action=\"\/pt-pt\/wp-json\/wp\/v2\/pages\/5928#wpcf7-f6527-o1\" method=\"post\" class=\"wpcf7-form init\" aria-label=\"Contact form\" novalidate=\"novalidate\" data-status=\"init\">\n<fieldset class=\"hidden-fields-container\"><input type=\"hidden\" name=\"_wpcf7\" value=\"6527\" \/><input type=\"hidden\" name=\"_wpcf7_version\" value=\"6.1.1\" \/><input type=\"hidden\" name=\"_wpcf7_locale\" value=\"es_ES\" \/><input type=\"hidden\" name=\"_wpcf7_unit_tag\" value=\"wpcf7-f6527-o1\" \/><input type=\"hidden\" name=\"_wpcf7_container_post\" value=\"0\" \/><input type=\"hidden\" name=\"_wpcf7_posted_data_hash\" value=\"\" \/><input type=\"hidden\" name=\"_wpcf7_recaptcha_response\" value=\"\" \/>\n<\/fieldset>\n<div class=\"sh-cf7-body\"><p><label class=\"fw-col-xs-12 fw-col-sm-6 form-builder-item\">Nome e apelido *<br \/>\n<span class=\"wpcf7-form-control-wrap\" data-name=\"your-name\"><input size=\"40\" maxlength=\"400\" class=\"wpcf7-form-control wpcf7-text wpcf7-validates-as-required\" aria-required=\"true\" aria-invalid=\"false\" value=\"\" type=\"text\" name=\"your-name\" \/><\/span> <\/label>\n<\/p>\n<p><label class=\"fw-col-xs-12 fw-col-sm-6 form-builder-item\">Email *<br \/>\n<span class=\"wpcf7-form-control-wrap\" data-name=\"your-email\"><input size=\"40\" maxlength=\"400\" class=\"wpcf7-form-control wpcf7-email wpcf7-validates-as-required wpcf7-text wpcf7-validates-as-email\" aria-required=\"true\" aria-invalid=\"false\" value=\"\" type=\"email\" name=\"your-email\" \/><\/span> <\/label>\n<\/p>\n<p><label class=\"fw-col-xs-12 fw-col-sm-4 form-builder-item\">Telefone *<br \/>\n<span class=\"wpcf7-form-control-wrap\" data-name=\"your-telephone\"><input size=\"40\" maxlength=\"400\" class=\"wpcf7-form-control wpcf7-tel wpcf7-validates-as-required wpcf7-text wpcf7-validates-as-tel\" aria-required=\"true\" aria-invalid=\"false\" value=\"\" type=\"tel\" name=\"your-telephone\" \/><\/span> <\/label>\n<\/p>\n<p><label class=\"fw-col-xs-12 fw-col-sm-4 form-builder-item\">Empresa<br \/>\n<span class=\"wpcf7-form-control-wrap\" data-name=\"your-company\"><input size=\"40\" maxlength=\"400\" class=\"wpcf7-form-control wpcf7-text\" aria-invalid=\"false\" value=\"\" type=\"text\" name=\"your-company\" \/><\/span> <\/label><br \/>\n<label class=\"fw-col-xs-12 fw-col-sm-4 form-builder-item\">Cargo<br \/>\n<span class=\"wpcf7-form-control-wrap\" data-name=\"your-post\"><input size=\"40\" maxlength=\"400\" class=\"wpcf7-form-control wpcf7-text\" aria-invalid=\"false\" value=\"\" type=\"text\" name=\"your-post\" \/><\/span><\/label>\n<\/p>\n<p><label class=\"fw-col-xs-12 form-builder-item\">Diga-nos o que pretende *<br \/>\n<span class=\"wpcf7-form-control-wrap\" data-name=\"your-message\"><textarea cols=\"40\" rows=\"10\" maxlength=\"2000\" class=\"wpcf7-form-control wpcf7-textarea wpcf7-validates-as-required\" aria-required=\"true\" aria-invalid=\"false\" name=\"your-message\"><\/textarea><\/span> <\/label>\n<\/p>\n<p><label><span class=\"wpcf7-form-control-wrap\" data-name=\"acceptance-103\"><span class=\"wpcf7-form-control wpcf7-acceptance\"><span class=\"wpcf7-list-item\"><label><input type=\"checkbox\" name=\"acceptance-103\" value=\"1\" aria-invalid=\"false\" \/><span class=\"wpcf7-list-item-label\">Aceito o <a href=\"https:\/\/clorian.com\/en\/privacy-policy\/\" target=\"_blank\">pol\u00edtica de privacidade<\/a><\/span><\/label><\/span><\/span><\/span><\/label>\n<\/p>\n<p><input class=\"wpcf7-form-control wpcf7-submit has-spinner\" type=\"submit\" value=\"Enviar\" \/>\n<\/p><\/div><div class=\"wpcf7-response-output\" aria-hidden=\"true\"><\/div>\n<\/form>\n<\/div>\n<\/p><\/div>\r\n\t<\/div>\r\n\r\n\r\n\t\t\r\n\r\n<\/div>\r\n<\/div>\n\n\t<\/div>\r\n<\/section>\r\n<\/p>\n","protected":false},"excerpt":{"rendered":"<p>Onde estamos? Inicio &gt; Contacto Espanha &#8211; Sede em Barcelona e delega\u00e7\u00e3o em MadridCarrer de Vene\u00e7uela 103 &#8211; 3\u00aa 1, 08019 &#8211; BarcelonaContacte a nossa equipa em Espanha:info@clorian.comTel. +34 932 506 723Se \u00e9 uma ag\u00eancia, contacte aqui:sellers@clorian.comSe pretender solicitar uma demonstra\u00e7\u00e3o, contacte-nos aqui:comercial@clorian.com Delega\u00e7\u00f5es internacionais&#8230;<\/p>\n","protected":false},"author":1,"featured_media":0,"parent":0,"menu_order":0,"comment_status":"closed","ping_status":"closed","template":"","meta":{"footnotes":""},"class_list":["post-5928","page","type-page","status-publish","hentry"],"_links":{"self":[{"href":"https:\/\/clorian.com\/pt-pt\/wp-json\/wp\/v2\/pages\/5928","targetHints":{"allow":["GET"]}}],"collection":[{"href":"https:\/\/clorian.com\/pt-pt\/wp-json\/wp\/v2\/pages"}],"about":[{"href":"https:\/\/clorian.com\/pt-pt\/wp-json\/wp\/v2\/types\/page"}],"author":[{"embeddable":true,"href":"https:\/\/clorian.com\/pt-pt\/wp-json\/wp\/v2\/users\/1"}],"replies":[{"embeddable":true,"href":"https:\/\/clorian.com\/pt-pt\/wp-json\/wp\/v2\/comments?post=5928"}],"version-history":[{"count":24,"href":"https:\/\/clorian.com\/pt-pt\/wp-json\/wp\/v2\/pages\/5928\/revisions"}],"predecessor-version":[{"id":6811,"href":"https:\/\/clorian.com\/pt-pt\/wp-json\/wp\/v2\/pages\/5928\/revisions\/6811"}],"wp:attachment":[{"href":"https:\/\/clorian.com\/pt-pt\/wp-json\/wp\/v2\/media?parent=5928"}],"curies":[{"name":"wp","href":"https:\/\/api.w.org\/{rel}","templated":true}]}}