{"id":5937,"date":"2020-07-20T16:55:54","date_gmt":"2020-07-20T14:55:54","guid":{"rendered":"https:\/\/clorian.com\/servicios\/"},"modified":"2024-01-16T11:23:16","modified_gmt":"2024-01-16T09:23:16","slug":"servicios","status":"publish","type":"page","link":"https:\/\/clorian.com\/pt-pt\/servicios\/","title":{"rendered":"Servi\u00e7os"},"content":{"rendered":"<p>\r\n<section class=\"sh-section sh-section-e25ecb9cf35d69ee6121e1c041b80e24 fw-main-row header_title sh-section-visibility-everywhere\">\r\n\t\r\n\t\r\n\t<div class=\"sh-section-container container-fluid\">\r\n\t\t<div class=\"fw-row\">\n\t\r\n<div class=\"sh-column sh-column-6bc0d30296a57ec16435e66497cefb27 fw-col-xs-12 container_inner\" >\r\n\r\n\t\r\n\t<div class=\"sh-column-wrapper\">\r\n\t\t\r\n<div id=\"text-block-2f86a48c69b9308549b6cab703d91a92\" class=\"sh-text-block\">\r\n\t<p>A Clorian \u00e9 uma empresa de servi\u00e7os de ticketing lider em venda de bilhetes. Disponibilizamos um servi\u00e7o integral, eficiente e dotado das ultimas novidades tecnol\u00f3gicas.<\/p><\/div>\r\n\t<\/div>\r\n\r\n\r\n\t\t\r\n\r\n<\/div>\r\n<\/div>\n\n\t<\/div>\r\n<\/section>\r\n\r\n<section class=\"sh-section sh-section-56567af6f466fc590944cc59b51a61ef fw-main-row header_title sh-section-visibility-everywhere\">\r\n\t\r\n\t\r\n\t<div class=\"sh-section-container container-fluid\">\r\n\t\t<div class=\"fw-row\">\n\t\r\n<div class=\"sh-column sh-column-e126675be6610f937a5c2e9214d378fb fw-col-xs-12 container_inner\" >\r\n\r\n\t\r\n\t<div class=\"sh-column-wrapper\">\r\n\t\t\r\n<div id=\"text-block-5a8000f514b4da3261d211c4bffe3d4b\" class=\"sh-text-block\">\r\n\t<p><div id=\"breadcrumbs\" class=\"breadcrumb-trail breadcrumbs\"><span class=\"item-home\"><a class=\"bread-link bread-home\" href=\"https:\/\/clorian.com\/pt-pt\/\" title=\"Inicio\">Inicio<\/a><\/span><span class=\"separator\"> &gt; <\/span><span class=\"item-current\"><span class=\"bread-current\">Servi\u00e7os<\/span><\/span><\/div><\/p><p>&nbsp;<\/p><\/div>\r\n\t<\/div>\r\n\r\n\r\n\t\t\r\n\r\n<\/div>\r\n<\/div>\n\n\t<\/div>\r\n<\/section>\r\n\r\n<section class=\"sh-section sh-section-82b53068c124d8cbd670e5ffcda9d14b fw-main-row servicios sh-section-visibility-everywhere\">\r\n\t\r\n\t\r\n\t<div class=\"sh-section-container container\">\r\n\t\t<div class=\"fw-row\">\n\t\r\n<div class=\"sh-column sh-column-91ffecb094497462c0c0718861866278 fw-col-xs-12 fw-col-sm-4\" >\r\n\r\n\t\r\n\t<div class=\"sh-column-wrapper\">\r\n\t\t\n<div id=\"single-image-b159c170285f8ffc5b4052acbfcf60a6\" class=\"sh-single-image  \" data-tag=\"\"0\"\" data-extratag=\"\">\n\t<div class=\"sh-element-margin\">\n\t\t\n\t\t\n\t\t\t<div class=\"sh-single-image-container\">\n\t\t\t\t\t\t\t\t\t\n\t\t\t\t\t\t\t\t\t\t\t\t\t<img decoding=\"async\" class=\"sh-image-url\" src=\"https:\/\/clorian.com\/wp-content\/uploads\/2021\/02\/auto-servicio.png\" alt=\"auto-servicio\" \/>\n\t\t\t\t\t\t\t\t\t\t\t\t\t\n\t\t\t\t\t\t\t\t\t\n\t\t\t\t\t\t\t<\/div>\n\n\t\t\n\t<\/div>\n<\/div>\t<\/div>\r\n\r\n\r\n\t\t\r\n\r\n<\/div>\r\n\r\n<div class=\"sh-column sh-column-6ba63bb75d457bb1a242a665c58b0c9c fw-col-xs-12 fw-col-sm-8\" >\r\n\r\n\t\r\n\t<div class=\"sh-column-wrapper\">\r\n\t\t\r\n<div id=\"text-block-08f4ac88d8c24cef77373fac9861c5f2\" class=\"sh-text-block\">\r\n\t<h2>Servi\u00e7o de Ticketing<\/h2><\/div>\r\n\r\n<div id=\"text-block-fe4f99afc04f42094cb642a42da377ba\" class=\"sh-text-block subtitle\">\r\n\t<p>O nosso servi\u00e7o de ticketing contempla, entre outros, os seguintes aspetos:<\/p><\/div>\r\n\r\n<div id=\"text-block-0a7e3bbd0fe46bab4fb10134a3415d23\" class=\"sh-text-block\">\r\n\t<ul><li>Respons\u00e1vel do projeto que presta o servi\u00e7o se suporte funcional y de neg\u00f3cio para definir novas estrat\u00e9gias de comercializa\u00e7\u00e3o, design de produto e melhoria dos processos de venda.<\/li><li>P\u00e1gina web e outras ferramentas de comunica\u00e7\u00e3o com o look &amp; feel da sua marca.<\/li><li>Um backoffice de administra\u00e7\u00e3o onde tem acesso a toda a configura\u00e7\u00e3o e poder\u00e1 gerir o seu recinto de forma aut\u00f3noma.<\/li><li>Integra\u00e7\u00e3o com a nossa rede de distribuidores e de principais fornecedores atrav\u00e9s da nossa API.<\/li><li>Acesso total aos dados atrav\u00e9s do m\u00f3dulo de Reporting.<\/li><li>Sistema de controlo de acessos.<\/li><li>Processo de fatura\u00e7\u00e3o autom\u00e1tica.<\/li><li>Suporte t\u00e9cnico para possiveis incidentes.<\/li><li>M\u00f3dulo pr\u00f3prio de afiliados.<\/li><\/ul><\/div>\r\n\t<\/div>\r\n\r\n\r\n\t\t\r\n\r\n<\/div>\r\n<\/div>\n\n\t<\/div>\r\n<\/section>\r\n\r\n<section class=\"sh-section sh-section-f9998eef692fb064e2ea87fb86b50369 fw-main-row servicios sh-section-visibility-everywhere\">\r\n\t\r\n\t\r\n\t<div class=\"sh-section-container container\">\r\n\t\t<div class=\"fw-row\">\n\t\r\n<div class=\"sh-column sh-column-44c62f70941268f5249ad57206031ea6 fw-col-xs-12 fw-col-sm-8 hidden_icon_desktop\" >\r\n\r\n\t\r\n\t<div class=\"sh-column-wrapper\">\r\n\t\t\n<div id=\"single-image-4207f9d83bb8a1ce24e037a19ddde0ee\" class=\"sh-single-image  \" data-tag=\"\"0\"\" data-extratag=\"\">\n\t<div class=\"sh-element-margin\">\n\t\t\n\t\t\n\t\t\t<div class=\"sh-single-image-container\">\n\t\t\t\t\t\t\t\t\t\n\t\t\t\t\t\t\t\t\t\t\t\t\t<img decoding=\"async\" class=\"sh-image-url\" src=\"https:\/\/clorian.com\/wp-content\/uploads\/2021\/02\/atencion.png\" alt=\"atencion\" \/>\n\t\t\t\t\t\t\t\t\t\t\t\t\t\n\t\t\t\t\t\t\t\t\t\n\t\t\t\t\t\t\t<\/div>\n\n\t\t\n\t<\/div>\n<\/div>\r\n<div id=\"text-block-2d0901c8c0c631adad648507bd8a1e37\" class=\"sh-text-block\">\r\n\t<h2>Servi\u00e7o de Atendimento ao Cliente<\/h2><\/div>\r\n\r\n<div id=\"text-block-07bc73ec97a52f88c1f5de00f8d2456a\" class=\"sh-text-block subtitle\">\r\n\t<p>A Clorian disp\u00f5e de um Customer Service pr\u00f3prio a partir do qual presta um servi\u00e7o personalizado aos nossos clientes.<\/p><\/div>\r\n\r\n<div id=\"text-block-3d1e1d18c521e9419b7f097fb14d7a04\" class=\"sh-text-block\">\r\n\t<ul><li>Disponibilizamos informa\u00e7\u00f5es gerais ao comprador sobre a visita.<\/li><li>Proporcionamos suporte \u00e0 gest\u00e3o de reservas de cliente individuais, grupos ou escolas.<\/li><li>Central digital com correio de voz e outros servi\u00e7os.<\/li><li>Procedimentos operacionais e reporting mensal.<\/li><li>Disponibilizamos um grande leque de idiomas: espanhol, ingl\u00eas, franc\u00eas, italiano, catal\u00e3o, galego e portugu\u00eas.<\/li><li>O servi\u00e7o est\u00e1 dispon\u00edvel 7 dias por semana.<\/li><\/ul><\/div>\r\n\t<\/div>\r\n\r\n\r\n\t\t\r\n\r\n<\/div>\r\n\r\n<div class=\"sh-column sh-column-327b0d182f4512838d32a2063294b6cb fw-col-xs-12 fw-col-sm-4 hidden_mobile\" >\r\n\r\n\t\r\n\t<div class=\"sh-column-wrapper\">\r\n\t\t\n<div id=\"single-image-b0d388cef82eb1da705263d94f62f4ac\" class=\"sh-single-image  \" data-tag=\"\"0\"\" data-extratag=\"\">\n\t<div class=\"sh-element-margin\">\n\t\t\n\t\t\n\t\t\t<div class=\"sh-single-image-container\">\n\t\t\t\t\t\t\t\t\t\n\t\t\t\t\t\t\t\t\t\t\t\t\t<img decoding=\"async\" class=\"sh-image-url\" src=\"https:\/\/clorian.com\/wp-content\/uploads\/2021\/02\/atencion.png\" alt=\"atencion\" \/>\n\t\t\t\t\t\t\t\t\t\t\t\t\t\n\t\t\t\t\t\t\t\t\t\n\t\t\t\t\t\t\t<\/div>\n\n\t\t\n\t<\/div>\n<\/div>\t<\/div>\r\n\r\n\r\n\t\t\r\n\r\n<\/div>\r\n<\/div>\n\n\t<\/div>\r\n<\/section>\r\n\r\n<section class=\"sh-section sh-section-ba25d87e0a8135b8a081280801f2b9fc fw-main-row servicios sh-section-visibility-everywhere\">\r\n\t\r\n\t\r\n\t<div class=\"sh-section-container container\">\r\n\t\t<div class=\"fw-row\">\n\t\r\n<div class=\"sh-column sh-column-fc7f108c97edecf2be9837146fdf1363 fw-col-xs-12 hidden_icon_desktop\" >\r\n\r\n\t\r\n\t<div class=\"sh-column-wrapper\">\r\n\t\t\n<div id=\"single-image-c17d1b9f73a2888d16393828baabb732\" class=\"sh-single-image  \" data-tag=\"\"0\"\" data-extratag=\"\">\n\t<div class=\"sh-element-margin\">\n\t\t\n\t\t\n\t\t\t<div class=\"sh-single-image-container\">\n\t\t\t\t\t\t\t\t\t\n\t\t\t\t\t\t\t\t\t\t\t\t\t<img decoding=\"async\" class=\"sh-image-url\" src=\"https:\/\/clorian.com\/wp-content\/uploads\/2021\/02\/provision.png\" alt=\"provision\" \/>\n\t\t\t\t\t\t\t\t\t\t\t\t\t\n\t\t\t\t\t\t\t\t\t\n\t\t\t\t\t\t\t<\/div>\n\n\t\t\n\t<\/div>\n<\/div>\r\n<div id=\"text-block-9e02f023be222418f7f3f0228dda2b50\" class=\"sh-text-block\">\r\n\t<h2 style=\"text-align: center;\">Fornecimento de hardware<\/h2><\/div>\r\n\r\n<div id=\"text-block-b7b7d18cfee34b3701757a2fe9e6736a\" class=\"sh-text-block subtitle\">\r\n\t<p style=\"text-align: center;\">Fornecemos o hardware necess\u00e1rio para os diferentes pontos de venda f\u00edsicos ou m\u00f3veis, e para os pontos de valida\u00e7\u00e3o e controlo de acessos.<\/p><p style=\"text-align: center;\">Se possui sistema de torniquete para controle de acesso, podemos fazer a integra\u00e7\u00e3o.<\/p><p>&nbsp;<\/p><\/div>\r\n\t<\/div>\r\n\r\n\r\n\t\t\r\n\r\n<\/div>\r\n<\/div>\n\n<div class=\"fw-row\">\n\t\r\n<div class=\"sh-column sh-column-88c84aba8fefd9c6f9448ffa5eda0dc3 fw-col-xs-12 hidden_mobile\" >\r\n\r\n\t\r\n\t<div class=\"sh-column-wrapper\">\r\n\t\t\n<div id=\"single-image-7ba59685ee611af77f51ba64e15e612f\" class=\"sh-single-image  \" data-tag=\"\"0\"\" data-extratag=\"\">\n\t<div class=\"sh-element-margin\">\n\t\t\n\t\t\n\t\t\t<div class=\"sh-single-image-container\">\n\t\t\t\t\t\t\t\t\t\n\t\t\t\t\t\t\t\t\t\t\t\t\t<img decoding=\"async\" class=\"sh-image-url\" src=\"https:\/\/clorian.com\/wp-content\/uploads\/2021\/02\/provision.png\" alt=\"provision\" \/>\n\t\t\t\t\t\t\t\t\t\t\t\t\t\n\t\t\t\t\t\t\t\t\t\n\t\t\t\t\t\t\t<\/div>\n\n\t\t\n\t<\/div>\n<\/div>\t<\/div>\r\n\r\n\r\n\t\t\r\n\r\n<\/div>\r\n<\/div>\n\n\t<\/div>\r\n<\/section>\r\n\r\n<section class=\"sh-section sh-section-378ff7ac8db76a3855627d1a18a3667b fw-main-row servicios sh-section-visibility-everywhere\">\r\n\t\r\n\t\r\n\t<div class=\"sh-section-container container\">\r\n\t\t<div class=\"fw-row\">\n\t\r\n<div class=\"sh-column sh-column-9c63431de2df1397a934bccf61f7fa79 fw-col-xs-12 fw-col-sm-4\" >\r\n\r\n\t\r\n\t<div class=\"sh-column-wrapper\">\r\n\t\t\n<div id=\"single-image-a6256698c6afa024e5293f7e4fe8b5cc\" class=\"sh-single-image  \" data-tag=\"\"0\"\" data-extratag=\"\">\n\t<div class=\"sh-element-margin\">\n\t\t\n\t\t\n\t\t\t<div class=\"sh-single-image-container\">\n\t\t\t\t\t\t\t\t\t\n\t\t\t\t\t\t\t\t\t\t\t\t\t<img decoding=\"async\" class=\"sh-image-url\" src=\"https:\/\/clorian.com\/wp-content\/uploads\/2021\/02\/consultoria.png\" alt=\"consultoria\" \/>\n\t\t\t\t\t\t\t\t\t\t\t\t\t\n\t\t\t\t\t\t\t\t\t\n\t\t\t\t\t\t\t<\/div>\n\n\t\t\n\t<\/div>\n<\/div>\t<\/div>\r\n\r\n\r\n\t\t\r\n\r\n<\/div>\r\n\r\n<div class=\"sh-column sh-column-42c4c9a7aa89424440d6de958372fb9f fw-col-xs-12 fw-col-sm-8\" >\r\n\r\n\t\r\n\t<div class=\"sh-column-wrapper\">\r\n\t\t\r\n<div id=\"text-block-3f02cca01f5ed4f80f893bf452873124\" class=\"sh-text-block\">\r\n\t<h2>Servi\u00e7os de consultoria<\/h2><\/div>\r\n\r\n<div id=\"text-block-184e51a06dac5705644fb4b354f5b92f\" class=\"sh-text-block\">\r\n\t<ul><li>Realizamos projectos de consultoria e assessoria relacionados com o servi\u00e7o de bilh\u00e9tica e tratamento de dados.<\/li><li>Suporte de integra\u00e7\u00e3o com GTM e web analytics.<\/li><li>Integra\u00e7\u00f5es com sistemas CRM (tipo SalesForce).<\/li><li>Servi\u00e7os de contabilidade e fatura\u00e7\u00e3o. Disponibilizamos igualmente integra\u00e7\u00f5es com sistemas de contabilidade.<\/li><li>Suporte, integra\u00e7\u00f5es e ac\u00e7\u00f5es de fideliza\u00e7\u00e3o.<\/li><\/ul><\/div>\r\n\t<\/div>\r\n\r\n\r\n\t\t\r\n\r\n<\/div>\r\n<\/div>\n\n\t<\/div>\r\n<\/section>\r\n\r\n<section class=\"sh-section sh-section-318e1a2a1469845910a54ebe96a8a945 fw-main-row contact-block sh-section-visibility-everywhere\">\r\n\t\t\t<div class=\"sh-section-overlay-318e1a2a1469845910a54ebe96a8a945 sh-section-overlay-front\"><\/div>\r\n\t\r\n\t\r\n\t<div class=\"sh-section-container container-fluid section-justify-height\">\r\n\t\t<div class=\"fw-row\">\n\t\r\n<div class=\"sh-column sh-column-a861f0642aa6be2450d984e864a08974 fw-col-xs-12\" >\r\n\r\n\t\r\n\t<div class=\"sh-column-wrapper\">\r\n\t\t\r\n<div id=\"text-block-58d82c1106ceec996c6d8883e723114e\" class=\"sh-text-block\">\r\n\t<h2 style=\"text-align: center;\">Preparado para melhorar o seu ticketing?<\/h2><\/div>\r\n\t<\/div>\r\n\r\n\r\n\t\t\r\n\r\n<\/div>\r\n<\/div>\n\n<div class=\"fw-row\">\n\t\r\n<div class=\"sh-column sh-column-3e9ed7460be14b70ce0b01d875013fed fw-col-xs-12\" >\r\n\r\n\t\r\n\t<div class=\"sh-column-wrapper\">\r\n\t\t\r\n<div id=\"button-62ea1ff845c69c2a62ca894522631ff8\" class=\"sh-button-container  sh-button-style-1\">\r\n\t<div class=\"sh-element-margin\">\r\n\t\t<a href=\"\/contacto\" target=\"_self\" class=\"sh-button sh-button-medium \">\r\n\r\n\t\t\t\r\n\t\t\t\t\t\t\t<span class=\"sh-button-text\">\r\n\t\t\t\t\tVamos come\u00e7ar a planear?\t\t\t\t<\/span>\r\n\t\t\t\r\n\t\t\t\r\n\t\t<\/a>\r\n\t\t\t<\/div>\r\n<\/div>\r\n\t<\/div>\r\n\r\n\r\n\t\t\r\n\r\n<\/div>\r\n<\/div>\n\n\t<\/div>\r\n<\/section>\r\n<\/p>\n","protected":false},"excerpt":{"rendered":"<p>A Clorian \u00e9 uma empresa de servi\u00e7os de ticketing lider em venda de bilhetes. Disponibilizamos um servi\u00e7o integral, eficiente e dotado das ultimas novidades tecnol\u00f3gicas. Inicio &gt; Servi\u00e7os&nbsp; Servi\u00e7o de Ticketing O nosso servi\u00e7o de ticketing contempla, entre outros, os seguintes aspetos: Respons\u00e1vel do projeto&#8230;<\/p>\n","protected":false},"author":1,"featured_media":0,"parent":0,"menu_order":0,"comment_status":"closed","ping_status":"closed","template":"","meta":{"footnotes":""},"class_list":["post-5937","page","type-page","status-publish","hentry"],"_links":{"self":[{"href":"https:\/\/clorian.com\/pt-pt\/wp-json\/wp\/v2\/pages\/5937","targetHints":{"allow":["GET"]}}],"collection":[{"href":"https:\/\/clorian.com\/pt-pt\/wp-json\/wp\/v2\/pages"}],"about":[{"href":"https:\/\/clorian.com\/pt-pt\/wp-json\/wp\/v2\/types\/page"}],"author":[{"embeddable":true,"href":"https:\/\/clorian.com\/pt-pt\/wp-json\/wp\/v2\/users\/1"}],"replies":[{"embeddable":true,"href":"https:\/\/clorian.com\/pt-pt\/wp-json\/wp\/v2\/comments?post=5937"}],"version-history":[{"count":3,"href":"https:\/\/clorian.com\/pt-pt\/wp-json\/wp\/v2\/pages\/5937\/revisions"}],"predecessor-version":[{"id":6524,"href":"https:\/\/clorian.com\/pt-pt\/wp-json\/wp\/v2\/pages\/5937\/revisions\/6524"}],"wp:attachment":[{"href":"https:\/\/clorian.com\/pt-pt\/wp-json\/wp\/v2\/media?parent=5937"}],"curies":[{"name":"wp","href":"https:\/\/api.w.org\/{rel}","templated":true}]}}