{"id":6668,"date":"2020-06-14T08:45:09","date_gmt":"2020-06-14T08:45:09","guid":{"rendered":"https:\/\/clorian.com\/politica-cookies\/"},"modified":"2025-08-14T11:48:15","modified_gmt":"2025-08-14T09:48:15","slug":"politica-cookies","status":"publish","type":"page","link":"https:\/\/clorian.com\/pt-pt\/politica-cookies\/","title":{"rendered":"Pol\u00edtica de cookies"},"content":{"rendered":"<p>\r\n<section class=\"sh-section sh-section-b62f659550801f2b3ac6ebe2fbab16ac fw-main-row header_title sh-section-visibility-everywhere\">\r\n\t\r\n\t\r\n\t<div class=\"sh-section-container container-fluid\">\r\n\t\t<div class=\"fw-row\">\n\t\r\n<div class=\"sh-column sh-column-b371059a3ca0f5900fff74b894312c3d fw-col-xs-12 container_inner\" >\r\n\r\n\t\r\n\t<div class=\"sh-column-wrapper\">\r\n\t\t\r\n<div id=\"text-block-c6b22414d73863da6629f2434d325f22\" class=\"sh-text-block\">\r\n\t<p><div id=\"breadcrumbs\" class=\"breadcrumb-trail breadcrumbs\"><span class=\"item-home\"><a class=\"bread-link bread-home\" href=\"https:\/\/clorian.com\/pt-pt\/\" title=\"Inicio\">Inicio<\/a><\/span><span class=\"separator\"> &gt; <\/span><span class=\"item-current\"><span class=\"bread-current\">Pol\u00edtica de cookies<\/span><\/span><\/div><\/p><p>&nbsp;<\/p><\/div>\r\n\t<\/div>\r\n\r\n\r\n\t\t\r\n\r\n<\/div>\r\n<\/div>\n\n\t<\/div>\r\n<\/section>\r\n\r\n<section class=\"sh-section sh-section-c95c4a37d57cdf0c41e3253f6e56df50 fw-main-row legal_text sh-section-visibility-everywhere\">\r\n\t\r\n\t\r\n\t<div class=\"sh-section-container container\">\r\n\t\t<div class=\"fw-row\">\n\t\r\n<div class=\"sh-column sh-column-4c25460f03e3281373a6b726c798b3f7 fw-col-xs-12\" >\r\n\r\n\t\r\n\t<div class=\"sh-column-wrapper\">\r\n\t\t\r\n<div id=\"text-block-0558de8379728aed5b68015be80f6654\" class=\"sh-text-block\">\r\n\t<h3><strong><u>1 - O QUE S\u00c3O COOKIES?<\/u><\/strong><\/h3><p>Os cookies s\u00e3o pequenos ficheiros de dados que s\u00e3o recebidos no terminal a partir do s\u00edtio visitado e que s\u00e3o utilizados para registar determinadas interac\u00e7\u00f5es de navega\u00e7\u00e3o num s\u00edtio, armazenando dados que podem ser atualizados e recuperados. Estes ficheiros s\u00e3o armazenados no computador do utilizador e cont\u00eam dados an\u00f3nimos que n\u00e3o s\u00e3o prejudiciais para o computador do utilizador. S\u00e3o utilizados para recordar as prefer\u00eancias do utilizador, como a l\u00edngua selecionada, os dados de acesso ou a personaliza\u00e7\u00e3o da p\u00e1gina.<\/p><p>Os cookies tamb\u00e9m podem ser utilizados para registar informa\u00e7\u00f5es an\u00f3nimas sobre a forma como um visitante utiliza um s\u00edtio. Por exemplo, a partir de que p\u00e1gina Web o utilizador acedeu ou se utilizou uma faixa publicit\u00e1ria para l\u00e1 chegar.<\/p><h3><strong><u>2 - PORQUE \u00c9 QUE UTLIZAMOS COOKIES?<\/u><\/strong><\/h3><p>TIQUETEO SPAIN, SL utiliza cookies que s\u00e3o estritamente necess\u00e1rios e imprescind\u00edveis para a utiliza\u00e7\u00e3o dos nossos s\u00edtios e que lhe permitem mover-se livremente, utilizar \u00e1reas seguras, op\u00e7\u00f5es personalizadas, etc. Al\u00e9m disso, TIQUETEO SPAIN, SL utiliza cookies que recolhem dados relativos \u00e0 an\u00e1lise da utiliza\u00e7\u00e3o do s\u00edtio. Estes s\u00e3o utilizados para ajudar a melhorar o servi\u00e7o ao cliente, medindo a utiliza\u00e7\u00e3o e o desempenho da p\u00e1gina, para a otimizar e personalizar.<\/p><p>Os nossos s\u00edtios tamb\u00e9m podem ter liga\u00e7\u00f5es a redes sociais (como o Facebook ou o Twitter). TIQUETEO SPAIN, SL n\u00e3o controla os cookies utilizados por estes sites externos. Para mais informa\u00e7\u00f5es sobre os cookies das redes sociais ou de outros s\u00edtios externos, aconselhamos que consulte as suas pr\u00f3prias pol\u00edticas de cookies.<\/p><p>Esta p\u00e1gina web utiliza os seguintes cookies<\/p><ul><li>Cookie Google ANALYTICS: O Google ANALYTICS \u00e9 um servi\u00e7o gratuito oferecido pela Google Inc. que recolhe informa\u00e7\u00f5es sobre as p\u00e1ginas Web consultadas, a que horas, qual o navegador Web, etc. Estas informa\u00e7\u00f5es s\u00e3o depois enviadas para os servidores da Google Inc. nos EUA.<\/li><li>Cookies da aplica\u00e7\u00e3o \"Add-this\": Add-this \u00e9 um servi\u00e7o gratuito que lhe permite partilhar p\u00e1ginas deste s\u00edtio Web por diferentes meios (correio eletr\u00f3nico, redes sociais, etc.). Add-this recolhe informa\u00e7\u00f5es estat\u00edsticas sobre a sua navega\u00e7\u00e3o a fim de fornecer publicidade adaptada aos seus h\u00e1bitos de navega\u00e7\u00e3o neste s\u00edtio ou noutro local.<\/li><\/ul><h3><strong><u>3 - QUAL A UTILIZA\u00c7\u00c3O QUE FAZEMOS DOS DIFERENTES TIPOS DE COOKIES?<\/u><\/strong><\/h3><p>De acordo com a sua finalidade:<\/p><ul><li>Cookies t\u00e9cnicos: Os cookies t\u00e9cnicos s\u00e3o aqueles que s\u00e3o essenciais e estritamente necess\u00e1rios para o correto funcionamento de um portal web e para a utiliza\u00e7\u00e3o das diferentes op\u00e7\u00f5es e servi\u00e7os que oferece. Por exemplo, os utilizados para manter a sess\u00e3o, gerir o tempo de resposta, o desempenho ou a valida\u00e7\u00e3o das op\u00e7\u00f5es, utilizar elementos de seguran\u00e7a, partilhar conte\u00fados com as redes sociais, etc.<\/li><\/ul><ul><li>Cookies de personaliza\u00e7\u00e3o: Estes cookies permitem ao utilizador especificar ou personalizar algumas caracter\u00edsticas das op\u00e7\u00f5es gerais do s\u00edtio, por exemplo, definir o idioma, a configura\u00e7\u00e3o regional ou o tipo de navegador.<\/li><li>Cookies anal\u00edticos: Os cookies anal\u00edticos s\u00e3o aqueles utilizados pelo nosso portal web, para elaborar perfis de navega\u00e7\u00e3o e poder conhecer as prefer\u00eancias dos utilizadores do mesmo com o fim de melhorar a oferta de produtos e servi\u00e7os. Por exemplo, um cookie anal\u00edtico seria utilizado para controlar as zonas geogr\u00e1ficas de maior interesse para um utilizador, qual \u00e9 o produto mais popular, etc.<\/li><li>Cookies de publicidade\/publicidade: Os cookies de publicidade permitem a gest\u00e3o de espa\u00e7os publicit\u00e1rios com base em crit\u00e9rios espec\u00edficos. Por exemplo, a frequ\u00eancia de acesso, o conte\u00fado editado, etc. Os cookies publicit\u00e1rios permitem, atrav\u00e9s da gest\u00e3o da publicidade, armazenar informa\u00e7\u00f5es comportamentais atrav\u00e9s da observa\u00e7\u00e3o de h\u00e1bitos, estudando os acessos e formando um perfil das prefer\u00eancias do utilizador, a fim de oferecer publicidade relacionada com os interesses do seu perfil.<\/li><\/ul><p>De acordo com o termo:<\/p><ul><li>Cookies de sess\u00e3o: os cookies de sess\u00e3o s\u00e3o aqueles que duram o tempo que o utilizador est\u00e1 a navegar no website e s\u00e3o eliminados no final.<\/li><li>Cookies persistentes: Estas cookies quedan almacenadas en el terminal del usuario, por un tiempo m\u00e1s largo, facilitando as\u00ed el control de las preferencias elegidas sin tener que repetir ciertos par\u00e1metros cada vez que se visite el sitio web.<\/li><\/ul><p><strong><u>COOKIES PROPIAS EN USO:<\/u><\/strong><\/p><p>Alguns dos seguintes cookies foram permitidos ao visitar esta p\u00e1gina web:<\/p><table><tbody><tr><td width=\"109\"><strong>\u00a0<\/strong><\/p><p><strong>DOM\u00cdNIO<\/strong><\/td><td width=\"199\">&nbsp;<\/p><p><strong>COOKIE<\/strong><\/td><td width=\"77\">&nbsp;<\/p><p><strong>EMPRESA<\/strong><\/td><td width=\"99\">&nbsp;<\/p><p><strong>FUN\u00c7\u00c3O<\/strong><\/td><td width=\"87\">&nbsp;<\/p><p><strong>EXPIRA\u00c7\u00c3O<\/strong><\/td><\/tr><tr><td rowspan=\"3\" width=\"109\"><strong>jclorian<\/strong><\/td><td width=\"199\">_ga<\/p><p>&nbsp;<\/td><td width=\"77\">Google<\/td><td width=\"99\">Analytics<\/td><td width=\"87\">2 anos<\/td><\/tr><tr><td width=\"199\">_gat<\/td><td width=\"77\"><\/td><td width=\"99\">Analytics<\/td><td width=\"87\">2 anos<\/td><\/tr><tr><td width=\"199\">_gid<\/td><td width=\"77\"><\/td><td width=\"99\">Analytics<\/td><td width=\"87\">Sess\u00e3o<\/td><\/tr><tr><td width=\"109\"><strong>\u00a0<\/strong><\/td><td width=\"199\">_utma<\/td><td width=\"77\"><\/td><td width=\"99\">Analytics<\/td><td width=\"87\">Persistente<\/td><\/tr><tr><td width=\"109\"><strong>\u00a0<\/strong><\/td><td width=\"199\">_utmb<\/td><td width=\"77\"><\/td><td width=\"99\">Analytics<\/td><td width=\"87\">Persistente<\/td><\/tr><tr><td width=\"109\"><strong>\u00a0<\/strong><\/td><td width=\"199\">_utmc<\/td><td width=\"77\"><\/td><td width=\"99\">Analytics<\/td><td width=\"87\">Persistente<\/td><\/tr><tr><td width=\"109\"><strong>\u00a0<\/strong><\/td><td width=\"199\">_utmt<\/td><td width=\"77\"><\/td><td width=\"99\">Analytics<\/td><td width=\"87\">Persistente<\/td><\/tr><tr><td width=\"109\"><strong>\u00a0<\/strong><\/td><td width=\"199\">utmv<\/td><td width=\"77\"><\/td><td width=\"99\">Analytics<\/td><td width=\"87\">Persistente<\/td><\/tr><\/tbody><\/table><p>&nbsp;<\/p><p><strong><u>COOKIES EXTERNAS EN USO:<\/u><\/strong><\/p><table><tbody><tr><td width=\"109\"><strong>\u00a0<\/strong><\/p><p><strong>DOM\u00cdNIO<\/strong><\/td><td width=\"199\">&nbsp;<\/p><p><strong>COOKIE<\/strong><\/td><td width=\"77\">&nbsp;<\/p><p><strong>EMPRESA<\/strong><\/td><td width=\"99\">&nbsp;<\/p><p><strong>FUN\u00c7\u00c3O<\/strong><\/td><td width=\"87\">&nbsp;<\/p><p><strong>EXPIRA\u00c7\u00c3O<\/strong><\/td><\/tr><tr><td rowspan=\"2\" width=\"109\"><strong>doubleclick<\/strong><\/td><td width=\"199\">IDE<\/p><p>&nbsp;<\/td><td width=\"77\">Google<\/td><td width=\"99\">Publicidade<\/td><td width=\"87\">2 anos<\/td><\/tr><tr><td width=\"199\">DSID<\/td><td width=\"77\"><\/td><td width=\"99\">Publicidade<\/td><td width=\"87\">2 anos<\/td><\/tr><tr><td width=\"109\">GOOGLE<\/td><td width=\"199\">1P_JAR<\/td><td width=\"77\"><\/td><td width=\"99\">Publicidade<\/td><td width=\"87\">7 dias<\/td><\/tr><tr><td width=\"109\"><\/td><td width=\"199\">APISID<\/td><td width=\"77\"><\/td><td width=\"99\">T\u00e9cnica<\/td><td width=\"87\">2 anos<\/td><\/tr><tr><td width=\"109\"><\/td><td width=\"199\">CONSENT<\/td><td width=\"77\"><\/td><td width=\"99\">T\u00e9cnica<\/td><td width=\"87\">Permanente<\/td><\/tr><tr><td width=\"109\"><\/td><td width=\"199\">SAPISID<\/td><td width=\"77\"><\/td><td width=\"99\">T\u00e9cnica<\/td><td width=\"87\">2 anos<\/td><\/tr><tr><td width=\"109\"><\/td><td width=\"199\">SID<\/td><td width=\"77\"><\/td><td width=\"99\">T\u00e9cnica<\/td><td width=\"87\">2 anos<\/td><\/tr><\/tbody><\/table><p>&nbsp;<\/p><h3><strong><u>4 - PORQUE PRECISAMOS DO SEU CONSENTIMIENTO EXPL\u00cdCITO PARA OS UTILIZAR?<\/u><\/strong><\/h3><ul><li><strong><u>Acordao da Grande Sec\u00e7\u00e3o do Tribunal de Justi\u00e7a da Uni\u00e3o Europeia de 1 de outubro de 2019.<\/u><\/strong><\/li><\/ul><p>O ac\u00f3rd\u00e3o da Grande Sec\u00e7\u00e3o do Tribunal de Justi\u00e7a da Uni\u00e3o Europeia, de 1 de outubro de 2019, deve ser interpretado no sentido de que o consentimento n\u00e3o \u00e9 validamente dado quando o armazenamento de informa\u00e7\u00f5es, ou o acesso a informa\u00e7\u00f5es j\u00e1 armazenadas no equipamento terminal do utilizador de uma p\u00e1gina web, atrav\u00e9s de cookies \u00e9 autorizado atrav\u00e9s de uma caixa assinalada por defeito, da qual o utilizador tem de retirar a marca caso pretenda recusar a sua utiliza\u00e7\u00e3o. Neste sentido, a autoriza\u00e7\u00e3o deve basear-se numa aceita\u00e7\u00e3o expl\u00edcita ou numa recusa igual por parte do utilizador.<\/p><p>Esta interpreta\u00e7\u00e3o n\u00e3o pode variar consoante as informa\u00e7\u00f5es armazenadas ou consultadas no terminal do utilizador de uma p\u00e1gina web sejam ou n\u00e3o constitu\u00eddas por dados pessoais.<\/p><p>A Grande Sec\u00e7\u00e3o do Tribunal de Justi\u00e7a da Uni\u00e3o Europeia prev\u00ea igualmente neste ac\u00f3rd\u00e3o que as informa\u00e7\u00f5es que o prestador de servi\u00e7os deve fornecer ao utilizador de uma p\u00e1gina web devem incluir o per\u00edodo de tempo durante o qual os cookies permanecer\u00e3o activos e a possibilidade de terceiros acederem \u00e0s informa\u00e7\u00f5es que armazenam. Esta exig\u00eancia consta da vers\u00e3o alterada da Diretiva 2009\/136, que altera o artigo 5.\u00ba, n.\u00ba 3, da Diretiva 2002\/58\/UE.<\/p><p>No que diz respeito \u00e0 possibilidade de o utilizador poder recusar a utiliza\u00e7\u00e3o de cookies, deve ter em conta que, se recusar ou apagar os cookies de navega\u00e7\u00e3o na Web, n\u00e3o poderemos manter as suas prefer\u00eancias, algumas funcionalidades das p\u00e1ginas n\u00e3o estar\u00e3o operacionais, n\u00e3o poderemos oferecer-lhe servi\u00e7os personalizados e, cada vez que navegar no nossa p\u00e1gina web, teremos de lhe pedir novamente a sua autoriza\u00e7\u00e3o para utilizar cookies.<\/p><p>Se, mesmo assim, decidir modificar a configura\u00e7\u00e3o do seu acesso a p\u00e1gina web deve saber que \u00e9 poss\u00edvel eliminar os cookies ou impedir que estas informa\u00e7\u00f5es sejam registadas no seu computador em qualquer momento, modificando os par\u00e2metros de configura\u00e7\u00e3o do seu navegador:<\/p><ul><li><a href=\"https:\/\/support.microsoft.com\/es-es\/help\/17442\/windows-internet-explorer-delete-manage-cookies\">Defini\u00e7\u00f5es de cookies de Internet Explorer.<\/a><\/li><li><a href=\"https:\/\/support.mozilla.org\/es\/kb\/habilitar-y-deshabilitar-cookies-sitios-web-rastrear-preferencias\">Defini\u00e7\u00f5es de cookies de Firefox.<\/a><\/li><li><a href=\"https:\/\/support.google.com\/chrome\/answer\/95647?co=GENIE.Platform%3DDesktop&amp;hl=es-419\">Defini\u00e7\u00f5es de cookies de Google Chrome.<\/a><\/li><li><a href=\"https:\/\/support.apple.com\/es-es\/guide\/safari\/sfri11471\/mac\">Defini\u00e7\u00f5es de cookies de Safari.<\/a><\/li><\/ul><p>Estes navegadores est\u00e3o sujeitos a altera\u00e7\u00f5es ou modifica\u00e7\u00f5es, pelo que n\u00e3o podemos garantir que estejam completamente ajustados \u00e0 vers\u00e3o do seu navegador. Tamb\u00e9m pode estar a utilizar outro navegador n\u00e3o abrangido por estas liga\u00e7\u00f5es, como o Konqueror, Arora, Flock, etc. Para evitar estas incompatibilidades, pode aceder-lhes diretamente a partir das op\u00e7\u00f5es do seu navegador, que se encontram normalmente no menu Op\u00e7\u00f5es, na sec\u00e7\u00e3o \"Privacidade\". (Para mais informa\u00e7\u00f5es, consulte a ajuda do seu navegador).<\/p><h3><strong><u>5 - ONDE POSSO OBTER MAIS INFORMA\u00c7\u00d5ES?<\/u><\/strong><\/h3><p>Pode encontrar mais informa\u00e7\u00f5es sobre cookies em:<\/p><p><a href=\"https:\/\/www.allaboutcookies.org\/\">\u00a0www.allaboutcookies.org<\/a> ou <a href=\"https:\/\/www.youronlinechoices.com\/\">www.youronlinechoices.eu<\/a>.<\/p><\/div>\r\n\t<\/div>\r\n\r\n\r\n\t\t\r\n\r\n<\/div>\r\n<\/div>\n\n\t<\/div>\r\n<\/section>\r\n<\/p>\n","protected":false},"excerpt":{"rendered":"<p>Inicio &gt; Pol\u00edtica de cookies&nbsp; 1 &#8211; O QUE S\u00c3O COOKIES?Os cookies s\u00e3o pequenos ficheiros de dados que s\u00e3o recebidos no terminal a partir do s\u00edtio visitado e que s\u00e3o utilizados para registar determinadas interac\u00e7\u00f5es de navega\u00e7\u00e3o num s\u00edtio, armazenando dados que podem ser atualizados&#8230;<\/p>\n","protected":false},"author":1,"featured_media":0,"parent":0,"menu_order":0,"comment_status":"closed","ping_status":"closed","template":"","meta":{"footnotes":""},"class_list":["post-6668","page","type-page","status-publish","hentry"],"_links":{"self":[{"href":"https:\/\/clorian.com\/pt-pt\/wp-json\/wp\/v2\/pages\/6668","targetHints":{"allow":["GET"]}}],"collection":[{"href":"https:\/\/clorian.com\/pt-pt\/wp-json\/wp\/v2\/pages"}],"about":[{"href":"https:\/\/clorian.com\/pt-pt\/wp-json\/wp\/v2\/types\/page"}],"author":[{"embeddable":true,"href":"https:\/\/clorian.com\/pt-pt\/wp-json\/wp\/v2\/users\/1"}],"replies":[{"embeddable":true,"href":"https:\/\/clorian.com\/pt-pt\/wp-json\/wp\/v2\/comments?post=6668"}],"version-history":[{"count":3,"href":"https:\/\/clorian.com\/pt-pt\/wp-json\/wp\/v2\/pages\/6668\/revisions"}],"predecessor-version":[{"id":10463,"href":"https:\/\/clorian.com\/pt-pt\/wp-json\/wp\/v2\/pages\/6668\/revisions\/10463"}],"wp:attachment":[{"href":"https:\/\/clorian.com\/pt-pt\/wp-json\/wp\/v2\/media?parent=6668"}],"curies":[{"name":"wp","href":"https:\/\/api.w.org\/{rel}","templated":true}]}}