{"id":6669,"date":"2020-04-28T14:33:16","date_gmt":"2020-04-28T14:33:16","guid":{"rendered":"https:\/\/clorian.com\/politica-privacidad\/"},"modified":"2025-08-14T11:53:48","modified_gmt":"2025-08-14T09:53:48","slug":"politica-privacidad","status":"publish","type":"page","link":"https:\/\/clorian.com\/pt-pt\/politica-privacidad\/","title":{"rendered":"Pol\u00edtica de privacidade"},"content":{"rendered":"<p>\r\n<section class=\"sh-section sh-section-c84bf8bd8ea24e3f9e10cf7b04537d82 fw-main-row header_title sh-section-visibility-everywhere\">\r\n\t\r\n\t\r\n\t<div class=\"sh-section-container container-fluid\">\r\n\t\t<div class=\"fw-row\">\n\t\r\n<div class=\"sh-column sh-column-dee342c786194847debb144e842e16c2 fw-col-xs-12 container_inner\" >\r\n\r\n\t\r\n\t<div class=\"sh-column-wrapper\">\r\n\t\t\r\n<div id=\"text-block-db4c4475275e3bb8d1f2d547de7b4fae\" class=\"sh-text-block\">\r\n\t<p><div id=\"breadcrumbs\" class=\"breadcrumb-trail breadcrumbs\"><span class=\"item-home\"><a class=\"bread-link bread-home\" href=\"https:\/\/clorian.com\/pt-pt\/\" title=\"Inicio\">Inicio<\/a><\/span><span class=\"separator\"> &gt; <\/span><span class=\"item-current\"><span class=\"bread-current\">Pol\u00edtica de privacidade<\/span><\/span><\/div><\/p><\/div>\r\n\t<\/div>\r\n\r\n\r\n\t\t\r\n\r\n<\/div>\r\n<\/div>\n\n\t<\/div>\r\n<\/section>\r\n\r\n<section class=\"sh-section sh-section-95c11961bb3db6600e693a3fa017c564 fw-main-row legal_text sh-section-visibility-everywhere\">\r\n\t\r\n\t\r\n\t<div class=\"sh-section-container container\">\r\n\t\t<div class=\"fw-row\">\n\t\r\n<div class=\"sh-column sh-column-bce866ea43e3be4344a67f1c56b0d56a fw-col-xs-12\" >\r\n\r\n\t\r\n\t<div class=\"sh-column-wrapper\">\r\n\t\t\r\n<div id=\"text-block-531719c3763b1ed79fd6a820ef4d3d5b\" class=\"sh-text-block\">\r\n\t<h3>1. POL\u00cdTICA DE LIGA\u00c7\u00d5ES E EXONERA\u00c7\u00c3O DE RESPONSABILIDADE<\/h3><p>TIQUETEO SPAIN SL n\u00e3o se responsabiliza pelo conte\u00fado das p\u00e1ginas web a que o utilizador possa aceder atrav\u00e9s das liga\u00e7\u00f5es estabelecidas nos seus s\u00edtios web e declara que, em caso algum, examinar\u00e1 ou exercer\u00e1 qualquer tipo de controlo sobre o conte\u00fado de outras p\u00e1ginas da rede.<\/p><p>Do mesmo modo, n\u00e3o garante a disponibilidade t\u00e9cnica, exatid\u00e3o, veracidade, validade ou legalidade das p\u00e1ginas alheias \u00e0 sua propriedade \u00e0s quais se possa aceder atrav\u00e9s das liga\u00e7\u00f5es.<\/p><p><span style=\"font-weight: 400;\">TIQUETEO SPAIN SL declara que adotou todas as medidas necess\u00e1rias para evitar qualquer dano que possa derivar da navega\u00e7\u00e3o nas suas p\u00e1ginas web. Por conseguinte, a TIQUETEO SPAIN SL n\u00e3o \u00e9 respons\u00e1vel, em caso algum, pelos danos que o utilizador possa sofrer como consequ\u00eancia da navega\u00e7\u00e3o na Internet.<\/span><\/p><p>A TIQUETEO SPAIN SL n\u00e3o se responsabiliza pelos danos e preju\u00edzos de qualquer natureza causados ao Utilizador como consequ\u00eancia de falhas ou desconex\u00f5es nas redes de telecomunica\u00e7\u00f5es que provoquem a suspens\u00e3o, cancelamento, instala\u00e7\u00e3o ou interrup\u00e7\u00e3o do servi\u00e7o web durante ou antes da presta\u00e7\u00e3o do mesmo.<\/p><p>Acesso ao site: www.clorian.com n\u00e3o implica qualquer obriga\u00e7\u00e3o por parte da empresa de controlar a aus\u00eancia de v\u00edrus ou qualquer outro elemento inform\u00e1tico prejudicial. \u00c9 da responsabilidade do Utilizador, em qualquer caso, assegurar a disponibilidade de ferramentas adequadas para a dete\u00e7\u00e3o e desinfe\u00e7\u00e3o de programas inform\u00e1ticos nocivos.<\/p><p>TIQUETEO SPAIN SL n\u00e3o se responsabiliza por quaisquer danos causados aos equipamentos inform\u00e1ticos, documentos e\/ou ficheiros dos Utilizadores ou de terceiros durante a presta\u00e7\u00e3o do servi\u00e7o no Portal.<\/p><h3>2. PUBLICIDADE<\/h3><p>O s\u00edtio Web: www.clorian.com pode alojar publicidade ou conte\u00fados patrocinados. Os anunciantes ou patrocinadores s\u00e3o os \u00fanicos respons\u00e1veis por garantir que o material enviado para inclus\u00e3o no s\u00edtio Web cumpre as leis que possam ser aplic\u00e1veis em cada caso.<\/p><p>TIQUETEO SPAIN SL n\u00e3o ser\u00e1 respons\u00e1vel por qualquer erro, inexatid\u00e3o ou irregularidade que possam conter os conte\u00fados publicit\u00e1rios ou os patrocinadores.<\/p><h3>3. MODIFICA\u00c7\u00d5ES<\/h3><p><strong>TIQUETEO SPAIN SL<\/strong> se reserva el derecho a realizar las modificaciones que considere oportunas, sin aviso previo, en el contenido de sus sitios web, tanto en cuanto a los contenidos de los sitios web como por sus condiciones de uso o por las condiciones generales de contrataci\u00f3n. Dichas modificaciones podr\u00e1n realizarse, a trav\u00e9s de sus sitios web, de cualquier forma admisible en derecho y ser\u00e1n de obligado cumplimiento durante el tiempo que est\u00e9n publicadas en la web y hasta que no sean modificadas por otras posteriores.<\/p><h3>4. RESERVA DE COOKIES<\/h3><p>A TIQUETEO SPAIN SL reserva-se o direito de utilizar cookies na navega\u00e7\u00e3o do utilizador atrav\u00e9s das suas p\u00e1ginas web para facilitar a personaliza\u00e7\u00e3o e comodidade da navega\u00e7\u00e3o. Seguindo a pol\u00edtica de prote\u00e7\u00e3o de dados da empresa, TIQUETEO SPAIN SL informa que os cookies est\u00e3o associados ao utilizador an\u00f3nimo e ao seu computador e n\u00e3o fornecem por si s\u00f3 o nome ou apelido do utilizador.<\/p><p>O utilizador tem a possibilidade de configurar o seu navegador para que seja informado da rece\u00e7\u00e3o de cookies, podendo, se assim o desejar, impedir a sua instala\u00e7\u00e3o no seu disco r\u00edgido. No entanto, para aceder aos sites da TIQUETEO SPAIN SL, a instala\u00e7\u00e3o de cookies n\u00e3o \u00e9 obrigat\u00f3ria.<\/p><p>O utilizador compromete-se a n\u00e3o reproduzir, copiar, distribuir, colocar \u00e0 disposi\u00e7\u00e3o ou de qualquer outra forma comunicar publicamente, transformar ou modificar os Conte\u00fados, exceto se tiver a autoriza\u00e7\u00e3o do titular dos direitos correspondentes ou se for legalmente permitido.<\/p><h3>5. PROTEC\u00c7\u00c3O DE DADOS PESSOAIS<\/h3><p>De acordo com as disposi\u00e7\u00f5es da Lei Org\u00e2nica e do Regulamento Geral UE-2016\/679 do Parlamento Europeu e do Conselho da Europa sobre a Prote\u00e7\u00e3o de Dados Pessoais, aprovado em 27 de abril de 2016, TIQUETEO SPAIN SL informa os utilizadores dos seus sites que somos obrigados a manter o sigilo profissional sobre os dados pessoais recolhidos pela empresa atrav\u00e9s dos formul\u00e1rios localizados nas suas p\u00e1ginas, esta obriga\u00e7\u00e3o continuar\u00e1 mesmo ap\u00f3s o fim da nossa rela\u00e7\u00e3o comercial ou contratual, e em nenhum caso poderemos tornar p\u00fablicos os dados pessoais dos visitantes e clientes da web sem o seu consentimento. As crian\u00e7as com menos de 14 anos n\u00e3o podem dar o seu consentimento para que uma empresa recolha e trate os seus dados pessoais; apenas os seus representantes legais (pais ou tutores) o podem fazer em seu nome. As empresas que necessitem de tratar dados de menores de 14 anos devem dispor de meios para obter o consentimento dos pais ou tutores, por exemplo, atrav\u00e9s de uma mensagem de correio eletr\u00f3nico dirigida a um deles com uma liga\u00e7\u00e3o para um formul\u00e1rio eletr\u00f3nico. N\u00e3o podem ser solicitados dados familiares a crian\u00e7as com menos de 14 anos, sendo a \u00fanica exce\u00e7\u00e3o a identifica\u00e7\u00e3o e os dados de contacto dos pais ou tutores.<\/p><p>Estes dados ser\u00e3o introduzidos num ficheiro automatizado sob a responsabilidade do administrador da web, TIQUETEO SPAIN SL, a fim de facilitar, agilizar e cumprir os compromissos estabelecidos entre as duas partes. Da mesma forma, TIQUETEO SPAIN SL informa sobre a possibilidade de exercer os direitos de acesso, que permite ao usu\u00e1rio da web saber quais dados pessoais o administrador desta p\u00e1gina possui e, neste caso, responder\u00e1 dentro de 30 dias, desde que os dados sejam mantidos, retifica\u00e7\u00e3o, que permite corrigir erros, modificar dados imprecisos ou incompletos e garantir a precis\u00e3o das informa\u00e7\u00f5es, oposi\u00e7\u00e3o que pode solicitar e n\u00e3o realizar o processamento de dados, supress\u00e3o, que permite eliminar os dados inadequados ou excessivos, limita\u00e7\u00e3o, que permite solicitar que o tratamento dos seus dados seja limitado quando tiver exercido o seu direito \u00e0 retifica\u00e7\u00e3o dos seus dados pessoais, e portabilidade, para que o utilizador possa obter uma c\u00f3pia dos dados pessoais facultados no site para poder transmiti-los a outros servi\u00e7os. Estes direitos podem ser exercidos por qualquer meio que deixe registo do seu envio e rece\u00e7\u00e3o para o endere\u00e7o VENE\u00c7UELA 103, 3\u00ba 1\u00aa. C\u00f3digo Postal: 08019. Cidade: BARCELONA. Prov\u00edncia: Barcelona. Correio eletr\u00f3nico: fcano@clorian.com, fornecendo uma fotoc\u00f3pia do seu bilhete de identidade ou outro documento que comprove a sua identidade.<\/p><p>A menos que nos informe do contr\u00e1rio, entenderemos que os seus dados n\u00e3o foram modificados, que se compromete a notificar-nos de qualquer varia\u00e7\u00e3o e que temos o seu consentimento para os utilizar a fim de podermos manter a rela\u00e7\u00e3o entre as partes.<\/p><p>O envio dos seus dados atrav\u00e9s do(s) formul\u00e1rio(s) do nosso site estar\u00e1 sujeito \u00e0 sua leitura\/aceita\u00e7\u00e3o da Pol\u00edtica de Privacidade, atrav\u00e9s de uma caixa de verifica\u00e7\u00e3o obrigat\u00f3ria na parte inferior do formul\u00e1rio.<\/p><p>Em conformidade com o disposto na Lei 34\/2002, de Servi\u00e7os da Sociedade da Informa\u00e7\u00e3o e do Com\u00e9rcio Eletr\u00f3nico, no seu artigo 21, solicitamos o seu consentimento para podermos enviar comunica\u00e7\u00f5es publicit\u00e1rias que consideremos possam ser do seu interesse, por correio eletr\u00f3nico ou por qualquer outro meio de comunica\u00e7\u00e3o eletr\u00f3nica equivalente, consentimento esse que ser\u00e1 aceite ou recusado com uma caixa de verifica\u00e7\u00e3o obrigat\u00f3ria na parte inferior do formul\u00e1rio.<\/p><h3>6. PROPIEDADE INTELECTUAL<\/h3><p>Os direitos de propriedade intelectual e industrial derivados de todos os textos, imagens, bem como os meios e formas de apresenta\u00e7\u00e3o e montagem das suas p\u00e1ginas pertencem, por si ou como cession\u00e1rio, \u00e0 TIQUETEO SPAIN SL. S\u00e3o, portanto, obras protegidas pela propriedade intelectual pelo ordenamento jur\u00eddico espanhol e podem ser aplicadas tanto as normas espanholas e comunit\u00e1rias neste dom\u00ednio, como os tratados internacionais relacionados com a mat\u00e9ria e assinados por Espanha.<\/p><p>Todos os direitos reservados. Em conformidade com a Lei de Propriedade Intelectual, \u00e9 expressamente proibida a reprodu\u00e7\u00e3o, distribui\u00e7\u00e3o, comunica\u00e7\u00e3o p\u00fablica e utiliza\u00e7\u00e3o de todo ou parte do conte\u00fado das suas p\u00e1ginas web sem o consentimento expl\u00edcito da TIQUETEO SPAIN SL.<\/p><p>Da mesma forma, TIQUETEO SPAIN SL reserva-se o direito de exercer as a\u00e7\u00f5es civis ou penais que considere oportunas pelo uso indevido das suas p\u00e1ginas web e dos seus conte\u00fados ou pelo incumprimento das presentes condi\u00e7\u00f5es.<\/p><h3>7. SELOS DE CONFIAN\u00c7A<\/h3><p>Os selos de confian\u00e7a s\u00e3o r\u00f3tulos atribu\u00eddos \u00e0s lojas em linha para demonstrar a sua qualidade e seguran\u00e7a nas vendas em linha.<\/p><p>Para obterem o selo, s\u00e3o auditadas ou avaliadas para verificar se cumprem os crit\u00e9rios de seguran\u00e7a nas compras e de conformidade legal em termos de privacidade e prote\u00e7\u00e3o dos dados dos consumidores.<\/p><p>As lojas com uma marca de confian\u00e7a aderem a um c\u00f3digo de conduta e, normalmente, oferecem aos consumidores procedimentos alternativos de resolu\u00e7\u00e3o de lit\u00edgios simples, r\u00e1pidos e c\u00f3modos.<\/p><h3>8. CERTIFICADOS DE CONFORMIDADE COM A LSSI-CE E A PROTEC\u00c7\u00c3O DE DADOS<\/h3><p>O site www.clorian.com cumpre a normativa de Prote\u00e7\u00e3o de Dados em vigor e a LSSI-CE, tendo sido assessorado sobre esta normativa pelo GRUPO QUALIA, pelo que lhe foram atribu\u00eddos certificados em formato de imagem digital para que os possa exibir no seu site.<\/p><h3>9. A\u00c7\u00d5ES JUDICIAIS, LEGISLA\u00c7\u00c3O APLIC\u00c1VEL E JURISDI\u00c7\u00c3O<\/h3><p>A rela\u00e7\u00e3o entre o utilizador e a TIQUETEO SPAIN SL ser\u00e1 regida pela legisla\u00e7\u00e3o espanhola em vigor e ser\u00e3o competentes para decidir qualquer lit\u00edgio que possa surgir entre o utilizador e a TIQUETEO SPAIN SL nos tribunais da cidade de BARCELONA.<\/p><\/div>\r\n\t<\/div>\r\n\r\n\r\n\t\t\r\n\r\n<\/div>\r\n<\/div>\n\n\t<\/div>\r\n<\/section>\r\n<\/p>\n","protected":false},"excerpt":{"rendered":"<p>Inicio &gt; Pol\u00edtica de privacidade 1. POL\u00cdTICA DE LIGA\u00c7\u00d5ES E EXONERA\u00c7\u00c3O DE RESPONSABILIDADETIQUETEO SPAIN SL n\u00e3o se responsabiliza pelo conte\u00fado das p\u00e1ginas web a que o utilizador possa aceder atrav\u00e9s das liga\u00e7\u00f5es estabelecidas nos seus s\u00edtios web e declara que, em caso algum, examinar\u00e1 ou&#8230;<\/p>\n","protected":false},"author":1,"featured_media":0,"parent":0,"menu_order":0,"comment_status":"closed","ping_status":"open","template":"","meta":{"footnotes":""},"class_list":["post-6669","page","type-page","status-publish","hentry"],"_links":{"self":[{"href":"https:\/\/clorian.com\/pt-pt\/wp-json\/wp\/v2\/pages\/6669","targetHints":{"allow":["GET"]}}],"collection":[{"href":"https:\/\/clorian.com\/pt-pt\/wp-json\/wp\/v2\/pages"}],"about":[{"href":"https:\/\/clorian.com\/pt-pt\/wp-json\/wp\/v2\/types\/page"}],"author":[{"embeddable":true,"href":"https:\/\/clorian.com\/pt-pt\/wp-json\/wp\/v2\/users\/1"}],"replies":[{"embeddable":true,"href":"https:\/\/clorian.com\/pt-pt\/wp-json\/wp\/v2\/comments?post=6669"}],"version-history":[{"count":4,"href":"https:\/\/clorian.com\/pt-pt\/wp-json\/wp\/v2\/pages\/6669\/revisions"}],"predecessor-version":[{"id":10464,"href":"https:\/\/clorian.com\/pt-pt\/wp-json\/wp\/v2\/pages\/6669\/revisions\/10464"}],"wp:attachment":[{"href":"https:\/\/clorian.com\/pt-pt\/wp-json\/wp\/v2\/media?parent=6669"}],"curies":[{"name":"wp","href":"https:\/\/api.w.org\/{rel}","templated":true}]}}